{"id":4538,"date":"2021-03-28T19:04:15","date_gmt":"2021-03-28T17:04:15","guid":{"rendered":"https:\/\/www.nzzone.ch\/impressum\/"},"modified":"2023-07-27T14:21:20","modified_gmt":"2023-07-27T12:21:20","slug":"impressum","status":"publish","type":"page","link":"https:\/\/www.nzzone.ch\/en\/impressum\/","title":{"rendered":"Impressum"},"content":{"rendered":"<p>[vc_row full_width=&#8221;stretch_row&#8221; el_class=&#8221;header-container&#8221; css=&#8221;.vc_custom_1616949841277{background-image: url(https:\/\/www.nzzone.ch\/wp-content\/uploads\/2021\/01\/bitmap.jpg?id=28) !important;background-position: center !important;background-repeat: no-repeat !important;background-size: cover !important;}&#8221;][vc_column][vc_row_inner][vc_column_inner offset=&#8221;vc_hidden-sm vc_hidden-xs&#8221;][vc_empty_space height=&#8221;100px&#8221;][\/vc_column_inner][\/vc_row_inner][\/vc_column][\/vc_row][vc_row][vc_column][vc_empty_space][\/vc_column][\/vc_row][vc_row][vc_column width=&#8221;1\/5&#8243;][vc_column_text]<\/p>\n<h3>Impressum<\/h3>\n<p>[\/vc_column_text][\/vc_column][vc_column width=&#8221;3\/6&#8243;][vc_column_text]<\/p>\n<h4>Content responsibility<\/h4>\n<p>Marketing NZZone<\/p>\n<p>Neue Z\u00fcrcher Zeitung AG<br \/>\nFalkenstrasse 11<br \/>\nCH-8021 Zurich<br \/>\n<a href=\"mailto:marketing@nzzone.ch\">marketing@nzzone.ch<\/a><br \/>\n<a href=\"https:\/\/www.nzzone.ch\/en\/\" target=\"_blank\" rel=\"noopener noreferrer\">www.nzzone.ch<\/a>[\/vc_column_text][vc_column_text]<\/p>\n<h4>Technical realisation<\/h4>\n<p>Pixel Plus AG<br \/>\nVulkanstrasse 110c<br \/>\n8048 Zurich<br \/>\n<a href=\"https:\/\/www.pixel-plus.ch\" target=\"_blank\" rel=\"noopener noreferrer\">www.pixel-plus.ch<\/a><\/p>\n<p>&nbsp;<\/p>\n<p>All rights reserved.<\/p>\n<p>\u00a9 NZZone[\/vc_column_text][\/vc_column][vc_column width=&#8221;3\/12&#8243;][\/vc_column][\/vc_row][vc_row][vc_column]<div class=\"templatera_shortcode\"><div data-vc-full-width=\"true\" data-vc-full-width-init=\"false\" class=\"vc_row wpb_row vc_row-fluid vc_custom_1616661782887 vc_row-has-fill\"><div class=\"wpb_column vc_column_container vc_col-sm-12\"><div class=\"vc_column-inner\"><div class=\"wpb_wrapper\"><div class=\"vc_row wpb_row vc_inner vc_row-fluid\"><div class=\"wpb_column vc_column_container vc_col-sm-1\/5\"><div class=\"vc_column-inner\"><div class=\"wpb_wrapper\"><\/div><\/div><\/div><div class=\"wpb_column vc_column_container vc_col-sm-6\"><div class=\"vc_column-inner\"><div class=\"wpb_wrapper\"><div class=\"vc_empty_space\"   style=\"height: 32px\"><span class=\"vc_empty_space_inner\"><\/span><\/div>\n\t<div class=\"wpb_text_column wpb_content_element \" >\n\t\t<div class=\"wpb_wrapper\">\n\t\t\t<h3>Newsletter-Anmeldung<\/h3>\n<p>Mit dem NZZone Newsletter informieren wir regelm\u00e4ssig \u00fcber unsere Aktivit\u00e4ten und Neuheiten.<\/p>\n\n\t\t<\/div>\n\t<\/div>\n<style>.vc_btn3-style-gradient-custom.vc_btn-gradient-btn-69f5bc2e1a5c8:hover{color: #ffffff;background-color: #a36552;border: none;background-position: 100% 0;}<\/style><style>.vc_btn3-style-gradient-custom.vc_btn-gradient-btn-69f5bc2e1a5c8{color: #ffffff;border: none;background-color: #a36552;background-image: -webkit-linear-gradient(left, #a36552 0%, #a36552 50%,#a36552 100%);background-image: linear-gradient(to right, #a36552 0%, #a36552 50%,#a36552 100%);-webkit-transition: all .2s ease-in-out;transition: all .2s ease-in-out;background-size: 200% 100%;}<\/style><div class=\"vc_btn3-container vc_btn3-inline\" ><a data-vc-gradient-1=\"#a36552\" data-vc-gradient-2=\"#a36552\" class=\"vc_general vc_btn3 vc_btn3-size-sm vc_btn3-shape-round vc_btn3-style-gradient-custom vc_btn3-icon-right vc_btn-gradient-btn-69f5bc2e1a5c8\" href=\"\/newsletter\/\" title=\"Newsletter\" target=\"_blank\">Zur Anmeldung <i class=\"vc_btn3-icon fas fa-angle-right\"><\/i><\/a><\/div><div class=\"vc_empty_space\"   style=\"height: 32px\"><span class=\"vc_empty_space_inner\"><\/span><\/div><\/div><\/div><\/div><div class=\"wpb_column vc_column_container vc_col-sm-3\"><div class=\"vc_column-inner\"><div class=\"wpb_wrapper\"><\/div><\/div><\/div><\/div><\/div><\/div><\/div><\/div><div class=\"vc_row-full-width vc_clearfix\"><\/div><\/div>[\/vc_column][\/vc_row]<\/p>\n","protected":false},"excerpt":{"rendered":"Impressum Content responsibility Marketing NZZone Neue Z\u00fcrcher Zeitung AG Falkenstrasse 11 CH-8021 Zurich marketing@nzzone.ch www.nzzone.ch Technical realisation Pixel Plus AG Vulkanstrasse 110c 8048 Zurich www.pixel-plus.ch &nbsp; All rights reserved. \u00a9 NZZone Newsletter-Anmeldung Mit dem NZZone Newsletter informieren wir regelm\u00e4ssig \u00fcber unsere Aktivit\u00e4ten und Neuheiten. Zur Anmeldung","protected":false},"author":9,"featured_media":0,"parent":0,"menu_order":0,"comment_status":"closed","ping_status":"closed","template":"","meta":{"_acf_changed":false,"content-type":"","footnotes":""},"class_list":["post-4538","page","type-page","status-publish","hentry"],"acf":[],"yoast_head":"<!-- This site is optimized with the Yoast SEO plugin v24.4 - https:\/\/yoast.com\/wordpress\/plugins\/seo\/ -->\n<title>Our legal notice \u2013 NZZone<\/title>\n<meta name=\"description\" content=\"Our legal notice contains all relevant information on the content responsibility of NZZone.\" \/>\n<meta name=\"robots\" content=\"index, follow, max-snippet:-1, max-image-preview:large, max-video-preview:-1\" \/>\n<link rel=\"canonical\" href=\"https:\/\/www.nzzone.ch\/en\/impressum\/\" \/>\n<meta property=\"og:locale\" content=\"en_US\" \/>\n<meta property=\"og:type\" content=\"article\" \/>\n<meta property=\"og:title\" content=\"Our legal notice \u2013 NZZone\" \/>\n<meta property=\"og:description\" content=\"Our legal notice contains all relevant information on the content responsibility of NZZone.\" \/>\n<meta property=\"og:url\" content=\"https:\/\/www.nzzone.ch\/en\/impressum\/\" \/>\n<meta property=\"og:site_name\" content=\"NZZone\" \/>\n<meta property=\"article:modified_time\" content=\"2023-07-27T12:21:20+00:00\" \/>\n<meta name=\"twitter:card\" content=\"summary_large_image\" \/>\n<meta name=\"twitter:label1\" content=\"Est. reading time\" \/>\n\t<meta name=\"twitter:data1\" content=\"1 minute\" \/>\n<script type=\"application\/ld+json\" class=\"yoast-schema-graph\">{\"@context\":\"https:\/\/schema.org\",\"@graph\":[{\"@type\":\"WebPage\",\"@id\":\"https:\/\/www.nzzone.ch\/en\/impressum\/\",\"url\":\"https:\/\/www.nzzone.ch\/en\/impressum\/\",\"name\":\"Our legal notice \u2013 NZZone\",\"isPartOf\":{\"@id\":\"https:\/\/www.nzzone.ch\/#website\"},\"datePublished\":\"2021-03-28T17:04:15+00:00\",\"dateModified\":\"2023-07-27T12:21:20+00:00\",\"description\":\"Our legal notice contains all relevant information on the content responsibility of NZZone.\",\"breadcrumb\":{\"@id\":\"https:\/\/www.nzzone.ch\/en\/impressum\/#breadcrumb\"},\"inLanguage\":\"en-US\",\"potentialAction\":[{\"@type\":\"ReadAction\",\"target\":[\"https:\/\/www.nzzone.ch\/en\/impressum\/\"]}]},{\"@type\":\"BreadcrumbList\",\"@id\":\"https:\/\/www.nzzone.ch\/en\/impressum\/#breadcrumb\",\"itemListElement\":[{\"@type\":\"ListItem\",\"position\":1,\"name\":\"Startseite\",\"item\":\"https:\/\/www.nzzone.ch\/en\/\"},{\"@type\":\"ListItem\",\"position\":2,\"name\":\"Impressum\"}]},{\"@type\":\"WebSite\",\"@id\":\"https:\/\/www.nzzone.ch\/#website\",\"url\":\"https:\/\/www.nzzone.ch\/\",\"name\":\"NZZone\",\"description\":\"premium \u2022 brand \u2022 advertising\",\"publisher\":{\"@id\":\"https:\/\/www.nzzone.ch\/#organization\"},\"potentialAction\":[{\"@type\":\"SearchAction\",\"target\":{\"@type\":\"EntryPoint\",\"urlTemplate\":\"https:\/\/www.nzzone.ch\/?s={search_term_string}\"},\"query-input\":{\"@type\":\"PropertyValueSpecification\",\"valueRequired\":true,\"valueName\":\"search_term_string\"}}],\"inLanguage\":\"en-US\"},{\"@type\":\"Organization\",\"@id\":\"https:\/\/www.nzzone.ch\/#organization\",\"name\":\"NZZone\",\"url\":\"https:\/\/www.nzzone.ch\/\",\"logo\":{\"@type\":\"ImageObject\",\"inLanguage\":\"en-US\",\"@id\":\"https:\/\/www.nzzone.ch\/#\/schema\/logo\/image\/\",\"url\":\"https:\/\/www.nzzone.ch\/wp-content\/uploads\/2024\/01\/cropped-NZZ-one-Logo.png\",\"contentUrl\":\"https:\/\/www.nzzone.ch\/wp-content\/uploads\/2024\/01\/cropped-NZZ-one-Logo.png\",\"width\":492,\"height\":135,\"caption\":\"NZZone\"},\"image\":{\"@id\":\"https:\/\/www.nzzone.ch\/#\/schema\/logo\/image\/\"}}]}<\/script>\n<!-- \/ Yoast SEO plugin. -->","yoast_head_json":{"title":"Our legal notice \u2013 NZZone","description":"Our legal notice contains all relevant information on the content responsibility of NZZone.","robots":{"index":"index","follow":"follow","max-snippet":"max-snippet:-1","max-image-preview":"max-image-preview:large","max-video-preview":"max-video-preview:-1"},"canonical":"https:\/\/www.nzzone.ch\/en\/impressum\/","og_locale":"en_US","og_type":"article","og_title":"Our legal notice \u2013 NZZone","og_description":"Our legal notice contains all relevant information on the content responsibility of NZZone.","og_url":"https:\/\/www.nzzone.ch\/en\/impressum\/","og_site_name":"NZZone","article_modified_time":"2023-07-27T12:21:20+00:00","twitter_card":"summary_large_image","twitter_misc":{"Est. reading time":"1 minute"},"schema":{"@context":"https:\/\/schema.org","@graph":[{"@type":"WebPage","@id":"https:\/\/www.nzzone.ch\/en\/impressum\/","url":"https:\/\/www.nzzone.ch\/en\/impressum\/","name":"Our legal notice \u2013 NZZone","isPartOf":{"@id":"https:\/\/www.nzzone.ch\/#website"},"datePublished":"2021-03-28T17:04:15+00:00","dateModified":"2023-07-27T12:21:20+00:00","description":"Our legal notice contains all relevant information on the content responsibility of NZZone.","breadcrumb":{"@id":"https:\/\/www.nzzone.ch\/en\/impressum\/#breadcrumb"},"inLanguage":"en-US","potentialAction":[{"@type":"ReadAction","target":["https:\/\/www.nzzone.ch\/en\/impressum\/"]}]},{"@type":"BreadcrumbList","@id":"https:\/\/www.nzzone.ch\/en\/impressum\/#breadcrumb","itemListElement":[{"@type":"ListItem","position":1,"name":"Startseite","item":"https:\/\/www.nzzone.ch\/en\/"},{"@type":"ListItem","position":2,"name":"Impressum"}]},{"@type":"WebSite","@id":"https:\/\/www.nzzone.ch\/#website","url":"https:\/\/www.nzzone.ch\/","name":"NZZone","description":"premium \u2022 brand \u2022 advertising","publisher":{"@id":"https:\/\/www.nzzone.ch\/#organization"},"potentialAction":[{"@type":"SearchAction","target":{"@type":"EntryPoint","urlTemplate":"https:\/\/www.nzzone.ch\/?s={search_term_string}"},"query-input":{"@type":"PropertyValueSpecification","valueRequired":true,"valueName":"search_term_string"}}],"inLanguage":"en-US"},{"@type":"Organization","@id":"https:\/\/www.nzzone.ch\/#organization","name":"NZZone","url":"https:\/\/www.nzzone.ch\/","logo":{"@type":"ImageObject","inLanguage":"en-US","@id":"https:\/\/www.nzzone.ch\/#\/schema\/logo\/image\/","url":"https:\/\/www.nzzone.ch\/wp-content\/uploads\/2024\/01\/cropped-NZZ-one-Logo.png","contentUrl":"https:\/\/www.nzzone.ch\/wp-content\/uploads\/2024\/01\/cropped-NZZ-one-Logo.png","width":492,"height":135,"caption":"NZZone"},"image":{"@id":"https:\/\/www.nzzone.ch\/#\/schema\/logo\/image\/"}}]}},"_links":{"self":[{"href":"https:\/\/www.nzzone.ch\/en\/wp-json\/wp\/v2\/pages\/4538","targetHints":{"allow":["GET"]}}],"collection":[{"href":"https:\/\/www.nzzone.ch\/en\/wp-json\/wp\/v2\/pages"}],"about":[{"href":"https:\/\/www.nzzone.ch\/en\/wp-json\/wp\/v2\/types\/page"}],"author":[{"embeddable":true,"href":"https:\/\/www.nzzone.ch\/en\/wp-json\/wp\/v2\/users\/9"}],"replies":[{"embeddable":true,"href":"https:\/\/www.nzzone.ch\/en\/wp-json\/wp\/v2\/comments?post=4538"}],"version-history":[{"count":8,"href":"https:\/\/www.nzzone.ch\/en\/wp-json\/wp\/v2\/pages\/4538\/revisions"}],"predecessor-version":[{"id":21386,"href":"https:\/\/www.nzzone.ch\/en\/wp-json\/wp\/v2\/pages\/4538\/revisions\/21386"}],"wp:attachment":[{"href":"https:\/\/www.nzzone.ch\/en\/wp-json\/wp\/v2\/media?parent=4538"}],"curies":[{"name":"wp","href":"https:\/\/api.w.org\/{rel}","templated":true}]}}