{"id":30737,"date":"2024-10-24T11:02:30","date_gmt":"2024-10-24T09:02:30","guid":{"rendered":"https:\/\/www.nzzone.ch\/roadshow-2024-25-etude-sur-la-gestion-de-fortune-privee\/"},"modified":"2024-10-24T13:57:55","modified_gmt":"2024-10-24T11:57:55","slug":"roadshow-2024-25-etude-sur-la-gestion-de-fortune-privee","status":"publish","type":"page","link":"https:\/\/www.nzzone.ch\/fr\/roadshow-2024-25-etude-sur-la-gestion-de-fortune-privee\/","title":{"rendered":"Roadshow 2024-25 \/ Etude sur la gestion de fortune priv\u00e9e"},"content":{"rendered":"<p>[vc_row full_width=\u00a0\u00bbstretch_row\u00a0\u00bb css=\u00a0\u00bb.vc_custom_1728394896564{background-color: #000000 !important;background-position: center !important;background-repeat: no-repeat !important;background-size: cover !important;}\u00a0\u00bb][vc_column][vc_raw_html]PGRpdiBjbGFzcz0iY29udGFpbmVyLXN0YXJzIj48ZGl2IGNsYXNzPSJzdGFycyI+PC9kaXY+PGRpdiBjbGFzcz0ic3RhcnMyIj48L2Rpdj48ZGl2IGNsYXNzPSJzdGFyczMiPjwvZGl2PjwvZGl2Pg==[\/vc_raw_html][vc_empty_space height=\u00a0\u00bb50px\u00a0\u00bb][vc_raw_html]PHZpZGVvIHdpZHRoPSIxMDAlIiBoZWlnaHQ9IjU5MHB4IiBjb250cm9scyBsb29wIGF1dG9wbGF5IG11dGVkIHN0eWxlPSJwb3NpdGlvbjpyZWxhdGl2ZTsiPg0KICAgICAgPHNvdXJjZSBzcmM9Imh0dHBzOi8vd3d3Lm56em9uZS5jaC93cC1jb250ZW50L3VwbG9hZHMvMjAyNC8xMC9WZXJtb2VnZW5zdmVyd2FsdHVuZy1IZWFkZXItc3cubXA0IiB0eXBlPXZpZGVvL21wND4NCjwvdmlkZW8+[\/vc_raw_html][vc_empty_space height=\u00a0\u00bb50px\u00a0\u00bb][\/vc_column][\/vc_row][vc_row][vc_column][vc_row_inner][vc_column_inner width=\u00a0\u00bb1\/5&Prime;][\/vc_column_inner][vc_column_inner width=\u00a0\u00bb4\/5&Prime;][vc_custom_heading text=\u00a0\u00bbEtude\u00a0\u00bb font_container=\u00a0\u00bbtag:p|font_size:14|text_align:left|color:%23a36552&Prime; use_theme_fonts=\u00a0\u00bbyes\u00a0\u00bb][vc_separator color=\u00a0\u00bbcustom\u00a0\u00bb align=\u00a0\u00bbalign_left\u00a0\u00bb border_width=\u00a0\u00bb2&Prime; el_width=\u00a0\u00bb10&Prime; accent_color=\u00a0\u00bb#a36552&Prime;][vc_empty_space][\/vc_column_inner][\/vc_row_inner][vc_column_text]<\/p>\n<h2>Etude sur la gestion de fortune priv\u00e9e<\/h2>\n<p>[\/vc_column_text][vc_column_text]Etude sp\u00e9cialement r\u00e9alis\u00e9e et consacr\u00e9e \u00e0 l&rsquo;analyse approfondie de la perception des soci\u00e9t\u00e9s de gestion de fortune priv\u00e9es en termes de notori\u00e9t\u00e9, d&rsquo;image et de canaux publicitaires pr\u00e9f\u00e9r\u00e9s.<\/p>\n<p><strong>Les principales conclusions en un coup d&rsquo;\u0153il:<\/strong>[\/vc_column_text][vc_empty_space][\/vc_column][\/vc_row][vc_row][vc_column width=\u00a0\u00bb1\/3&Prime;][vc_single_image image=\u00a0\u00bb30213&Prime; img_size=\u00a0\u00bb100&#215;100&Prime; alignment=\u00a0\u00bbcenter\u00a0\u00bb][vc_column_text]<\/p>\n<p style=\"text-align: left;\"><span style=\"color: #a36552;\"><b><strong>Les lecteurs et lectrices r\u00e9guliers de la NZZ sont nettement plus familiers avec le th\u00e8me de la \u00abgestion de fortune priv\u00e9e\u00bb que les lecteurs et lectrices non r\u00e9guliers.<br \/>\n<\/strong><\/b><\/span><\/p>\n<p>[\/vc_column_text][\/vc_column][vc_column width=\u00a0\u00bb1\/3&Prime;][vc_single_image image=\u00a0\u00bb30114&Prime; img_size=\u00a0\u00bb100&#215;100&Prime; alignment=\u00a0\u00bbcenter\u00a0\u00bb][vc_column_text]<\/p>\n<p style=\"text-align: left;\"><span style=\"color: #a36552;\"><b><strong>Les lecteurs et lectrices r\u00e9guliers de la NZZ accordent plus d&rsquo;attention \u00e0 la publicit\u00e9, et ce sont les publicit\u00e9s dans les journaux qui les interpellent le plus.<\/strong><\/b><\/span><\/p>\n<p>[\/vc_column_text][\/vc_column][vc_column width=\u00a0\u00bb1\/3&Prime;][vc_single_image image=\u00a0\u00bb30210&Prime; img_size=\u00a0\u00bb100&#215;100&Prime; alignment=\u00a0\u00bbcenter\u00a0\u00bb][vc_column_text]<\/p>\n<p style=\"text-align: left;\"><strong><span style=\"color: #a36552;\">Les annonces sont \u00e9valu\u00e9es de mani\u00e8re nettement plus positive par le lectorat r\u00e9gulier sur toutes les dimensions \u00e9tudi\u00e9es.<\/span><\/strong><\/p>\n<p>[\/vc_column_text][\/vc_column][\/vc_row][vc_row][vc_column][vc_empty_space][vc_empty_space][vc_separator border_width=\u00a0\u00bb2&Prime;][vc_empty_space][vc_column_text]<div class=\"_df_book df-lite\" id=\"df_30352\"  _slug=\"vermoegensverwaltungsstudie\" data-title=\"vermoegensverwaltungsstudie\" wpoptions=\"true\" thumbtype=\"\" ><\/div><script class=\"df-shortcode-script\" nowprocket type=\"application\/javascript\">window.option_df_30352 = {\"outline\":[],\"backgroundColor\":\"#ffffff\",\"autoEnableOutline\":\"false\",\"autoEnableThumbnail\":\"false\",\"overwritePDFOutline\":\"false\",\"direction\":\"1\",\"pageSize\":\"0\",\"source\":\"https:\\\/\\\/www.nzzone.ch\\\/wp-content\\\/uploads\\\/2024\\\/10\\\/Studie_zur_privaten_Vermoegensverwaltung_NZZone-WP.pdf\",\"wpOptions\":\"true\"}; if(window.DFLIP && window.DFLIP.parseBooks){window.DFLIP.parseBooks();}<\/script>[\/vc_column_text][vc_empty_space][\/vc_column][\/vc_row][vc_row full_width=\u00a0\u00bbstretch_row\u00a0\u00bb css=\u00a0\u00bb.vc_custom_1729002024483{background-color: #a36552 !important;}\u00a0\u00bb][vc_column width=\u00a0\u00bb1\/5&Prime;][\/vc_column][vc_column width=\u00a0\u00bb4\/5&Prime;][vc_empty_space][vc_column_text el_class=\u00a0\u00bbwhite\u00a0\u00bb]<\/p>\n<h3><strong>Tu souhaites t\u00e9l\u00e9charger l&rsquo;\u00e9tude au format PDF?<\/strong><\/h3>\n<p>[\/vc_column_text][vc_btn title=\u00a0\u00bbT\u00e9l\u00e9charger l&rsquo;\u00e9tude\u00a0\u00bb style=\u00a0\u00bbgradient-custom\u00a0\u00bb gradient_custom_color_1=\u00a0\u00bb#ffffff\u00a0\u00bb gradient_custom_color_2=\u00a0\u00bb#ffffff\u00a0\u00bb gradient_text_color=\u00a0\u00bb#a36552&Prime; shape=\u00a0\u00bbround\u00a0\u00bb size=\u00a0\u00bbsm\u00a0\u00bb i_align=\u00a0\u00bbright\u00a0\u00bb i_icon_fontawesome=\u00a0\u00bbfas fa-angle-right\u00a0\u00bb add_icon=\u00a0\u00bbtrue\u00a0\u00bb link=\u00a0\u00bburl:https%3A%2F%2Fwww.nzzone.ch%2Fwp-content%2Fuploads%2F2024%2F10%2FStudie_zur_privaten_Vermoegensverwaltung_NZZone-WP.pdf|target:_blank|\u00a0\u00bb][vc_empty_space][\/vc_column][\/vc_row][vc_row full_width=\u00a0\u00bbstretch_row\u00a0\u00bb][vc_column width=\u00a0\u00bb1\/5&Prime;][\/vc_column][vc_column width=\u00a0\u00bb4\/5&Prime;][vc_empty_space height=\u00a0\u00bb60px\u00a0\u00bb][vc_btn title=\u00a0\u00bbHome\u00a0\u00bb style=\u00a0\u00bbgradient-custom\u00a0\u00bb gradient_custom_color_1=\u00a0\u00bb#a36552&Prime; gradient_custom_color_2=\u00a0\u00bb#a36552&Prime; shape=\u00a0\u00bbround\u00a0\u00bb size=\u00a0\u00bbsm\u00a0\u00bb align=\u00a0\u00bbright\u00a0\u00bb i_align=\u00a0\u00bbright\u00a0\u00bb i_icon_fontawesome=\u00a0\u00bbfas fa-angle-right\u00a0\u00bb add_icon=\u00a0\u00bbtrue\u00a0\u00bb link=\u00a0\u00bburl:https%3A%2F%2Fwww.nzzone.ch%2Ffr%2Froadshow-2024-25%2F%23variabel|\u00a0\u00bb][vc_empty_space height=\u00a0\u00bb50&Prime;][\/vc_column][\/vc_row]<\/p>\n","protected":false},"excerpt":{"rendered":"<p>[vc_row full_width=\u00a0\u00bbstretch_row\u00a0\u00bb css=\u00a0\u00bb.vc_custom_1728394896564{background-color: #000000 !important;background-position: center !important;background-repeat: no-repeat !important;background-size: cover !important;}\u00a0\u00bb][vc_column][vc_raw_html]PGRpdiBjbGFzcz0iY29udGFpbmVyLXN0YXJzIj48ZGl2IGNsYXNzPSJzdGFycyI+PC9kaXY+PGRpdiBjbGFzcz0ic3RhcnMyIj48L2Rpdj48ZGl2IGNsYXNzPSJzdGFyczMiPjwvZGl2PjwvZGl2Pg==[\/vc_raw_html][vc_empty_space height=\u00a0\u00bb50px\u00a0\u00bb][vc_raw_html]PHZpZGVvIHdpZHRoPSIxMDAlIiBoZWlnaHQ9IjU5MHB4IiBjb250cm9scyBsb29wIGF1dG9wbGF5IG11dGVkIHN0eWxlPSJwb3NpdGlvbjpyZWxhdGl2ZTsiPg0KICAgICAgPHNvdXJjZSBzcmM9Imh0dHBzOi8vd3d3Lm56em9uZS5jaC93cC1jb250ZW50L3VwbG9hZHMvMjAyNC8xMC9WZXJtb2VnZW5zdmVyd2FsdHVuZy1IZWFkZXItc3cubXA0IiB0eXBlPXZpZGVvL21wND4NCjwvdmlkZW8+[\/vc_raw_html][vc_empty_space height=\u00a0\u00bb50px\u00a0\u00bb][\/vc_column][\/vc_row][vc_row][vc_column][vc_row_inner][vc_column_inner width=\u00a0\u00bb1\/5&Prime;][\/vc_column_inner][vc_column_inner width=\u00a0\u00bb4\/5&Prime;][vc_custom_heading text=\u00a0\u00bbEtude\u00a0\u00bb font_container=\u00a0\u00bbtag:p|font_size:14|text_align:left|color:%23a36552&Prime; use_theme_fonts=\u00a0\u00bbyes\u00a0\u00bb][vc_separator color=\u00a0\u00bbcustom\u00a0\u00bb align=\u00a0\u00bbalign_left\u00a0\u00bb border_width=\u00a0\u00bb2&Prime; el_width=\u00a0\u00bb10&Prime; accent_color=\u00a0\u00bb#a36552&Prime;][vc_empty_space][\/vc_column_inner][\/vc_row_inner][vc_column_text] Etude sur la gestion de fortune priv\u00e9e [\/vc_column_text][vc_column_text]Etude sp\u00e9cialement r\u00e9alis\u00e9e et consacr\u00e9e \u00e0 l&rsquo;analyse approfondie de la perception des soci\u00e9t\u00e9s de gestion de fortune priv\u00e9es en termes de notori\u00e9t\u00e9, d&rsquo;image et de [&hellip;]<\/p>\n","protected":false},"author":9,"featured_media":0,"parent":0,"menu_order":0,"comment_status":"closed","ping_status":"closed","template":"","meta":{"_acf_changed":false,"content-type":"","footnotes":""},"class_list":["post-30737","page","type-page","status-publish","hentry"],"acf":[],"yoast_head":"<!-- This site is optimized with the Yoast SEO plugin v24.4 - https:\/\/yoast.com\/wordpress\/plugins\/seo\/ -->\n<title>Roadshow 2024-25 \/ Etude sur la gestion de fortune priv\u00e9e - NZZone<\/title>\n<meta name=\"robots\" content=\"index, follow, max-snippet:-1, max-image-preview:large, max-video-preview:-1\" \/>\n<link rel=\"canonical\" href=\"https:\/\/www.nzzone.ch\/fr\/roadshow-2024-25-etude-sur-la-gestion-de-fortune-privee\/\" \/>\n<meta property=\"og:locale\" content=\"fr_FR\" \/>\n<meta property=\"og:type\" content=\"article\" \/>\n<meta property=\"og:title\" content=\"Roadshow 2024-25 \/ Etude sur la gestion de fortune priv\u00e9e - NZZone\" \/>\n<meta property=\"og:description\" content=\"[vc_row full_width=\u00a0\u00bbstretch_row\u00a0\u00bb css=\u00a0\u00bb.vc_custom_1728394896564{background-color: #000000 !important;background-position: center !important;background-repeat: no-repeat !important;background-size: cover !important;}\u00a0\u00bb][vc_column][vc_raw_html]PGRpdiBjbGFzcz0iY29udGFpbmVyLXN0YXJzIj48ZGl2IGNsYXNzPSJzdGFycyI+PC9kaXY+PGRpdiBjbGFzcz0ic3RhcnMyIj48L2Rpdj48ZGl2IGNsYXNzPSJzdGFyczMiPjwvZGl2PjwvZGl2Pg==[\/vc_raw_html][vc_empty_space height=\u00a0\u00bb50px\u00a0\u00bb][vc_raw_html]PHZpZGVvIHdpZHRoPSIxMDAlIiBoZWlnaHQ9IjU5MHB4IiBjb250cm9scyBsb29wIGF1dG9wbGF5IG11dGVkIHN0eWxlPSJwb3NpdGlvbjpyZWxhdGl2ZTsiPg0KICAgICAgPHNvdXJjZSBzcmM9Imh0dHBzOi8vd3d3Lm56em9uZS5jaC93cC1jb250ZW50L3VwbG9hZHMvMjAyNC8xMC9WZXJtb2VnZW5zdmVyd2FsdHVuZy1IZWFkZXItc3cubXA0IiB0eXBlPXZpZGVvL21wND4NCjwvdmlkZW8+[\/vc_raw_html][vc_empty_space height=\u00a0\u00bb50px\u00a0\u00bb][\/vc_column][\/vc_row][vc_row][vc_column][vc_row_inner][vc_column_inner width=\u00a0\u00bb1\/5&Prime;][\/vc_column_inner][vc_column_inner width=\u00a0\u00bb4\/5&Prime;][vc_custom_heading text=\u00a0\u00bbEtude\u00a0\u00bb font_container=\u00a0\u00bbtag:p|font_size:14|text_align:left|color:%23a36552&Prime; use_theme_fonts=\u00a0\u00bbyes\u00a0\u00bb][vc_separator color=\u00a0\u00bbcustom\u00a0\u00bb align=\u00a0\u00bbalign_left\u00a0\u00bb border_width=\u00a0\u00bb2&Prime; el_width=\u00a0\u00bb10&Prime; accent_color=\u00a0\u00bb#a36552&Prime;][vc_empty_space][\/vc_column_inner][\/vc_row_inner][vc_column_text] Etude sur la gestion de fortune priv\u00e9e [\/vc_column_text][vc_column_text]Etude sp\u00e9cialement r\u00e9alis\u00e9e et consacr\u00e9e \u00e0 l&rsquo;analyse approfondie de la perception des soci\u00e9t\u00e9s de gestion de fortune priv\u00e9es en termes de notori\u00e9t\u00e9, d&rsquo;image et de [&hellip;]\" \/>\n<meta property=\"og:url\" content=\"https:\/\/www.nzzone.ch\/fr\/roadshow-2024-25-etude-sur-la-gestion-de-fortune-privee\/\" \/>\n<meta property=\"og:site_name\" content=\"NZZone\" \/>\n<meta property=\"article:modified_time\" content=\"2024-10-24T11:57:55+00:00\" \/>\n<meta name=\"twitter:card\" content=\"summary_large_image\" \/>\n<meta name=\"twitter:label1\" content=\"Dur\u00e9e de lecture estim\u00e9e\" \/>\n\t<meta name=\"twitter:data1\" content=\"2 minutes\" \/>\n<script type=\"application\/ld+json\" class=\"yoast-schema-graph\">{\"@context\":\"https:\/\/schema.org\",\"@graph\":[{\"@type\":\"WebPage\",\"@id\":\"https:\/\/www.nzzone.ch\/fr\/roadshow-2024-25-etude-sur-la-gestion-de-fortune-privee\/\",\"url\":\"https:\/\/www.nzzone.ch\/fr\/roadshow-2024-25-etude-sur-la-gestion-de-fortune-privee\/\",\"name\":\"Roadshow 2024-25 \/ Etude sur la gestion de fortune priv\u00e9e - NZZone\",\"isPartOf\":{\"@id\":\"https:\/\/www.nzzone.ch\/#website\"},\"datePublished\":\"2024-10-24T09:02:30+00:00\",\"dateModified\":\"2024-10-24T11:57:55+00:00\",\"breadcrumb\":{\"@id\":\"https:\/\/www.nzzone.ch\/fr\/roadshow-2024-25-etude-sur-la-gestion-de-fortune-privee\/#breadcrumb\"},\"inLanguage\":\"fr-FR\",\"potentialAction\":[{\"@type\":\"ReadAction\",\"target\":[\"https:\/\/www.nzzone.ch\/fr\/roadshow-2024-25-etude-sur-la-gestion-de-fortune-privee\/\"]}]},{\"@type\":\"BreadcrumbList\",\"@id\":\"https:\/\/www.nzzone.ch\/fr\/roadshow-2024-25-etude-sur-la-gestion-de-fortune-privee\/#breadcrumb\",\"itemListElement\":[{\"@type\":\"ListItem\",\"position\":1,\"name\":\"Startseite\",\"item\":\"https:\/\/www.nzzone.ch\/fr\/\"},{\"@type\":\"ListItem\",\"position\":2,\"name\":\"Roadshow 2024-25 \/ Etude sur la gestion de fortune priv\u00e9e\"}]},{\"@type\":\"WebSite\",\"@id\":\"https:\/\/www.nzzone.ch\/#website\",\"url\":\"https:\/\/www.nzzone.ch\/\",\"name\":\"NZZone\",\"description\":\"premium \u2022 brand \u2022 advertising\",\"publisher\":{\"@id\":\"https:\/\/www.nzzone.ch\/#organization\"},\"potentialAction\":[{\"@type\":\"SearchAction\",\"target\":{\"@type\":\"EntryPoint\",\"urlTemplate\":\"https:\/\/www.nzzone.ch\/?s={search_term_string}\"},\"query-input\":{\"@type\":\"PropertyValueSpecification\",\"valueRequired\":true,\"valueName\":\"search_term_string\"}}],\"inLanguage\":\"fr-FR\"},{\"@type\":\"Organization\",\"@id\":\"https:\/\/www.nzzone.ch\/#organization\",\"name\":\"NZZone\",\"url\":\"https:\/\/www.nzzone.ch\/\",\"logo\":{\"@type\":\"ImageObject\",\"inLanguage\":\"fr-FR\",\"@id\":\"https:\/\/www.nzzone.ch\/#\/schema\/logo\/image\/\",\"url\":\"https:\/\/www.nzzone.ch\/wp-content\/uploads\/2024\/01\/cropped-NZZ-one-Logo.png\",\"contentUrl\":\"https:\/\/www.nzzone.ch\/wp-content\/uploads\/2024\/01\/cropped-NZZ-one-Logo.png\",\"width\":492,\"height\":135,\"caption\":\"NZZone\"},\"image\":{\"@id\":\"https:\/\/www.nzzone.ch\/#\/schema\/logo\/image\/\"}}]}<\/script>\n<!-- \/ Yoast SEO plugin. -->","yoast_head_json":{"title":"Roadshow 2024-25 \/ Etude sur la gestion de fortune priv\u00e9e - NZZone","robots":{"index":"index","follow":"follow","max-snippet":"max-snippet:-1","max-image-preview":"max-image-preview:large","max-video-preview":"max-video-preview:-1"},"canonical":"https:\/\/www.nzzone.ch\/fr\/roadshow-2024-25-etude-sur-la-gestion-de-fortune-privee\/","og_locale":"fr_FR","og_type":"article","og_title":"Roadshow 2024-25 \/ Etude sur la gestion de fortune priv\u00e9e - NZZone","og_description":"[vc_row full_width=\u00a0\u00bbstretch_row\u00a0\u00bb css=\u00a0\u00bb.vc_custom_1728394896564{background-color: #000000 !important;background-position: center !important;background-repeat: no-repeat !important;background-size: cover !important;}\u00a0\u00bb][vc_column][vc_raw_html]PGRpdiBjbGFzcz0iY29udGFpbmVyLXN0YXJzIj48ZGl2IGNsYXNzPSJzdGFycyI+PC9kaXY+PGRpdiBjbGFzcz0ic3RhcnMyIj48L2Rpdj48ZGl2IGNsYXNzPSJzdGFyczMiPjwvZGl2PjwvZGl2Pg==[\/vc_raw_html][vc_empty_space height=\u00a0\u00bb50px\u00a0\u00bb][vc_raw_html]PHZpZGVvIHdpZHRoPSIxMDAlIiBoZWlnaHQ9IjU5MHB4IiBjb250cm9scyBsb29wIGF1dG9wbGF5IG11dGVkIHN0eWxlPSJwb3NpdGlvbjpyZWxhdGl2ZTsiPg0KICAgICAgPHNvdXJjZSBzcmM9Imh0dHBzOi8vd3d3Lm56em9uZS5jaC93cC1jb250ZW50L3VwbG9hZHMvMjAyNC8xMC9WZXJtb2VnZW5zdmVyd2FsdHVuZy1IZWFkZXItc3cubXA0IiB0eXBlPXZpZGVvL21wND4NCjwvdmlkZW8+[\/vc_raw_html][vc_empty_space height=\u00a0\u00bb50px\u00a0\u00bb][\/vc_column][\/vc_row][vc_row][vc_column][vc_row_inner][vc_column_inner width=\u00a0\u00bb1\/5&Prime;][\/vc_column_inner][vc_column_inner width=\u00a0\u00bb4\/5&Prime;][vc_custom_heading text=\u00a0\u00bbEtude\u00a0\u00bb font_container=\u00a0\u00bbtag:p|font_size:14|text_align:left|color:%23a36552&Prime; use_theme_fonts=\u00a0\u00bbyes\u00a0\u00bb][vc_separator color=\u00a0\u00bbcustom\u00a0\u00bb align=\u00a0\u00bbalign_left\u00a0\u00bb border_width=\u00a0\u00bb2&Prime; el_width=\u00a0\u00bb10&Prime; accent_color=\u00a0\u00bb#a36552&Prime;][vc_empty_space][\/vc_column_inner][\/vc_row_inner][vc_column_text] Etude sur la gestion de fortune priv\u00e9e [\/vc_column_text][vc_column_text]Etude sp\u00e9cialement r\u00e9alis\u00e9e et consacr\u00e9e \u00e0 l&rsquo;analyse approfondie de la perception des soci\u00e9t\u00e9s de gestion de fortune priv\u00e9es en termes de notori\u00e9t\u00e9, d&rsquo;image et de [&hellip;]","og_url":"https:\/\/www.nzzone.ch\/fr\/roadshow-2024-25-etude-sur-la-gestion-de-fortune-privee\/","og_site_name":"NZZone","article_modified_time":"2024-10-24T11:57:55+00:00","twitter_card":"summary_large_image","twitter_misc":{"Dur\u00e9e de lecture estim\u00e9e":"2 minutes"},"schema":{"@context":"https:\/\/schema.org","@graph":[{"@type":"WebPage","@id":"https:\/\/www.nzzone.ch\/fr\/roadshow-2024-25-etude-sur-la-gestion-de-fortune-privee\/","url":"https:\/\/www.nzzone.ch\/fr\/roadshow-2024-25-etude-sur-la-gestion-de-fortune-privee\/","name":"Roadshow 2024-25 \/ Etude sur la gestion de fortune priv\u00e9e - NZZone","isPartOf":{"@id":"https:\/\/www.nzzone.ch\/#website"},"datePublished":"2024-10-24T09:02:30+00:00","dateModified":"2024-10-24T11:57:55+00:00","breadcrumb":{"@id":"https:\/\/www.nzzone.ch\/fr\/roadshow-2024-25-etude-sur-la-gestion-de-fortune-privee\/#breadcrumb"},"inLanguage":"fr-FR","potentialAction":[{"@type":"ReadAction","target":["https:\/\/www.nzzone.ch\/fr\/roadshow-2024-25-etude-sur-la-gestion-de-fortune-privee\/"]}]},{"@type":"BreadcrumbList","@id":"https:\/\/www.nzzone.ch\/fr\/roadshow-2024-25-etude-sur-la-gestion-de-fortune-privee\/#breadcrumb","itemListElement":[{"@type":"ListItem","position":1,"name":"Startseite","item":"https:\/\/www.nzzone.ch\/fr\/"},{"@type":"ListItem","position":2,"name":"Roadshow 2024-25 \/ Etude sur la gestion de fortune priv\u00e9e"}]},{"@type":"WebSite","@id":"https:\/\/www.nzzone.ch\/#website","url":"https:\/\/www.nzzone.ch\/","name":"NZZone","description":"premium \u2022 brand \u2022 advertising","publisher":{"@id":"https:\/\/www.nzzone.ch\/#organization"},"potentialAction":[{"@type":"SearchAction","target":{"@type":"EntryPoint","urlTemplate":"https:\/\/www.nzzone.ch\/?s={search_term_string}"},"query-input":{"@type":"PropertyValueSpecification","valueRequired":true,"valueName":"search_term_string"}}],"inLanguage":"fr-FR"},{"@type":"Organization","@id":"https:\/\/www.nzzone.ch\/#organization","name":"NZZone","url":"https:\/\/www.nzzone.ch\/","logo":{"@type":"ImageObject","inLanguage":"fr-FR","@id":"https:\/\/www.nzzone.ch\/#\/schema\/logo\/image\/","url":"https:\/\/www.nzzone.ch\/wp-content\/uploads\/2024\/01\/cropped-NZZ-one-Logo.png","contentUrl":"https:\/\/www.nzzone.ch\/wp-content\/uploads\/2024\/01\/cropped-NZZ-one-Logo.png","width":492,"height":135,"caption":"NZZone"},"image":{"@id":"https:\/\/www.nzzone.ch\/#\/schema\/logo\/image\/"}}]}},"_links":{"self":[{"href":"https:\/\/www.nzzone.ch\/fr\/wp-json\/wp\/v2\/pages\/30737","targetHints":{"allow":["GET"]}}],"collection":[{"href":"https:\/\/www.nzzone.ch\/fr\/wp-json\/wp\/v2\/pages"}],"about":[{"href":"https:\/\/www.nzzone.ch\/fr\/wp-json\/wp\/v2\/types\/page"}],"author":[{"embeddable":true,"href":"https:\/\/www.nzzone.ch\/fr\/wp-json\/wp\/v2\/users\/9"}],"replies":[{"embeddable":true,"href":"https:\/\/www.nzzone.ch\/fr\/wp-json\/wp\/v2\/comments?post=30737"}],"version-history":[{"count":4,"href":"https:\/\/www.nzzone.ch\/fr\/wp-json\/wp\/v2\/pages\/30737\/revisions"}],"predecessor-version":[{"id":30772,"href":"https:\/\/www.nzzone.ch\/fr\/wp-json\/wp\/v2\/pages\/30737\/revisions\/30772"}],"wp:attachment":[{"href":"https:\/\/www.nzzone.ch\/fr\/wp-json\/wp\/v2\/media?parent=30737"}],"curies":[{"name":"wp","href":"https:\/\/api.w.org\/{rel}","templated":true}]}}