{"id":30740,"date":"2024-10-24T11:10:30","date_gmt":"2024-10-24T09:10:30","guid":{"rendered":"https:\/\/www.nzzone.ch\/roadshow-2024-25-nzz-art\/"},"modified":"2024-10-24T14:02:38","modified_gmt":"2024-10-24T12:02:38","slug":"roadshow-2024-25-nzz-art","status":"publish","type":"page","link":"https:\/\/www.nzzone.ch\/fr\/roadshow-2024-25-nzz-art\/","title":{"rendered":"Roadshow 2024-25 \/ NZZ Art"},"content":{"rendered":"<p>[vc_row full_width=\u00a0\u00bbstretch_row\u00a0\u00bb css=\u00a0\u00bb.vc_custom_1728310965217{background: #000000 url(https:\/\/www.nzzone.ch\/wp-content\/uploads\/2024\/10\/AR-MEN-Header-1.mp4?id=30151) !important;background-position: center !important;background-repeat: no-repeat !important;background-size: cover !important;}\u00a0\u00bb][vc_column][vc_raw_html]PGRpdiBjbGFzcz0iY29udGFpbmVyLXN0YXJzIj48ZGl2IGNsYXNzPSJzdGFycyI+PC9kaXY+PGRpdiBjbGFzcz0ic3RhcnMyIj48L2Rpdj48ZGl2IGNsYXNzPSJzdGFyczMiPjwvZGl2PjwvZGl2Pg==[\/vc_raw_html][vc_empty_space height=\u00a0\u00bb50px\u00a0\u00bb][vc_raw_html]PHZpZGVvIHdpZHRoPSIxMDAlIiBoZWlnaHQ9IjU5MHB4IiBjb250cm9scyBsb29wIGF1dG9wbGF5IG11dGVkIHN0eWxlPSJwb3NpdGlvbjpyZWxhdGl2ZTsiPg0KICAgICAgPHNvdXJjZSBzcmM9Imh0dHBzOi8vd3d3Lm56em9uZS5jaC93cC1jb250ZW50L3VwbG9hZHMvMjAyNC8xMC9OWlotQXJ0LUhlYWRlci5tcDQiIHR5cGU9dmlkZW8vbXA0Pg0KPC92aWRlbz4=[\/vc_raw_html][vc_empty_space height=\u00a0\u00bb50px\u00a0\u00bb][\/vc_column][\/vc_row][vc_row][vc_column][vc_row_inner][vc_column_inner width=\u00a0\u00bb1\/5&Prime;][\/vc_column_inner][vc_column_inner width=\u00a0\u00bb4\/5&Prime;][vc_custom_heading text=\u00a0\u00bbNZZ Art\u00a0\u00bb font_container=\u00a0\u00bbtag:p|font_size:14|text_align:left|color:%23a36552&Prime; use_theme_fonts=\u00a0\u00bbyes\u00a0\u00bb][vc_separator color=\u00a0\u00bbcustom\u00a0\u00bb align=\u00a0\u00bbalign_left\u00a0\u00bb border_width=\u00a0\u00bb2&Prime; el_width=\u00a0\u00bb10&Prime; accent_color=\u00a0\u00bb#a36552&Prime;][vc_empty_space][\/vc_column_inner][\/vc_row_inner][vc_column_text]<\/p>\n<h2>Rejoins l&rsquo;\u00e9cosyst\u00e8me artistique de NZZ!<\/h2>\n<p>[\/vc_column_text][vc_column_text]Ta chance de te positionner dans notre environnement artistique: deviens l&rsquo;un des deux Main Partners et profite d&rsquo;une vaste pr\u00e9sence publicitaire, d&rsquo;une exclusivit\u00e9 sectorielle et d&rsquo;une communaut\u00e9 artistique de haut niveau.[\/vc_column_text][vc_empty_space][\/vc_column][\/vc_row][vc_row][vc_column width=\u00a0\u00bb1\/5&Prime;][vc_single_image image=\u00a0\u00bb30210&Prime; img_size=\u00a0\u00bb100&#215;100&Prime; alignment=\u00a0\u00bbcenter\u00a0\u00bb][vc_column_text]<span style=\"color: #a36552;\"><strong>Positionnement en tant que comp\u00e9tence artistique de premier plan dans l&rsquo;environnement premium.<\/strong><\/span>[\/vc_column_text][\/vc_column][vc_column width=\u00a0\u00bb1\/5&Prime;][vc_single_image image=\u00a0\u00bb30165&Prime; img_size=\u00a0\u00bb100&#215;100&Prime; alignment=\u00a0\u00bbcenter\u00a0\u00bb][vc_column_text]<\/p>\n<p style=\"text-align: left;\"><span style=\"color: #a36552;\"><b>Pr\u00e9sence toute l&rsquo;ann\u00e9e.<\/b><\/span><\/p>\n<p>[\/vc_column_text][\/vc_column][vc_column width=\u00a0\u00bb1\/5&Prime;][vc_single_image image=\u00a0\u00bb30127&Prime; img_size=\u00a0\u00bb100&#215;100&Prime; alignment=\u00a0\u00bbcenter\u00a0\u00bb][vc_column_text]<\/p>\n<p style=\"text-align: left;\"><span style=\"color: #a36552;\"><strong>Acc\u00e8s unique aux personnes int\u00e9ress\u00e9es par l&rsquo;art et aux collectionneurs d&rsquo;art.<\/strong><\/span><\/p>\n<p>[\/vc_column_text][\/vc_column][vc_column width=\u00a0\u00bb1\/5&Prime;][vc_single_image image=\u00a0\u00bb30159&Prime; img_size=\u00a0\u00bb100&#215;100&Prime; alignment=\u00a0\u00bbcenter\u00a0\u00bb][vc_column_text]<strong><span style=\"color: #a36552;\">En tant que \u00abPartenaire NZZ Art\u00bb, nous te garantissons<br \/>\nl&rsquo;exclusivit\u00e9 de la branche.<br \/>\n<\/span><\/strong>[\/vc_column_text][\/vc_column][vc_column width=\u00a0\u00bb1\/5&Prime;][vc_single_image image=\u00a0\u00bb30114&Prime; img_size=\u00a0\u00bb100&#215;100&Prime; alignment=\u00a0\u00bbcenter\u00a0\u00bb][vc_column_text]<strong><span style=\"color: #a36552;\">Int\u00e9gration publicitaire polyvalente, plus de d\u00e9tails dans la pr\u00e9sentation.<\/span><\/strong>[\/vc_column_text][\/vc_column][\/vc_row][vc_row][vc_column][vc_empty_space][vc_empty_space][vc_separator border_width=\u00a0\u00bb2&Prime;][vc_empty_space][vc_column_text]<div class=\"_df_book df-lite\" id=\"df_30721\"  _slug=\"nzz-art-en\" data-title=\"nzz-art-en\" wpoptions=\"true\" thumbtype=\"\" ><\/div><script class=\"df-shortcode-script\" nowprocket type=\"application\/javascript\">window.option_df_30721 = {\"outline\":[],\"backgroundColor\":\"#ffffff\",\"autoEnableOutline\":\"false\",\"autoEnableThumbnail\":\"false\",\"overwritePDFOutline\":\"false\",\"direction\":\"1\",\"pageSize\":\"0\",\"source\":\"https:\\\/\\\/www.nzzone.ch\\\/wp-content\\\/uploads\\\/2024\\\/10\\\/Roadshow-Presentation-NZZ-Art-Englisch.pdf\",\"wpOptions\":\"true\"}; if(window.DFLIP && window.DFLIP.parseBooks){window.DFLIP.parseBooks();}<\/script>[\/vc_column_text][vc_empty_space][\/vc_column][\/vc_row][vc_row full_width=\u00a0\u00bbstretch_row\u00a0\u00bb css=\u00a0\u00bb.vc_custom_1636121856693{background-color: #a36552 !important;}\u00a0\u00bb][vc_column width=\u00a0\u00bb1\/5&Prime;][\/vc_column][vc_column width=\u00a0\u00bb4\/5&Prime;][vc_empty_space][vc_column_text el_class=\u00a0\u00bbwhite\u00a0\u00bb]<\/p>\n<h3>Int\u00e9ress\u00e9(e) par des informations d\u00e9taill\u00e9es sur NZZ Art?<\/h3>\n<p>[\/vc_column_text][vc_btn title=\u00a0\u00bbT\u00e9l\u00e9charger la pr\u00e9sentation\u00a0\u00bb style=\u00a0\u00bbgradient-custom\u00a0\u00bb gradient_custom_color_1=\u00a0\u00bb#ffffff\u00a0\u00bb gradient_custom_color_2=\u00a0\u00bb#ffffff\u00a0\u00bb gradient_text_color=\u00a0\u00bb#a36552&Prime; shape=\u00a0\u00bbround\u00a0\u00bb size=\u00a0\u00bbsm\u00a0\u00bb i_align=\u00a0\u00bbright\u00a0\u00bb i_icon_fontawesome=\u00a0\u00bbfas fa-angle-right\u00a0\u00bb add_icon=\u00a0\u00bbtrue\u00a0\u00bb link=\u00a0\u00bburl:https%3A%2F%2Fwww.nzzone.ch%2Fwp-content%2Fuploads%2F2024%2F10%2FRoadshow-Presentation-NZZ-Art-Englisch.pdf|target:_blank|\u00a0\u00bb][vc_empty_space][\/vc_column][\/vc_row][vc_row full_width=\u00a0\u00bbstretch_row\u00a0\u00bb][vc_column width=\u00a0\u00bb1\/5&Prime;][\/vc_column][vc_column width=\u00a0\u00bb4\/5&Prime;][vc_empty_space height=\u00a0\u00bb60px\u00a0\u00bb][vc_btn title=\u00a0\u00bbHome\u00a0\u00bb style=\u00a0\u00bbgradient-custom\u00a0\u00bb gradient_custom_color_1=\u00a0\u00bb#a36552&Prime; gradient_custom_color_2=\u00a0\u00bb#a36552&Prime; shape=\u00a0\u00bbround\u00a0\u00bb size=\u00a0\u00bbsm\u00a0\u00bb align=\u00a0\u00bbright\u00a0\u00bb i_align=\u00a0\u00bbright\u00a0\u00bb i_icon_fontawesome=\u00a0\u00bbfas fa-angle-right\u00a0\u00bb add_icon=\u00a0\u00bbtrue\u00a0\u00bb link=\u00a0\u00bburl:https%3A%2F%2Fwww.nzzone.ch%2Ffr%2Froadshow-2024-25%2F%23variabel|\u00a0\u00bb][vc_empty_space height=\u00a0\u00bb50&Prime;][\/vc_column][\/vc_row]<\/p>\n","protected":false},"excerpt":{"rendered":"<p>[vc_row full_width=\u00a0\u00bbstretch_row\u00a0\u00bb css=\u00a0\u00bb.vc_custom_1728310965217{background: #000000 url(https:\/\/www.nzzone.ch\/wp-content\/uploads\/2024\/10\/AR-MEN-Header-1.mp4?id=30151) !important;background-position: center !important;background-repeat: no-repeat !important;background-size: cover !important;}\u00a0\u00bb][vc_column][vc_raw_html]PGRpdiBjbGFzcz0iY29udGFpbmVyLXN0YXJzIj48ZGl2IGNsYXNzPSJzdGFycyI+PC9kaXY+PGRpdiBjbGFzcz0ic3RhcnMyIj48L2Rpdj48ZGl2IGNsYXNzPSJzdGFyczMiPjwvZGl2PjwvZGl2Pg==[\/vc_raw_html][vc_empty_space height=\u00a0\u00bb50px\u00a0\u00bb][vc_raw_html]PHZpZGVvIHdpZHRoPSIxMDAlIiBoZWlnaHQ9IjU5MHB4IiBjb250cm9scyBsb29wIGF1dG9wbGF5IG11dGVkIHN0eWxlPSJwb3NpdGlvbjpyZWxhdGl2ZTsiPg0KICAgICAgPHNvdXJjZSBzcmM9Imh0dHBzOi8vd3d3Lm56em9uZS5jaC93cC1jb250ZW50L3VwbG9hZHMvMjAyNC8xMC9OWlotQXJ0LUhlYWRlci5tcDQiIHR5cGU9dmlkZW8vbXA0Pg0KPC92aWRlbz4=[\/vc_raw_html][vc_empty_space height=\u00a0\u00bb50px\u00a0\u00bb][\/vc_column][\/vc_row][vc_row][vc_column][vc_row_inner][vc_column_inner width=\u00a0\u00bb1\/5&Prime;][\/vc_column_inner][vc_column_inner width=\u00a0\u00bb4\/5&Prime;][vc_custom_heading text=\u00a0\u00bbNZZ Art\u00a0\u00bb font_container=\u00a0\u00bbtag:p|font_size:14|text_align:left|color:%23a36552&Prime; use_theme_fonts=\u00a0\u00bbyes\u00a0\u00bb][vc_separator color=\u00a0\u00bbcustom\u00a0\u00bb align=\u00a0\u00bbalign_left\u00a0\u00bb border_width=\u00a0\u00bb2&Prime; el_width=\u00a0\u00bb10&Prime; accent_color=\u00a0\u00bb#a36552&Prime;][vc_empty_space][\/vc_column_inner][\/vc_row_inner][vc_column_text] Rejoins l&rsquo;\u00e9cosyst\u00e8me artistique de NZZ! [\/vc_column_text][vc_column_text]Ta chance de te positionner dans notre environnement artistique: deviens l&rsquo;un des deux Main Partners et profite d&rsquo;une vaste pr\u00e9sence publicitaire, d&rsquo;une exclusivit\u00e9 sectorielle et [&hellip;]<\/p>\n","protected":false},"author":9,"featured_media":0,"parent":0,"menu_order":0,"comment_status":"closed","ping_status":"closed","template":"","meta":{"_acf_changed":false,"content-type":"","footnotes":""},"class_list":["post-30740","page","type-page","status-publish","hentry"],"acf":[],"yoast_head":"<!-- This site is optimized with the Yoast SEO plugin v24.4 - https:\/\/yoast.com\/wordpress\/plugins\/seo\/ -->\n<title>Roadshow 2024-25 \/ NZZ Art - NZZone<\/title>\n<meta name=\"robots\" content=\"index, follow, max-snippet:-1, max-image-preview:large, max-video-preview:-1\" \/>\n<link rel=\"canonical\" href=\"https:\/\/www.nzzone.ch\/fr\/roadshow-2024-25-nzz-art\/\" \/>\n<meta property=\"og:locale\" content=\"fr_FR\" \/>\n<meta property=\"og:type\" content=\"article\" \/>\n<meta property=\"og:title\" content=\"Roadshow 2024-25 \/ NZZ Art - NZZone\" \/>\n<meta property=\"og:description\" content=\"[vc_row full_width=\u00a0\u00bbstretch_row\u00a0\u00bb css=\u00a0\u00bb.vc_custom_1728310965217{background: #000000 url(https:\/\/www.nzzone.ch\/wp-content\/uploads\/2024\/10\/AR-MEN-Header-1.mp4?id=30151) !important;background-position: center !important;background-repeat: no-repeat !important;background-size: cover !important;}\u00a0\u00bb][vc_column][vc_raw_html]PGRpdiBjbGFzcz0iY29udGFpbmVyLXN0YXJzIj48ZGl2IGNsYXNzPSJzdGFycyI+PC9kaXY+PGRpdiBjbGFzcz0ic3RhcnMyIj48L2Rpdj48ZGl2IGNsYXNzPSJzdGFyczMiPjwvZGl2PjwvZGl2Pg==[\/vc_raw_html][vc_empty_space height=\u00a0\u00bb50px\u00a0\u00bb][vc_raw_html]PHZpZGVvIHdpZHRoPSIxMDAlIiBoZWlnaHQ9IjU5MHB4IiBjb250cm9scyBsb29wIGF1dG9wbGF5IG11dGVkIHN0eWxlPSJwb3NpdGlvbjpyZWxhdGl2ZTsiPg0KICAgICAgPHNvdXJjZSBzcmM9Imh0dHBzOi8vd3d3Lm56em9uZS5jaC93cC1jb250ZW50L3VwbG9hZHMvMjAyNC8xMC9OWlotQXJ0LUhlYWRlci5tcDQiIHR5cGU9dmlkZW8vbXA0Pg0KPC92aWRlbz4=[\/vc_raw_html][vc_empty_space height=\u00a0\u00bb50px\u00a0\u00bb][\/vc_column][\/vc_row][vc_row][vc_column][vc_row_inner][vc_column_inner width=\u00a0\u00bb1\/5&Prime;][\/vc_column_inner][vc_column_inner width=\u00a0\u00bb4\/5&Prime;][vc_custom_heading text=\u00a0\u00bbNZZ Art\u00a0\u00bb font_container=\u00a0\u00bbtag:p|font_size:14|text_align:left|color:%23a36552&Prime; use_theme_fonts=\u00a0\u00bbyes\u00a0\u00bb][vc_separator color=\u00a0\u00bbcustom\u00a0\u00bb align=\u00a0\u00bbalign_left\u00a0\u00bb border_width=\u00a0\u00bb2&Prime; el_width=\u00a0\u00bb10&Prime; accent_color=\u00a0\u00bb#a36552&Prime;][vc_empty_space][\/vc_column_inner][\/vc_row_inner][vc_column_text] Rejoins l&rsquo;\u00e9cosyst\u00e8me artistique de NZZ! [\/vc_column_text][vc_column_text]Ta chance de te positionner dans notre environnement artistique: deviens l&rsquo;un des deux Main Partners et profite d&rsquo;une vaste pr\u00e9sence publicitaire, d&rsquo;une exclusivit\u00e9 sectorielle et [&hellip;]\" \/>\n<meta property=\"og:url\" content=\"https:\/\/www.nzzone.ch\/fr\/roadshow-2024-25-nzz-art\/\" \/>\n<meta property=\"og:site_name\" content=\"NZZone\" \/>\n<meta property=\"article:modified_time\" content=\"2024-10-24T12:02:38+00:00\" \/>\n<meta name=\"twitter:card\" content=\"summary_large_image\" \/>\n<meta name=\"twitter:label1\" content=\"Dur\u00e9e de lecture estim\u00e9e\" \/>\n\t<meta name=\"twitter:data1\" content=\"2 minutes\" \/>\n<script type=\"application\/ld+json\" class=\"yoast-schema-graph\">{\"@context\":\"https:\/\/schema.org\",\"@graph\":[{\"@type\":\"WebPage\",\"@id\":\"https:\/\/www.nzzone.ch\/fr\/roadshow-2024-25-nzz-art\/\",\"url\":\"https:\/\/www.nzzone.ch\/fr\/roadshow-2024-25-nzz-art\/\",\"name\":\"Roadshow 2024-25 \/ NZZ Art - NZZone\",\"isPartOf\":{\"@id\":\"https:\/\/www.nzzone.ch\/#website\"},\"datePublished\":\"2024-10-24T09:10:30+00:00\",\"dateModified\":\"2024-10-24T12:02:38+00:00\",\"breadcrumb\":{\"@id\":\"https:\/\/www.nzzone.ch\/fr\/roadshow-2024-25-nzz-art\/#breadcrumb\"},\"inLanguage\":\"fr-FR\",\"potentialAction\":[{\"@type\":\"ReadAction\",\"target\":[\"https:\/\/www.nzzone.ch\/fr\/roadshow-2024-25-nzz-art\/\"]}]},{\"@type\":\"BreadcrumbList\",\"@id\":\"https:\/\/www.nzzone.ch\/fr\/roadshow-2024-25-nzz-art\/#breadcrumb\",\"itemListElement\":[{\"@type\":\"ListItem\",\"position\":1,\"name\":\"Startseite\",\"item\":\"https:\/\/www.nzzone.ch\/fr\/\"},{\"@type\":\"ListItem\",\"position\":2,\"name\":\"Roadshow 2024-25 \/ NZZ Art\"}]},{\"@type\":\"WebSite\",\"@id\":\"https:\/\/www.nzzone.ch\/#website\",\"url\":\"https:\/\/www.nzzone.ch\/\",\"name\":\"NZZone\",\"description\":\"premium \u2022 brand \u2022 advertising\",\"publisher\":{\"@id\":\"https:\/\/www.nzzone.ch\/#organization\"},\"potentialAction\":[{\"@type\":\"SearchAction\",\"target\":{\"@type\":\"EntryPoint\",\"urlTemplate\":\"https:\/\/www.nzzone.ch\/?s={search_term_string}\"},\"query-input\":{\"@type\":\"PropertyValueSpecification\",\"valueRequired\":true,\"valueName\":\"search_term_string\"}}],\"inLanguage\":\"fr-FR\"},{\"@type\":\"Organization\",\"@id\":\"https:\/\/www.nzzone.ch\/#organization\",\"name\":\"NZZone\",\"url\":\"https:\/\/www.nzzone.ch\/\",\"logo\":{\"@type\":\"ImageObject\",\"inLanguage\":\"fr-FR\",\"@id\":\"https:\/\/www.nzzone.ch\/#\/schema\/logo\/image\/\",\"url\":\"https:\/\/www.nzzone.ch\/wp-content\/uploads\/2024\/01\/cropped-NZZ-one-Logo.png\",\"contentUrl\":\"https:\/\/www.nzzone.ch\/wp-content\/uploads\/2024\/01\/cropped-NZZ-one-Logo.png\",\"width\":492,\"height\":135,\"caption\":\"NZZone\"},\"image\":{\"@id\":\"https:\/\/www.nzzone.ch\/#\/schema\/logo\/image\/\"}}]}<\/script>\n<!-- \/ Yoast SEO plugin. -->","yoast_head_json":{"title":"Roadshow 2024-25 \/ NZZ Art - NZZone","robots":{"index":"index","follow":"follow","max-snippet":"max-snippet:-1","max-image-preview":"max-image-preview:large","max-video-preview":"max-video-preview:-1"},"canonical":"https:\/\/www.nzzone.ch\/fr\/roadshow-2024-25-nzz-art\/","og_locale":"fr_FR","og_type":"article","og_title":"Roadshow 2024-25 \/ NZZ Art - NZZone","og_description":"[vc_row full_width=\u00a0\u00bbstretch_row\u00a0\u00bb css=\u00a0\u00bb.vc_custom_1728310965217{background: #000000 url(https:\/\/www.nzzone.ch\/wp-content\/uploads\/2024\/10\/AR-MEN-Header-1.mp4?id=30151) !important;background-position: center !important;background-repeat: no-repeat !important;background-size: cover !important;}\u00a0\u00bb][vc_column][vc_raw_html]PGRpdiBjbGFzcz0iY29udGFpbmVyLXN0YXJzIj48ZGl2IGNsYXNzPSJzdGFycyI+PC9kaXY+PGRpdiBjbGFzcz0ic3RhcnMyIj48L2Rpdj48ZGl2IGNsYXNzPSJzdGFyczMiPjwvZGl2PjwvZGl2Pg==[\/vc_raw_html][vc_empty_space height=\u00a0\u00bb50px\u00a0\u00bb][vc_raw_html]PHZpZGVvIHdpZHRoPSIxMDAlIiBoZWlnaHQ9IjU5MHB4IiBjb250cm9scyBsb29wIGF1dG9wbGF5IG11dGVkIHN0eWxlPSJwb3NpdGlvbjpyZWxhdGl2ZTsiPg0KICAgICAgPHNvdXJjZSBzcmM9Imh0dHBzOi8vd3d3Lm56em9uZS5jaC93cC1jb250ZW50L3VwbG9hZHMvMjAyNC8xMC9OWlotQXJ0LUhlYWRlci5tcDQiIHR5cGU9dmlkZW8vbXA0Pg0KPC92aWRlbz4=[\/vc_raw_html][vc_empty_space height=\u00a0\u00bb50px\u00a0\u00bb][\/vc_column][\/vc_row][vc_row][vc_column][vc_row_inner][vc_column_inner width=\u00a0\u00bb1\/5&Prime;][\/vc_column_inner][vc_column_inner width=\u00a0\u00bb4\/5&Prime;][vc_custom_heading text=\u00a0\u00bbNZZ Art\u00a0\u00bb font_container=\u00a0\u00bbtag:p|font_size:14|text_align:left|color:%23a36552&Prime; use_theme_fonts=\u00a0\u00bbyes\u00a0\u00bb][vc_separator color=\u00a0\u00bbcustom\u00a0\u00bb align=\u00a0\u00bbalign_left\u00a0\u00bb border_width=\u00a0\u00bb2&Prime; el_width=\u00a0\u00bb10&Prime; accent_color=\u00a0\u00bb#a36552&Prime;][vc_empty_space][\/vc_column_inner][\/vc_row_inner][vc_column_text] Rejoins l&rsquo;\u00e9cosyst\u00e8me artistique de NZZ! [\/vc_column_text][vc_column_text]Ta chance de te positionner dans notre environnement artistique: deviens l&rsquo;un des deux Main Partners et profite d&rsquo;une vaste pr\u00e9sence publicitaire, d&rsquo;une exclusivit\u00e9 sectorielle et [&hellip;]","og_url":"https:\/\/www.nzzone.ch\/fr\/roadshow-2024-25-nzz-art\/","og_site_name":"NZZone","article_modified_time":"2024-10-24T12:02:38+00:00","twitter_card":"summary_large_image","twitter_misc":{"Dur\u00e9e de lecture estim\u00e9e":"2 minutes"},"schema":{"@context":"https:\/\/schema.org","@graph":[{"@type":"WebPage","@id":"https:\/\/www.nzzone.ch\/fr\/roadshow-2024-25-nzz-art\/","url":"https:\/\/www.nzzone.ch\/fr\/roadshow-2024-25-nzz-art\/","name":"Roadshow 2024-25 \/ NZZ Art - NZZone","isPartOf":{"@id":"https:\/\/www.nzzone.ch\/#website"},"datePublished":"2024-10-24T09:10:30+00:00","dateModified":"2024-10-24T12:02:38+00:00","breadcrumb":{"@id":"https:\/\/www.nzzone.ch\/fr\/roadshow-2024-25-nzz-art\/#breadcrumb"},"inLanguage":"fr-FR","potentialAction":[{"@type":"ReadAction","target":["https:\/\/www.nzzone.ch\/fr\/roadshow-2024-25-nzz-art\/"]}]},{"@type":"BreadcrumbList","@id":"https:\/\/www.nzzone.ch\/fr\/roadshow-2024-25-nzz-art\/#breadcrumb","itemListElement":[{"@type":"ListItem","position":1,"name":"Startseite","item":"https:\/\/www.nzzone.ch\/fr\/"},{"@type":"ListItem","position":2,"name":"Roadshow 2024-25 \/ NZZ Art"}]},{"@type":"WebSite","@id":"https:\/\/www.nzzone.ch\/#website","url":"https:\/\/www.nzzone.ch\/","name":"NZZone","description":"premium \u2022 brand \u2022 advertising","publisher":{"@id":"https:\/\/www.nzzone.ch\/#organization"},"potentialAction":[{"@type":"SearchAction","target":{"@type":"EntryPoint","urlTemplate":"https:\/\/www.nzzone.ch\/?s={search_term_string}"},"query-input":{"@type":"PropertyValueSpecification","valueRequired":true,"valueName":"search_term_string"}}],"inLanguage":"fr-FR"},{"@type":"Organization","@id":"https:\/\/www.nzzone.ch\/#organization","name":"NZZone","url":"https:\/\/www.nzzone.ch\/","logo":{"@type":"ImageObject","inLanguage":"fr-FR","@id":"https:\/\/www.nzzone.ch\/#\/schema\/logo\/image\/","url":"https:\/\/www.nzzone.ch\/wp-content\/uploads\/2024\/01\/cropped-NZZ-one-Logo.png","contentUrl":"https:\/\/www.nzzone.ch\/wp-content\/uploads\/2024\/01\/cropped-NZZ-one-Logo.png","width":492,"height":135,"caption":"NZZone"},"image":{"@id":"https:\/\/www.nzzone.ch\/#\/schema\/logo\/image\/"}}]}},"_links":{"self":[{"href":"https:\/\/www.nzzone.ch\/fr\/wp-json\/wp\/v2\/pages\/30740","targetHints":{"allow":["GET"]}}],"collection":[{"href":"https:\/\/www.nzzone.ch\/fr\/wp-json\/wp\/v2\/pages"}],"about":[{"href":"https:\/\/www.nzzone.ch\/fr\/wp-json\/wp\/v2\/types\/page"}],"author":[{"embeddable":true,"href":"https:\/\/www.nzzone.ch\/fr\/wp-json\/wp\/v2\/users\/9"}],"replies":[{"embeddable":true,"href":"https:\/\/www.nzzone.ch\/fr\/wp-json\/wp\/v2\/comments?post=30740"}],"version-history":[{"count":5,"href":"https:\/\/www.nzzone.ch\/fr\/wp-json\/wp\/v2\/pages\/30740\/revisions"}],"predecessor-version":[{"id":30775,"href":"https:\/\/www.nzzone.ch\/fr\/wp-json\/wp\/v2\/pages\/30740\/revisions\/30775"}],"wp:attachment":[{"href":"https:\/\/www.nzzone.ch\/fr\/wp-json\/wp\/v2\/media?parent=30740"}],"curies":[{"name":"wp","href":"https:\/\/api.w.org\/{rel}","templated":true}]}}