{"id":30749,"date":"2024-10-24T11:41:07","date_gmt":"2024-10-24T09:41:07","guid":{"rendered":"https:\/\/www.nzzone.ch\/roadshow-2024-25-nzz-experience\/"},"modified":"2024-11-07T13:55:11","modified_gmt":"2024-11-07T12:55:11","slug":"roadshow-2024-25-nzz-experience","status":"publish","type":"page","link":"https:\/\/www.nzzone.ch\/fr\/roadshow-2024-25-nzz-experience\/","title":{"rendered":"Roadshow 2024-25 \/ NZZ Experience"},"content":{"rendered":"<p>[vc_row full_width=\u00a0\u00bbstretch_row\u00a0\u00bb css=\u00a0\u00bb.vc_custom_1728310965217{background: #000000 url(https:\/\/www.nzzone.ch\/wp-content\/uploads\/2024\/10\/AR-MEN-Header-1.mp4?id=30151) !important;background-position: center !important;background-repeat: no-repeat !important;background-size: cover !important;}\u00a0\u00bb][vc_column][vc_raw_html]PGRpdiBjbGFzcz0iY29udGFpbmVyLXN0YXJzIj48ZGl2IGNsYXNzPSJzdGFycyI+PC9kaXY+PGRpdiBjbGFzcz0ic3RhcnMyIj48L2Rpdj48ZGl2IGNsYXNzPSJzdGFyczMiPjwvZGl2PjwvZGl2Pg==[\/vc_raw_html][vc_empty_space height=\u00a0\u00bb50px\u00a0\u00bb][vc_raw_html]PHZpZGVvIHdpZHRoPSIxMDAlIiBoZWlnaHQ9IjU5MHB4IiBjb250cm9scyBsb29wIGF1dG9wbGF5IG11dGVkIHN0eWxlPSJwb3NpdGlvbjpyZWxhdGl2ZTsiPg0KICAgICAgPHNvdXJjZSBzcmM9Imh0dHBzOi8vd3d3Lm56em9uZS5jaC93cC1jb250ZW50L3VwbG9hZHMvMjAyNC8xMC9OWlotRXhwZXJpZW5jZS1IZWFkZXIubXA0IiB0eXBlPXZpZGVvL21wND4NCjwvdmlkZW8+[\/vc_raw_html][vc_empty_space height=\u00a0\u00bb50px\u00a0\u00bb][\/vc_column][\/vc_row][vc_row][vc_column][vc_row_inner][vc_column_inner width=\u00a0\u00bb1\/5&Prime;][\/vc_column_inner][vc_column_inner width=\u00a0\u00bb4\/5&Prime;][vc_custom_heading text=\u00a0\u00bbNZZ Experience\u00a0\u00bb font_container=\u00a0\u00bbtag:p|font_size:14|text_align:left|color:%23a36552&Prime; use_theme_fonts=\u00a0\u00bbyes\u00a0\u00bb][vc_separator color=\u00a0\u00bbcustom\u00a0\u00bb align=\u00a0\u00bbalign_left\u00a0\u00bb border_width=\u00a0\u00bb2&Prime; el_width=\u00a0\u00bb10&Prime; accent_color=\u00a0\u00bb#a36552&Prime;][vc_empty_space][\/vc_column_inner][\/vc_row_inner][vc_column_text]<\/p>\n<h2><b>Un positionnement de premier ordre pour ton produit<\/b><\/h2>\n<p>[\/vc_column_text][vc_column_text]Des exp\u00e9riences sur mesure \u2013 mises en sc\u00e8ne de mani\u00e8re exclusive et \u00e9l\u00e9gante.Ton produit est mis en lumi\u00e8re en accord avec tes id\u00e9es et rendu accessible au groupe cible souhait\u00e9 avec tact.[\/vc_column_text][vc_empty_space][\/vc_column][\/vc_row][vc_row][vc_column width=\u00a0\u00bb1\/4&Prime;][vc_single_image image=\u00a0\u00bb30640&Prime; img_size=\u00a0\u00bb100&#215;100&Prime; alignment=\u00a0\u00bbcenter\u00a0\u00bb][vc_column_text]<span style=\"color: #a36552;\"><strong>Des \u00e9v\u00e9nements sur mesure avec des exp\u00e9riences de premier ordre et des experts s\u00e9lectionn\u00e9s.<\/strong><\/span>[\/vc_column_text][\/vc_column][vc_column width=\u00a0\u00bb1\/4&Prime;][vc_single_image image=\u00a0\u00bb30210&Prime; img_size=\u00a0\u00bb100&#215;100&Prime; alignment=\u00a0\u00bbcenter\u00a0\u00bb][vc_column_text]<span style=\"color: #a36552;\"><strong>Grande confiance des participants gr\u00e2ce \u00e0 la forte r\u00e9putation de la NZZ.<\/strong><\/span>[\/vc_column_text][\/vc_column][vc_column width=\u00a0\u00bb1\/4&Prime;][vc_single_image image=\u00a0\u00bb30130&Prime; img_size=\u00a0\u00bb100&#215;100&Prime; alignment=\u00a0\u00bbcenter\u00a0\u00bb][vc_column_text]<\/p>\n<p style=\"text-align: left;\"><strong><span style=\"color: #a36552;\">S&rsquo;adresse \u00e0 un groupe cible \u00e0 fort pouvoir d&rsquo;achat qui appr\u00e9cie particuli\u00e8rement la qualit\u00e9.<\/span><\/strong><\/p>\n<p>[\/vc_column_text][\/vc_column][vc_column width=\u00a0\u00bb1\/4&Prime;][vc_single_image image=\u00a0\u00bb30595&Prime; img_size=\u00a0\u00bb100&#215;100&Prime; alignment=\u00a0\u00bbcenter\u00a0\u00bb][vc_column_text]<strong><span style=\"color: #a36552;\">Des produits issus des domaines du plaisir, du style de vie et du luxe sont int\u00e9gr\u00e9s harmonieusement dans des exp\u00e9riences de premi\u00e8re classe.<\/span><\/strong>[\/vc_column_text][\/vc_column][\/vc_row][vc_row][vc_column][vc_empty_space][vc_empty_space][vc_separator border_width=\u00a0\u00bb2&Prime;][vc_empty_space][vc_column_text]<div class=\"_df_book df-lite\" id=\"df_30648\"  _slug=\"nzz-experience\" data-title=\"nzz-experience\" wpoptions=\"true\" thumbtype=\"\" ><\/div><script class=\"df-shortcode-script\" nowprocket type=\"application\/javascript\">window.option_df_30648 = {\"outline\":[],\"backgroundColor\":\"#ffffff\",\"autoEnableOutline\":\"false\",\"autoEnableThumbnail\":\"false\",\"overwritePDFOutline\":\"false\",\"direction\":\"1\",\"pageSize\":\"0\",\"source\":\"https:\\\/\\\/www.nzzone.ch\\\/wp-content\\\/uploads\\\/2024\\\/10\\\/2025_NZZ-Events.pdf\",\"wpOptions\":\"true\"}; if(window.DFLIP && window.DFLIP.parseBooks){window.DFLIP.parseBooks();}<\/script>[\/vc_column_text][vc_separator border_width=\u00a0\u00bb2&Prime;][vc_empty_space][\/vc_column][\/vc_row][vc_row full_width=\u00a0\u00bbstretch_row\u00a0\u00bb disable_element=\u00a0\u00bbyes\u00a0\u00bb css=\u00a0\u00bb.vc_custom_1730130755168{background-color: #a36552 !important;}\u00a0\u00bb][vc_column width=\u00a0\u00bb1\/5&Prime;][\/vc_column][vc_column width=\u00a0\u00bb4\/5&Prime;][vc_empty_space][vc_column_text el_class=\u00a0\u00bbwhite\u00a0\u00bb]<\/p>\n<h3>Es-tu int\u00e9ress\u00e9 par des informations d\u00e9taill\u00e9es sur les \u00e9v\u00e9nements NZZ?<\/h3>\n<p>[\/vc_column_text][vc_btn title=\u00a0\u00bbT\u00e9l\u00e9charger la pr\u00e9sentation\u00a0\u00bb style=\u00a0\u00bbgradient-custom\u00a0\u00bb gradient_custom_color_1=\u00a0\u00bb#ffffff\u00a0\u00bb gradient_custom_color_2=\u00a0\u00bb#ffffff\u00a0\u00bb gradient_text_color=\u00a0\u00bb#a36552&Prime; shape=\u00a0\u00bbround\u00a0\u00bb size=\u00a0\u00bbsm\u00a0\u00bb i_align=\u00a0\u00bbright\u00a0\u00bb i_icon_fontawesome=\u00a0\u00bbfas fa-angle-right\u00a0\u00bb add_icon=\u00a0\u00bbtrue\u00a0\u00bb link=\u00a0\u00bburl:https%3A%2F%2Fwww.nzzone.ch%2Fwp-content%2Fuploads%2F2024%2F10%2F2025-NZZ-Events-franzo%CC%88sisch.pdf|target:_blank|\u00a0\u00bb][vc_empty_space][\/vc_column][\/vc_row][vc_row full_width=\u00a0\u00bbstretch_row\u00a0\u00bb][vc_column width=\u00a0\u00bb1\/5&Prime;][\/vc_column][vc_column width=\u00a0\u00bb4\/5&Prime;][vc_empty_space height=\u00a0\u00bb60px\u00a0\u00bb][vc_btn title=\u00a0\u00bbHome\u00a0\u00bb style=\u00a0\u00bbgradient-custom\u00a0\u00bb gradient_custom_color_1=\u00a0\u00bb#a36552&Prime; gradient_custom_color_2=\u00a0\u00bb#a36552&Prime; shape=\u00a0\u00bbround\u00a0\u00bb size=\u00a0\u00bbsm\u00a0\u00bb align=\u00a0\u00bbright\u00a0\u00bb i_align=\u00a0\u00bbright\u00a0\u00bb i_icon_fontawesome=\u00a0\u00bbfas fa-angle-right\u00a0\u00bb add_icon=\u00a0\u00bbtrue\u00a0\u00bb link=\u00a0\u00bburl:https%3A%2F%2Fwww.nzzone.ch%2Ffr%2Froadshow-2024-25%2F%23variabel|\u00a0\u00bb][vc_empty_space height=\u00a0\u00bb50&Prime;][\/vc_column][\/vc_row]<\/p>\n","protected":false},"excerpt":{"rendered":"<p>[vc_row full_width=\u00a0\u00bbstretch_row\u00a0\u00bb css=\u00a0\u00bb.vc_custom_1728310965217{background: #000000 url(https:\/\/www.nzzone.ch\/wp-content\/uploads\/2024\/10\/AR-MEN-Header-1.mp4?id=30151) !important;background-position: center !important;background-repeat: no-repeat !important;background-size: cover !important;}\u00a0\u00bb][vc_column][vc_raw_html]PGRpdiBjbGFzcz0iY29udGFpbmVyLXN0YXJzIj48ZGl2IGNsYXNzPSJzdGFycyI+PC9kaXY+PGRpdiBjbGFzcz0ic3RhcnMyIj48L2Rpdj48ZGl2IGNsYXNzPSJzdGFyczMiPjwvZGl2PjwvZGl2Pg==[\/vc_raw_html][vc_empty_space height=\u00a0\u00bb50px\u00a0\u00bb][vc_raw_html]PHZpZGVvIHdpZHRoPSIxMDAlIiBoZWlnaHQ9IjU5MHB4IiBjb250cm9scyBsb29wIGF1dG9wbGF5IG11dGVkIHN0eWxlPSJwb3NpdGlvbjpyZWxhdGl2ZTsiPg0KICAgICAgPHNvdXJjZSBzcmM9Imh0dHBzOi8vd3d3Lm56em9uZS5jaC93cC1jb250ZW50L3VwbG9hZHMvMjAyNC8xMC9OWlotRXhwZXJpZW5jZS1IZWFkZXIubXA0IiB0eXBlPXZpZGVvL21wND4NCjwvdmlkZW8+[\/vc_raw_html][vc_empty_space height=\u00a0\u00bb50px\u00a0\u00bb][\/vc_column][\/vc_row][vc_row][vc_column][vc_row_inner][vc_column_inner width=\u00a0\u00bb1\/5&Prime;][\/vc_column_inner][vc_column_inner width=\u00a0\u00bb4\/5&Prime;][vc_custom_heading text=\u00a0\u00bbNZZ Experience\u00a0\u00bb font_container=\u00a0\u00bbtag:p|font_size:14|text_align:left|color:%23a36552&Prime; use_theme_fonts=\u00a0\u00bbyes\u00a0\u00bb][vc_separator color=\u00a0\u00bbcustom\u00a0\u00bb align=\u00a0\u00bbalign_left\u00a0\u00bb border_width=\u00a0\u00bb2&Prime; el_width=\u00a0\u00bb10&Prime; accent_color=\u00a0\u00bb#a36552&Prime;][vc_empty_space][\/vc_column_inner][\/vc_row_inner][vc_column_text] Un positionnement de premier ordre pour ton produit [\/vc_column_text][vc_column_text]Des exp\u00e9riences sur mesure \u2013 mises en sc\u00e8ne de mani\u00e8re exclusive et \u00e9l\u00e9gante.Ton produit est mis en lumi\u00e8re en accord avec tes [&hellip;]<\/p>\n","protected":false},"author":9,"featured_media":0,"parent":0,"menu_order":0,"comment_status":"closed","ping_status":"closed","template":"","meta":{"_acf_changed":false,"content-type":"","footnotes":""},"class_list":["post-30749","page","type-page","status-publish","hentry"],"acf":[],"yoast_head":"<!-- This site is optimized with the Yoast SEO plugin v24.4 - https:\/\/yoast.com\/wordpress\/plugins\/seo\/ -->\n<title>Roadshow 2024-25 \/ NZZ Experience - NZZone<\/title>\n<meta name=\"robots\" content=\"index, follow, max-snippet:-1, max-image-preview:large, max-video-preview:-1\" \/>\n<link rel=\"canonical\" href=\"https:\/\/www.nzzone.ch\/roadshow-2024-25-nzz-experience\/\" \/>\n<meta property=\"og:locale\" content=\"fr_FR\" \/>\n<meta property=\"og:type\" content=\"article\" \/>\n<meta property=\"og:title\" content=\"Roadshow 2024-25 \/ NZZ Experience - NZZone\" \/>\n<meta property=\"og:description\" content=\"[vc_row full_width=\u00a0\u00bbstretch_row\u00a0\u00bb css=\u00a0\u00bb.vc_custom_1728310965217{background: #000000 url(https:\/\/www.nzzone.ch\/wp-content\/uploads\/2024\/10\/AR-MEN-Header-1.mp4?id=30151) !important;background-position: center !important;background-repeat: no-repeat !important;background-size: cover !important;}\u00a0\u00bb][vc_column][vc_raw_html]PGRpdiBjbGFzcz0iY29udGFpbmVyLXN0YXJzIj48ZGl2IGNsYXNzPSJzdGFycyI+PC9kaXY+PGRpdiBjbGFzcz0ic3RhcnMyIj48L2Rpdj48ZGl2IGNsYXNzPSJzdGFyczMiPjwvZGl2PjwvZGl2Pg==[\/vc_raw_html][vc_empty_space height=\u00a0\u00bb50px\u00a0\u00bb][vc_raw_html]PHZpZGVvIHdpZHRoPSIxMDAlIiBoZWlnaHQ9IjU5MHB4IiBjb250cm9scyBsb29wIGF1dG9wbGF5IG11dGVkIHN0eWxlPSJwb3NpdGlvbjpyZWxhdGl2ZTsiPg0KICAgICAgPHNvdXJjZSBzcmM9Imh0dHBzOi8vd3d3Lm56em9uZS5jaC93cC1jb250ZW50L3VwbG9hZHMvMjAyNC8xMC9OWlotRXhwZXJpZW5jZS1IZWFkZXIubXA0IiB0eXBlPXZpZGVvL21wND4NCjwvdmlkZW8+[\/vc_raw_html][vc_empty_space height=\u00a0\u00bb50px\u00a0\u00bb][\/vc_column][\/vc_row][vc_row][vc_column][vc_row_inner][vc_column_inner width=\u00a0\u00bb1\/5&Prime;][\/vc_column_inner][vc_column_inner width=\u00a0\u00bb4\/5&Prime;][vc_custom_heading text=\u00a0\u00bbNZZ Experience\u00a0\u00bb font_container=\u00a0\u00bbtag:p|font_size:14|text_align:left|color:%23a36552&Prime; use_theme_fonts=\u00a0\u00bbyes\u00a0\u00bb][vc_separator color=\u00a0\u00bbcustom\u00a0\u00bb align=\u00a0\u00bbalign_left\u00a0\u00bb border_width=\u00a0\u00bb2&Prime; el_width=\u00a0\u00bb10&Prime; accent_color=\u00a0\u00bb#a36552&Prime;][vc_empty_space][\/vc_column_inner][\/vc_row_inner][vc_column_text] Un positionnement de premier ordre pour ton produit [\/vc_column_text][vc_column_text]Des exp\u00e9riences sur mesure \u2013 mises en sc\u00e8ne de mani\u00e8re exclusive et \u00e9l\u00e9gante.Ton produit est mis en lumi\u00e8re en accord avec tes [&hellip;]\" \/>\n<meta property=\"og:url\" content=\"https:\/\/www.nzzone.ch\/roadshow-2024-25-nzz-experience\/\" \/>\n<meta property=\"og:site_name\" content=\"NZZone\" \/>\n<meta property=\"article:modified_time\" content=\"2024-11-07T12:55:11+00:00\" \/>\n<meta name=\"twitter:card\" content=\"summary_large_image\" \/>\n<meta name=\"twitter:label1\" content=\"Dur\u00e9e de lecture estim\u00e9e\" \/>\n\t<meta name=\"twitter:data1\" content=\"2 minutes\" \/>\n<script type=\"application\/ld+json\" class=\"yoast-schema-graph\">{\"@context\":\"https:\/\/schema.org\",\"@graph\":[{\"@type\":\"WebPage\",\"@id\":\"https:\/\/www.nzzone.ch\/roadshow-2024-25-nzz-experience\/\",\"url\":\"https:\/\/www.nzzone.ch\/roadshow-2024-25-nzz-experience\/\",\"name\":\"Roadshow 2024-25 \/ NZZ Experience - NZZone\",\"isPartOf\":{\"@id\":\"https:\/\/www.nzzone.ch\/#website\"},\"datePublished\":\"2024-10-24T09:41:07+00:00\",\"dateModified\":\"2024-11-07T12:55:11+00:00\",\"breadcrumb\":{\"@id\":\"https:\/\/www.nzzone.ch\/roadshow-2024-25-nzz-experience\/#breadcrumb\"},\"inLanguage\":\"fr-FR\",\"potentialAction\":[{\"@type\":\"ReadAction\",\"target\":[\"https:\/\/www.nzzone.ch\/roadshow-2024-25-nzz-experience\/\"]}]},{\"@type\":\"BreadcrumbList\",\"@id\":\"https:\/\/www.nzzone.ch\/roadshow-2024-25-nzz-experience\/#breadcrumb\",\"itemListElement\":[{\"@type\":\"ListItem\",\"position\":1,\"name\":\"Startseite\",\"item\":\"https:\/\/www.nzzone.ch\/fr\/\"},{\"@type\":\"ListItem\",\"position\":2,\"name\":\"Roadshow 2024-25 \/ NZZ Experience\"}]},{\"@type\":\"WebSite\",\"@id\":\"https:\/\/www.nzzone.ch\/#website\",\"url\":\"https:\/\/www.nzzone.ch\/\",\"name\":\"NZZone\",\"description\":\"premium \u2022 brand \u2022 advertising\",\"publisher\":{\"@id\":\"https:\/\/www.nzzone.ch\/#organization\"},\"potentialAction\":[{\"@type\":\"SearchAction\",\"target\":{\"@type\":\"EntryPoint\",\"urlTemplate\":\"https:\/\/www.nzzone.ch\/?s={search_term_string}\"},\"query-input\":{\"@type\":\"PropertyValueSpecification\",\"valueRequired\":true,\"valueName\":\"search_term_string\"}}],\"inLanguage\":\"fr-FR\"},{\"@type\":\"Organization\",\"@id\":\"https:\/\/www.nzzone.ch\/#organization\",\"name\":\"NZZone\",\"url\":\"https:\/\/www.nzzone.ch\/\",\"logo\":{\"@type\":\"ImageObject\",\"inLanguage\":\"fr-FR\",\"@id\":\"https:\/\/www.nzzone.ch\/#\/schema\/logo\/image\/\",\"url\":\"https:\/\/www.nzzone.ch\/wp-content\/uploads\/2024\/01\/cropped-NZZ-one-Logo.png\",\"contentUrl\":\"https:\/\/www.nzzone.ch\/wp-content\/uploads\/2024\/01\/cropped-NZZ-one-Logo.png\",\"width\":492,\"height\":135,\"caption\":\"NZZone\"},\"image\":{\"@id\":\"https:\/\/www.nzzone.ch\/#\/schema\/logo\/image\/\"}}]}<\/script>\n<!-- \/ Yoast SEO plugin. -->","yoast_head_json":{"title":"Roadshow 2024-25 \/ NZZ Experience - NZZone","robots":{"index":"index","follow":"follow","max-snippet":"max-snippet:-1","max-image-preview":"max-image-preview:large","max-video-preview":"max-video-preview:-1"},"canonical":"https:\/\/www.nzzone.ch\/roadshow-2024-25-nzz-experience\/","og_locale":"fr_FR","og_type":"article","og_title":"Roadshow 2024-25 \/ NZZ Experience - NZZone","og_description":"[vc_row full_width=\u00a0\u00bbstretch_row\u00a0\u00bb css=\u00a0\u00bb.vc_custom_1728310965217{background: #000000 url(https:\/\/www.nzzone.ch\/wp-content\/uploads\/2024\/10\/AR-MEN-Header-1.mp4?id=30151) !important;background-position: center !important;background-repeat: no-repeat !important;background-size: cover !important;}\u00a0\u00bb][vc_column][vc_raw_html]PGRpdiBjbGFzcz0iY29udGFpbmVyLXN0YXJzIj48ZGl2IGNsYXNzPSJzdGFycyI+PC9kaXY+PGRpdiBjbGFzcz0ic3RhcnMyIj48L2Rpdj48ZGl2IGNsYXNzPSJzdGFyczMiPjwvZGl2PjwvZGl2Pg==[\/vc_raw_html][vc_empty_space height=\u00a0\u00bb50px\u00a0\u00bb][vc_raw_html]PHZpZGVvIHdpZHRoPSIxMDAlIiBoZWlnaHQ9IjU5MHB4IiBjb250cm9scyBsb29wIGF1dG9wbGF5IG11dGVkIHN0eWxlPSJwb3NpdGlvbjpyZWxhdGl2ZTsiPg0KICAgICAgPHNvdXJjZSBzcmM9Imh0dHBzOi8vd3d3Lm56em9uZS5jaC93cC1jb250ZW50L3VwbG9hZHMvMjAyNC8xMC9OWlotRXhwZXJpZW5jZS1IZWFkZXIubXA0IiB0eXBlPXZpZGVvL21wND4NCjwvdmlkZW8+[\/vc_raw_html][vc_empty_space height=\u00a0\u00bb50px\u00a0\u00bb][\/vc_column][\/vc_row][vc_row][vc_column][vc_row_inner][vc_column_inner width=\u00a0\u00bb1\/5&Prime;][\/vc_column_inner][vc_column_inner width=\u00a0\u00bb4\/5&Prime;][vc_custom_heading text=\u00a0\u00bbNZZ Experience\u00a0\u00bb font_container=\u00a0\u00bbtag:p|font_size:14|text_align:left|color:%23a36552&Prime; use_theme_fonts=\u00a0\u00bbyes\u00a0\u00bb][vc_separator color=\u00a0\u00bbcustom\u00a0\u00bb align=\u00a0\u00bbalign_left\u00a0\u00bb border_width=\u00a0\u00bb2&Prime; el_width=\u00a0\u00bb10&Prime; accent_color=\u00a0\u00bb#a36552&Prime;][vc_empty_space][\/vc_column_inner][\/vc_row_inner][vc_column_text] Un positionnement de premier ordre pour ton produit [\/vc_column_text][vc_column_text]Des exp\u00e9riences sur mesure \u2013 mises en sc\u00e8ne de mani\u00e8re exclusive et \u00e9l\u00e9gante.Ton produit est mis en lumi\u00e8re en accord avec tes [&hellip;]","og_url":"https:\/\/www.nzzone.ch\/roadshow-2024-25-nzz-experience\/","og_site_name":"NZZone","article_modified_time":"2024-11-07T12:55:11+00:00","twitter_card":"summary_large_image","twitter_misc":{"Dur\u00e9e de lecture estim\u00e9e":"2 minutes"},"schema":{"@context":"https:\/\/schema.org","@graph":[{"@type":"WebPage","@id":"https:\/\/www.nzzone.ch\/roadshow-2024-25-nzz-experience\/","url":"https:\/\/www.nzzone.ch\/roadshow-2024-25-nzz-experience\/","name":"Roadshow 2024-25 \/ NZZ Experience - NZZone","isPartOf":{"@id":"https:\/\/www.nzzone.ch\/#website"},"datePublished":"2024-10-24T09:41:07+00:00","dateModified":"2024-11-07T12:55:11+00:00","breadcrumb":{"@id":"https:\/\/www.nzzone.ch\/roadshow-2024-25-nzz-experience\/#breadcrumb"},"inLanguage":"fr-FR","potentialAction":[{"@type":"ReadAction","target":["https:\/\/www.nzzone.ch\/roadshow-2024-25-nzz-experience\/"]}]},{"@type":"BreadcrumbList","@id":"https:\/\/www.nzzone.ch\/roadshow-2024-25-nzz-experience\/#breadcrumb","itemListElement":[{"@type":"ListItem","position":1,"name":"Startseite","item":"https:\/\/www.nzzone.ch\/fr\/"},{"@type":"ListItem","position":2,"name":"Roadshow 2024-25 \/ NZZ Experience"}]},{"@type":"WebSite","@id":"https:\/\/www.nzzone.ch\/#website","url":"https:\/\/www.nzzone.ch\/","name":"NZZone","description":"premium \u2022 brand \u2022 advertising","publisher":{"@id":"https:\/\/www.nzzone.ch\/#organization"},"potentialAction":[{"@type":"SearchAction","target":{"@type":"EntryPoint","urlTemplate":"https:\/\/www.nzzone.ch\/?s={search_term_string}"},"query-input":{"@type":"PropertyValueSpecification","valueRequired":true,"valueName":"search_term_string"}}],"inLanguage":"fr-FR"},{"@type":"Organization","@id":"https:\/\/www.nzzone.ch\/#organization","name":"NZZone","url":"https:\/\/www.nzzone.ch\/","logo":{"@type":"ImageObject","inLanguage":"fr-FR","@id":"https:\/\/www.nzzone.ch\/#\/schema\/logo\/image\/","url":"https:\/\/www.nzzone.ch\/wp-content\/uploads\/2024\/01\/cropped-NZZ-one-Logo.png","contentUrl":"https:\/\/www.nzzone.ch\/wp-content\/uploads\/2024\/01\/cropped-NZZ-one-Logo.png","width":492,"height":135,"caption":"NZZone"},"image":{"@id":"https:\/\/www.nzzone.ch\/#\/schema\/logo\/image\/"}}]}},"_links":{"self":[{"href":"https:\/\/www.nzzone.ch\/fr\/wp-json\/wp\/v2\/pages\/30749","targetHints":{"allow":["GET"]}}],"collection":[{"href":"https:\/\/www.nzzone.ch\/fr\/wp-json\/wp\/v2\/pages"}],"about":[{"href":"https:\/\/www.nzzone.ch\/fr\/wp-json\/wp\/v2\/types\/page"}],"author":[{"embeddable":true,"href":"https:\/\/www.nzzone.ch\/fr\/wp-json\/wp\/v2\/users\/9"}],"replies":[{"embeddable":true,"href":"https:\/\/www.nzzone.ch\/fr\/wp-json\/wp\/v2\/comments?post=30749"}],"version-history":[{"count":6,"href":"https:\/\/www.nzzone.ch\/fr\/wp-json\/wp\/v2\/pages\/30749\/revisions"}],"predecessor-version":[{"id":30963,"href":"https:\/\/www.nzzone.ch\/fr\/wp-json\/wp\/v2\/pages\/30749\/revisions\/30963"}],"wp:attachment":[{"href":"https:\/\/www.nzzone.ch\/fr\/wp-json\/wp\/v2\/media?parent=30749"}],"curies":[{"name":"wp","href":"https:\/\/api.w.org\/{rel}","templated":true}]}}