{"id":30758,"date":"2024-10-24T13:28:18","date_gmt":"2024-10-24T11:28:18","guid":{"rendered":"https:\/\/www.nzzone.ch\/roadshow-2024-25-podcast-sur-les-etats-unis\/"},"modified":"2024-10-24T14:30:05","modified_gmt":"2024-10-24T12:30:05","slug":"roadshow-2024-25-podcast-sur-les-etats-unis","status":"publish","type":"page","link":"https:\/\/www.nzzone.ch\/fr\/roadshow-2024-25-podcast-sur-les-etats-unis\/","title":{"rendered":"Roadshow 2024-25 \/ Podcast sur les Etats-Unis"},"content":{"rendered":"<p>[vc_row full_width=\u00a0\u00bbstretch_row\u00a0\u00bb css=\u00a0\u00bb.vc_custom_1728394630882{background-color: #000000 !important;background-position: center !important;background-repeat: no-repeat !important;background-size: cover !important;}\u00a0\u00bb][vc_column][vc_raw_html]PGRpdiBjbGFzcz0iY29udGFpbmVyLXN0YXJzIj48ZGl2IGNsYXNzPSJzdGFycyI+PC9kaXY+PGRpdiBjbGFzcz0ic3RhcnMyIj48L2Rpdj48ZGl2IGNsYXNzPSJzdGFyczMiPjwvZGl2PjwvZGl2Pg==[\/vc_raw_html][vc_empty_space height=\u00a0\u00bb50px\u00a0\u00bb][vc_raw_html]PHZpZGVvIHdpZHRoPSIxMDAlIiBoZWlnaHQ9IjU5MHB4IiBjb250cm9scyBsb29wIGF1dG9wbGF5IG11dGVkIHN0eWxlPSJwb3NpdGlvbjpyZWxhdGl2ZTsiPg0KICAgICAgPHNvdXJjZSBzcmM9Imh0dHBzOi8vd3d3Lm56em9uZS5jaC93cC1jb250ZW50L3VwbG9hZHMvMjAyNC8xMC9Qb2RjYXN0LUhlYWRlci1zdy5tcDQiIHR5cGU9dmlkZW8vbXA0Pg0KPC92aWRlbz4=[\/vc_raw_html][vc_empty_space height=\u00a0\u00bb50px\u00a0\u00bb][\/vc_column][\/vc_row][vc_row][vc_column][vc_row_inner][vc_column_inner width=\u00a0\u00bb1\/5&Prime;][\/vc_column_inner][vc_column_inner width=\u00a0\u00bb4\/5&Prime;][vc_custom_heading text=\u00a0\u00bbUSA-Podcast\u00a0\u00bb font_container=\u00a0\u00bbtag:p|font_size:14|text_align:left|color:%23a36552&Prime; use_theme_fonts=\u00a0\u00bbyes\u00a0\u00bb][vc_separator color=\u00a0\u00bbcustom\u00a0\u00bb align=\u00a0\u00bbalign_left\u00a0\u00bb border_width=\u00a0\u00bb2&Prime; el_width=\u00a0\u00bb10&Prime; accent_color=\u00a0\u00bb#a36552&Prime;][vc_empty_space][\/vc_column_inner][\/vc_row_inner][vc_column_text]<\/p>\n<h2>Le regard analytique sur les Etats-Unis<\/h2>\n<p>[\/vc_column_text][vc_column_text]<span style=\"font-weight: 400;\">Nos h\u00f4tes se penchent sur des questions socialement centrales et donnent la parole \u00e0 des personnes qui n&rsquo;ont pas le temps de vivre le r\u00eave am\u00e9ricain. Quelles sont les pr\u00e9occupations des gens?<\/span>[\/vc_column_text][vc_empty_space][\/vc_column][\/vc_row][vc_row][vc_column width=\u00a0\u00bb1\/6&Prime;][vc_single_image image=\u00a0\u00bb30168&Prime; img_size=\u00a0\u00bb100&#215;100&Prime; alignment=\u00a0\u00bbcenter\u00a0\u00bb][vc_column_text]<\/p>\n<p style=\"text-align: left;\"><span style=\"color: #a36552;\"><b>Entretien entre l&rsquo;h\u00f4te et des correspondants de la NZZ aux Etats-Unis. <\/b><\/span><\/p>\n<p>[\/vc_column_text][\/vc_column][vc_column width=\u00a0\u00bb1\/6&Prime;][vc_single_image image=\u00a0\u00bb30117&Prime; img_size=\u00a0\u00bb100&#215;100&Prime; alignment=\u00a0\u00bbcenter\u00a0\u00bb][vc_column_text]<\/p>\n<p style=\"text-align: left;\"><strong><span style=\"color: #a36552;\">Para\u00eet chaque semaine le mercredi.<\/span><\/strong><\/p>\n<p>[\/vc_column_text][\/vc_column][vc_column width=\u00a0\u00bb1\/6&Prime;][vc_single_image image=\u00a0\u00bb30165&Prime; img_size=\u00a0\u00bb100&#215;100&Prime; alignment=\u00a0\u00bbcenter\u00a0\u00bb][vc_column_text]<\/p>\n<p style=\"text-align: left;\"><strong><span style=\"color: #a36552;\">25 minutes de plaisir auditif.<\/span><\/strong><\/p>\n<p>[\/vc_column_text][\/vc_column][vc_column width=\u00a0\u00bb1\/6&Prime;][vc_single_image image=\u00a0\u00bb30162&Prime; img_size=\u00a0\u00bb100&#215;100&Prime; alignment=\u00a0\u00bbcenter\u00a0\u00bb][vc_column_text]<\/p>\n<p style=\"text-align: left;\"><strong><span style=\"color: #a36552;\">50 000 t\u00e9l\u00e9chargements par mois.<\/span><\/strong><\/p>\n<p>[\/vc_column_text][\/vc_column][vc_column width=\u00a0\u00bb1\/6&Prime;][vc_single_image image=\u00a0\u00bb30159&Prime; img_size=\u00a0\u00bb100&#215;100&Prime; alignment=\u00a0\u00bbcenter\u00a0\u00bb][vc_column_text]<\/p>\n<p style=\"text-align: left;\"><strong><span style=\"color: #a36552;\">Placement exclusif pour les partenaires sous forme de pre- et de mid-roll.<\/span><\/strong><\/p>\n<p>[\/vc_column_text][\/vc_column][vc_column width=\u00a0\u00bb1\/6&Prime;][vc_single_image image=\u00a0\u00bb30130&Prime; img_size=\u00a0\u00bb100&#215;100&Prime; alignment=\u00a0\u00bbcenter\u00a0\u00bb][vc_column_text]<\/p>\n<p style=\"text-align: left;\"><strong><span style=\"color: #a36552;\">Groupe cible convoit\u00e9 avec un lien th\u00e9matique avec les Etats-Unis.<\/span><\/strong><\/p>\n<p>[\/vc_column_text][\/vc_column][\/vc_row][vc_row][vc_column][vc_empty_space][\/vc_column][\/vc_row][vc_row full_width=\u00a0\u00bbstretch_row\u00a0\u00bb css=\u00a0\u00bb.vc_custom_1636121856693{background-color: #a36552 !important;}\u00a0\u00bb][vc_column width=\u00a0\u00bb1\/5&Prime;][\/vc_column][vc_column width=\u00a0\u00bb4\/5&Prime;][vc_empty_space][vc_column_text el_class=\u00a0\u00bbwhite\u00a0\u00bb]<\/p>\n<h3>Int\u00e9ress\u00e9(e) par des informations d\u00e9taill\u00e9es sur nos podcasts?<\/h3>\n<p>[\/vc_column_text][vc_btn title=\u00a0\u00bbPr\u00e9sentation du podcast sur les Etats-Unis\u00a0\u00bb style=\u00a0\u00bbgradient-custom\u00a0\u00bb gradient_custom_color_1=\u00a0\u00bb#ffffff\u00a0\u00bb gradient_custom_color_2=\u00a0\u00bb#ffffff\u00a0\u00bb gradient_text_color=\u00a0\u00bb#a36552&Prime; shape=\u00a0\u00bbround\u00a0\u00bb size=\u00a0\u00bbsm\u00a0\u00bb i_align=\u00a0\u00bbright\u00a0\u00bb i_icon_fontawesome=\u00a0\u00bbfas fa-angle-right\u00a0\u00bb add_icon=\u00a0\u00bbtrue\u00a0\u00bb link=\u00a0\u00bburl:https%3A%2F%2Fwww.nzzone.ch%2Fwp-content%2Fuploads%2F2024%2F10%2FRoadshow-Presentation-USA-Podcast-Englisch.pdf|target:_blank|\u00a0\u00bb css=\u00a0\u00bb.vc_custom_1729241786606{margin-right: 30px !important;}\u00a0\u00bb][vc_btn title=\u00a0\u00bbPr\u00e9sentation du podcast NZZ\u00a0\u00bb style=\u00a0\u00bbgradient-custom\u00a0\u00bb gradient_custom_color_1=\u00a0\u00bb#ffffff\u00a0\u00bb gradient_custom_color_2=\u00a0\u00bb#ffffff\u00a0\u00bb gradient_text_color=\u00a0\u00bb#a36552&Prime; shape=\u00a0\u00bbround\u00a0\u00bb size=\u00a0\u00bbsm\u00a0\u00bb i_align=\u00a0\u00bbright\u00a0\u00bb i_icon_fontawesome=\u00a0\u00bbfas fa-angle-right\u00a0\u00bb add_icon=\u00a0\u00bbtrue\u00a0\u00bb link=\u00a0\u00bburl:https%3A%2F%2Fwww.nzzone.ch%2Fwp-content%2Fuploads%2F2024%2F10%2FNZZone_Presentation_NZZ-Podcast_franzo%CC%88sisch-1.pdf|target:_blank|\u00a0\u00bb][vc_empty_space][\/vc_column][\/vc_row][vc_row][vc_column][vc_empty_space][vc_column_text]<\/p>\n<h3>Exemples audio<\/h3>\n<p>[\/vc_column_text][vc_row_inner][vc_column_inner width=\u00a0\u00bb1\/3&Prime;][vc_single_image image=\u00a0\u00bb30176&Prime; img_size=\u00a0\u00bb150&#215;150&Prime; onclick=\u00a0\u00bbcustom_link\u00a0\u00bb img_link_target=\u00a0\u00bb_blank\u00a0\u00bb link=\u00a0\u00bbhttps:\/\/www.nzz.ch\/podcast\/us-wahl-warum-frauen-der-suburbs-so-entscheidend-sind-amerika-entscheidet-ld.1850968&Prime;][\/vc_column_inner][vc_column_inner width=\u00a0\u00bb1\/3&Prime;][vc_single_image image=\u00a0\u00bb30183&Prime; img_size=\u00a0\u00bb150&#215;150&Prime; onclick=\u00a0\u00bbcustom_link\u00a0\u00bb img_link_target=\u00a0\u00bb_blank\u00a0\u00bb link=\u00a0\u00bbhttps:\/\/www.nzz.ch\/podcast\/auf-der-suche-nach-der-geheimen-formel-der-pop-musik-ld.1846820&Prime;][\/vc_column_inner][vc_column_inner width=\u00a0\u00bb1\/3&Prime;][vc_single_image image=\u00a0\u00bb30188&Prime; img_size=\u00a0\u00bb150&#215;150&Prime; onclick=\u00a0\u00bbcustom_link\u00a0\u00bb img_link_target=\u00a0\u00bb_blank\u00a0\u00bb link=\u00a0\u00bbhttps:\/\/www.nzz.ch\/podcast\/ausstieg-aus-dem-konsum-wie-man-ohne-geld-lebt-ld.1826377&Prime;][\/vc_column_inner][\/vc_row_inner][vc_empty_space][vc_empty_space][\/vc_column][\/vc_row][vc_row full_width=\u00a0\u00bbstretch_row\u00a0\u00bb][vc_column width=\u00a0\u00bb1\/5&Prime;][\/vc_column][vc_column width=\u00a0\u00bb4\/5&Prime;][vc_empty_space height=\u00a0\u00bb60px\u00a0\u00bb][vc_btn title=\u00a0\u00bbHome\u00a0\u00bb style=\u00a0\u00bbgradient-custom\u00a0\u00bb gradient_custom_color_1=\u00a0\u00bb#a36552&Prime; gradient_custom_color_2=\u00a0\u00bb#a36552&Prime; shape=\u00a0\u00bbround\u00a0\u00bb size=\u00a0\u00bbsm\u00a0\u00bb align=\u00a0\u00bbright\u00a0\u00bb i_align=\u00a0\u00bbright\u00a0\u00bb i_icon_fontawesome=\u00a0\u00bbfas fa-angle-right\u00a0\u00bb add_icon=\u00a0\u00bbtrue\u00a0\u00bb link=\u00a0\u00bburl:https%3A%2F%2Fwww.nzzone.ch%2Ffr%2Froadshow-2024-25%2F%23fix|\u00a0\u00bb][vc_empty_space height=\u00a0\u00bb50&Prime;][\/vc_column][\/vc_row]<\/p>\n","protected":false},"excerpt":{"rendered":"<p>[vc_row full_width=\u00a0\u00bbstretch_row\u00a0\u00bb css=\u00a0\u00bb.vc_custom_1728394630882{background-color: #000000 !important;background-position: center !important;background-repeat: no-repeat !important;background-size: cover !important;}\u00a0\u00bb][vc_column][vc_raw_html]PGRpdiBjbGFzcz0iY29udGFpbmVyLXN0YXJzIj48ZGl2IGNsYXNzPSJzdGFycyI+PC9kaXY+PGRpdiBjbGFzcz0ic3RhcnMyIj48L2Rpdj48ZGl2IGNsYXNzPSJzdGFyczMiPjwvZGl2PjwvZGl2Pg==[\/vc_raw_html][vc_empty_space height=\u00a0\u00bb50px\u00a0\u00bb][vc_raw_html]PHZpZGVvIHdpZHRoPSIxMDAlIiBoZWlnaHQ9IjU5MHB4IiBjb250cm9scyBsb29wIGF1dG9wbGF5IG11dGVkIHN0eWxlPSJwb3NpdGlvbjpyZWxhdGl2ZTsiPg0KICAgICAgPHNvdXJjZSBzcmM9Imh0dHBzOi8vd3d3Lm56em9uZS5jaC93cC1jb250ZW50L3VwbG9hZHMvMjAyNC8xMC9Qb2RjYXN0LUhlYWRlci1zdy5tcDQiIHR5cGU9dmlkZW8vbXA0Pg0KPC92aWRlbz4=[\/vc_raw_html][vc_empty_space height=\u00a0\u00bb50px\u00a0\u00bb][\/vc_column][\/vc_row][vc_row][vc_column][vc_row_inner][vc_column_inner width=\u00a0\u00bb1\/5&Prime;][\/vc_column_inner][vc_column_inner width=\u00a0\u00bb4\/5&Prime;][vc_custom_heading text=\u00a0\u00bbUSA-Podcast\u00a0\u00bb font_container=\u00a0\u00bbtag:p|font_size:14|text_align:left|color:%23a36552&Prime; use_theme_fonts=\u00a0\u00bbyes\u00a0\u00bb][vc_separator color=\u00a0\u00bbcustom\u00a0\u00bb align=\u00a0\u00bbalign_left\u00a0\u00bb border_width=\u00a0\u00bb2&Prime; el_width=\u00a0\u00bb10&Prime; accent_color=\u00a0\u00bb#a36552&Prime;][vc_empty_space][\/vc_column_inner][\/vc_row_inner][vc_column_text] Le regard analytique sur les Etats-Unis [\/vc_column_text][vc_column_text]Nos h\u00f4tes se penchent sur des questions socialement centrales et donnent la parole \u00e0 des personnes qui n&rsquo;ont pas le temps de vivre le r\u00eave am\u00e9ricain. [&hellip;]<\/p>\n","protected":false},"author":9,"featured_media":0,"parent":0,"menu_order":0,"comment_status":"closed","ping_status":"closed","template":"","meta":{"_acf_changed":false,"content-type":"","footnotes":""},"class_list":["post-30758","page","type-page","status-publish","hentry"],"acf":[],"yoast_head":"<!-- This site is optimized with the Yoast SEO plugin v24.4 - https:\/\/yoast.com\/wordpress\/plugins\/seo\/ -->\n<title>Roadshow 2024-25 \/ Podcast sur les Etats-Unis - NZZone<\/title>\n<meta name=\"robots\" content=\"index, follow, max-snippet:-1, max-image-preview:large, max-video-preview:-1\" \/>\n<link rel=\"canonical\" href=\"https:\/\/www.nzzone.ch\/fr\/roadshow-2024-25-podcast-sur-les-etats-unis\/\" \/>\n<meta property=\"og:locale\" content=\"fr_FR\" \/>\n<meta property=\"og:type\" content=\"article\" \/>\n<meta property=\"og:title\" content=\"Roadshow 2024-25 \/ Podcast sur les Etats-Unis - NZZone\" \/>\n<meta property=\"og:description\" content=\"[vc_row full_width=\u00a0\u00bbstretch_row\u00a0\u00bb css=\u00a0\u00bb.vc_custom_1728394630882{background-color: #000000 !important;background-position: center !important;background-repeat: no-repeat !important;background-size: cover !important;}\u00a0\u00bb][vc_column][vc_raw_html]PGRpdiBjbGFzcz0iY29udGFpbmVyLXN0YXJzIj48ZGl2IGNsYXNzPSJzdGFycyI+PC9kaXY+PGRpdiBjbGFzcz0ic3RhcnMyIj48L2Rpdj48ZGl2IGNsYXNzPSJzdGFyczMiPjwvZGl2PjwvZGl2Pg==[\/vc_raw_html][vc_empty_space height=\u00a0\u00bb50px\u00a0\u00bb][vc_raw_html]PHZpZGVvIHdpZHRoPSIxMDAlIiBoZWlnaHQ9IjU5MHB4IiBjb250cm9scyBsb29wIGF1dG9wbGF5IG11dGVkIHN0eWxlPSJwb3NpdGlvbjpyZWxhdGl2ZTsiPg0KICAgICAgPHNvdXJjZSBzcmM9Imh0dHBzOi8vd3d3Lm56em9uZS5jaC93cC1jb250ZW50L3VwbG9hZHMvMjAyNC8xMC9Qb2RjYXN0LUhlYWRlci1zdy5tcDQiIHR5cGU9dmlkZW8vbXA0Pg0KPC92aWRlbz4=[\/vc_raw_html][vc_empty_space height=\u00a0\u00bb50px\u00a0\u00bb][\/vc_column][\/vc_row][vc_row][vc_column][vc_row_inner][vc_column_inner width=\u00a0\u00bb1\/5&Prime;][\/vc_column_inner][vc_column_inner width=\u00a0\u00bb4\/5&Prime;][vc_custom_heading text=\u00a0\u00bbUSA-Podcast\u00a0\u00bb font_container=\u00a0\u00bbtag:p|font_size:14|text_align:left|color:%23a36552&Prime; use_theme_fonts=\u00a0\u00bbyes\u00a0\u00bb][vc_separator color=\u00a0\u00bbcustom\u00a0\u00bb align=\u00a0\u00bbalign_left\u00a0\u00bb border_width=\u00a0\u00bb2&Prime; el_width=\u00a0\u00bb10&Prime; accent_color=\u00a0\u00bb#a36552&Prime;][vc_empty_space][\/vc_column_inner][\/vc_row_inner][vc_column_text] Le regard analytique sur les Etats-Unis [\/vc_column_text][vc_column_text]Nos h\u00f4tes se penchent sur des questions socialement centrales et donnent la parole \u00e0 des personnes qui n&rsquo;ont pas le temps de vivre le r\u00eave am\u00e9ricain. [&hellip;]\" \/>\n<meta property=\"og:url\" content=\"https:\/\/www.nzzone.ch\/fr\/roadshow-2024-25-podcast-sur-les-etats-unis\/\" \/>\n<meta property=\"og:site_name\" content=\"NZZone\" \/>\n<meta property=\"article:modified_time\" content=\"2024-10-24T12:30:05+00:00\" \/>\n<meta name=\"twitter:card\" content=\"summary_large_image\" \/>\n<meta name=\"twitter:label1\" content=\"Dur\u00e9e de lecture estim\u00e9e\" \/>\n\t<meta name=\"twitter:data1\" content=\"2 minutes\" \/>\n<script type=\"application\/ld+json\" class=\"yoast-schema-graph\">{\"@context\":\"https:\/\/schema.org\",\"@graph\":[{\"@type\":\"WebPage\",\"@id\":\"https:\/\/www.nzzone.ch\/fr\/roadshow-2024-25-podcast-sur-les-etats-unis\/\",\"url\":\"https:\/\/www.nzzone.ch\/fr\/roadshow-2024-25-podcast-sur-les-etats-unis\/\",\"name\":\"Roadshow 2024-25 \/ Podcast sur les Etats-Unis - NZZone\",\"isPartOf\":{\"@id\":\"https:\/\/www.nzzone.ch\/#website\"},\"datePublished\":\"2024-10-24T11:28:18+00:00\",\"dateModified\":\"2024-10-24T12:30:05+00:00\",\"breadcrumb\":{\"@id\":\"https:\/\/www.nzzone.ch\/fr\/roadshow-2024-25-podcast-sur-les-etats-unis\/#breadcrumb\"},\"inLanguage\":\"fr-FR\",\"potentialAction\":[{\"@type\":\"ReadAction\",\"target\":[\"https:\/\/www.nzzone.ch\/fr\/roadshow-2024-25-podcast-sur-les-etats-unis\/\"]}]},{\"@type\":\"BreadcrumbList\",\"@id\":\"https:\/\/www.nzzone.ch\/fr\/roadshow-2024-25-podcast-sur-les-etats-unis\/#breadcrumb\",\"itemListElement\":[{\"@type\":\"ListItem\",\"position\":1,\"name\":\"Startseite\",\"item\":\"https:\/\/www.nzzone.ch\/fr\/\"},{\"@type\":\"ListItem\",\"position\":2,\"name\":\"Roadshow 2024-25 \/ Podcast sur les Etats-Unis\"}]},{\"@type\":\"WebSite\",\"@id\":\"https:\/\/www.nzzone.ch\/#website\",\"url\":\"https:\/\/www.nzzone.ch\/\",\"name\":\"NZZone\",\"description\":\"premium \u2022 brand \u2022 advertising\",\"publisher\":{\"@id\":\"https:\/\/www.nzzone.ch\/#organization\"},\"potentialAction\":[{\"@type\":\"SearchAction\",\"target\":{\"@type\":\"EntryPoint\",\"urlTemplate\":\"https:\/\/www.nzzone.ch\/?s={search_term_string}\"},\"query-input\":{\"@type\":\"PropertyValueSpecification\",\"valueRequired\":true,\"valueName\":\"search_term_string\"}}],\"inLanguage\":\"fr-FR\"},{\"@type\":\"Organization\",\"@id\":\"https:\/\/www.nzzone.ch\/#organization\",\"name\":\"NZZone\",\"url\":\"https:\/\/www.nzzone.ch\/\",\"logo\":{\"@type\":\"ImageObject\",\"inLanguage\":\"fr-FR\",\"@id\":\"https:\/\/www.nzzone.ch\/#\/schema\/logo\/image\/\",\"url\":\"https:\/\/www.nzzone.ch\/wp-content\/uploads\/2024\/01\/cropped-NZZ-one-Logo.png\",\"contentUrl\":\"https:\/\/www.nzzone.ch\/wp-content\/uploads\/2024\/01\/cropped-NZZ-one-Logo.png\",\"width\":492,\"height\":135,\"caption\":\"NZZone\"},\"image\":{\"@id\":\"https:\/\/www.nzzone.ch\/#\/schema\/logo\/image\/\"}}]}<\/script>\n<!-- \/ Yoast SEO plugin. -->","yoast_head_json":{"title":"Roadshow 2024-25 \/ Podcast sur les Etats-Unis - NZZone","robots":{"index":"index","follow":"follow","max-snippet":"max-snippet:-1","max-image-preview":"max-image-preview:large","max-video-preview":"max-video-preview:-1"},"canonical":"https:\/\/www.nzzone.ch\/fr\/roadshow-2024-25-podcast-sur-les-etats-unis\/","og_locale":"fr_FR","og_type":"article","og_title":"Roadshow 2024-25 \/ Podcast sur les Etats-Unis - NZZone","og_description":"[vc_row full_width=\u00a0\u00bbstretch_row\u00a0\u00bb css=\u00a0\u00bb.vc_custom_1728394630882{background-color: #000000 !important;background-position: center !important;background-repeat: no-repeat !important;background-size: cover !important;}\u00a0\u00bb][vc_column][vc_raw_html]PGRpdiBjbGFzcz0iY29udGFpbmVyLXN0YXJzIj48ZGl2IGNsYXNzPSJzdGFycyI+PC9kaXY+PGRpdiBjbGFzcz0ic3RhcnMyIj48L2Rpdj48ZGl2IGNsYXNzPSJzdGFyczMiPjwvZGl2PjwvZGl2Pg==[\/vc_raw_html][vc_empty_space height=\u00a0\u00bb50px\u00a0\u00bb][vc_raw_html]PHZpZGVvIHdpZHRoPSIxMDAlIiBoZWlnaHQ9IjU5MHB4IiBjb250cm9scyBsb29wIGF1dG9wbGF5IG11dGVkIHN0eWxlPSJwb3NpdGlvbjpyZWxhdGl2ZTsiPg0KICAgICAgPHNvdXJjZSBzcmM9Imh0dHBzOi8vd3d3Lm56em9uZS5jaC93cC1jb250ZW50L3VwbG9hZHMvMjAyNC8xMC9Qb2RjYXN0LUhlYWRlci1zdy5tcDQiIHR5cGU9dmlkZW8vbXA0Pg0KPC92aWRlbz4=[\/vc_raw_html][vc_empty_space height=\u00a0\u00bb50px\u00a0\u00bb][\/vc_column][\/vc_row][vc_row][vc_column][vc_row_inner][vc_column_inner width=\u00a0\u00bb1\/5&Prime;][\/vc_column_inner][vc_column_inner width=\u00a0\u00bb4\/5&Prime;][vc_custom_heading text=\u00a0\u00bbUSA-Podcast\u00a0\u00bb font_container=\u00a0\u00bbtag:p|font_size:14|text_align:left|color:%23a36552&Prime; use_theme_fonts=\u00a0\u00bbyes\u00a0\u00bb][vc_separator color=\u00a0\u00bbcustom\u00a0\u00bb align=\u00a0\u00bbalign_left\u00a0\u00bb border_width=\u00a0\u00bb2&Prime; el_width=\u00a0\u00bb10&Prime; accent_color=\u00a0\u00bb#a36552&Prime;][vc_empty_space][\/vc_column_inner][\/vc_row_inner][vc_column_text] Le regard analytique sur les Etats-Unis [\/vc_column_text][vc_column_text]Nos h\u00f4tes se penchent sur des questions socialement centrales et donnent la parole \u00e0 des personnes qui n&rsquo;ont pas le temps de vivre le r\u00eave am\u00e9ricain. [&hellip;]","og_url":"https:\/\/www.nzzone.ch\/fr\/roadshow-2024-25-podcast-sur-les-etats-unis\/","og_site_name":"NZZone","article_modified_time":"2024-10-24T12:30:05+00:00","twitter_card":"summary_large_image","twitter_misc":{"Dur\u00e9e de lecture estim\u00e9e":"2 minutes"},"schema":{"@context":"https:\/\/schema.org","@graph":[{"@type":"WebPage","@id":"https:\/\/www.nzzone.ch\/fr\/roadshow-2024-25-podcast-sur-les-etats-unis\/","url":"https:\/\/www.nzzone.ch\/fr\/roadshow-2024-25-podcast-sur-les-etats-unis\/","name":"Roadshow 2024-25 \/ Podcast sur les Etats-Unis - NZZone","isPartOf":{"@id":"https:\/\/www.nzzone.ch\/#website"},"datePublished":"2024-10-24T11:28:18+00:00","dateModified":"2024-10-24T12:30:05+00:00","breadcrumb":{"@id":"https:\/\/www.nzzone.ch\/fr\/roadshow-2024-25-podcast-sur-les-etats-unis\/#breadcrumb"},"inLanguage":"fr-FR","potentialAction":[{"@type":"ReadAction","target":["https:\/\/www.nzzone.ch\/fr\/roadshow-2024-25-podcast-sur-les-etats-unis\/"]}]},{"@type":"BreadcrumbList","@id":"https:\/\/www.nzzone.ch\/fr\/roadshow-2024-25-podcast-sur-les-etats-unis\/#breadcrumb","itemListElement":[{"@type":"ListItem","position":1,"name":"Startseite","item":"https:\/\/www.nzzone.ch\/fr\/"},{"@type":"ListItem","position":2,"name":"Roadshow 2024-25 \/ Podcast sur les Etats-Unis"}]},{"@type":"WebSite","@id":"https:\/\/www.nzzone.ch\/#website","url":"https:\/\/www.nzzone.ch\/","name":"NZZone","description":"premium \u2022 brand \u2022 advertising","publisher":{"@id":"https:\/\/www.nzzone.ch\/#organization"},"potentialAction":[{"@type":"SearchAction","target":{"@type":"EntryPoint","urlTemplate":"https:\/\/www.nzzone.ch\/?s={search_term_string}"},"query-input":{"@type":"PropertyValueSpecification","valueRequired":true,"valueName":"search_term_string"}}],"inLanguage":"fr-FR"},{"@type":"Organization","@id":"https:\/\/www.nzzone.ch\/#organization","name":"NZZone","url":"https:\/\/www.nzzone.ch\/","logo":{"@type":"ImageObject","inLanguage":"fr-FR","@id":"https:\/\/www.nzzone.ch\/#\/schema\/logo\/image\/","url":"https:\/\/www.nzzone.ch\/wp-content\/uploads\/2024\/01\/cropped-NZZ-one-Logo.png","contentUrl":"https:\/\/www.nzzone.ch\/wp-content\/uploads\/2024\/01\/cropped-NZZ-one-Logo.png","width":492,"height":135,"caption":"NZZone"},"image":{"@id":"https:\/\/www.nzzone.ch\/#\/schema\/logo\/image\/"}}]}},"_links":{"self":[{"href":"https:\/\/www.nzzone.ch\/fr\/wp-json\/wp\/v2\/pages\/30758","targetHints":{"allow":["GET"]}}],"collection":[{"href":"https:\/\/www.nzzone.ch\/fr\/wp-json\/wp\/v2\/pages"}],"about":[{"href":"https:\/\/www.nzzone.ch\/fr\/wp-json\/wp\/v2\/types\/page"}],"author":[{"embeddable":true,"href":"https:\/\/www.nzzone.ch\/fr\/wp-json\/wp\/v2\/users\/9"}],"replies":[{"embeddable":true,"href":"https:\/\/www.nzzone.ch\/fr\/wp-json\/wp\/v2\/comments?post=30758"}],"version-history":[{"count":5,"href":"https:\/\/www.nzzone.ch\/fr\/wp-json\/wp\/v2\/pages\/30758\/revisions"}],"predecessor-version":[{"id":30787,"href":"https:\/\/www.nzzone.ch\/fr\/wp-json\/wp\/v2\/pages\/30758\/revisions\/30787"}],"wp:attachment":[{"href":"https:\/\/www.nzzone.ch\/fr\/wp-json\/wp\/v2\/media?parent=30758"}],"curies":[{"name":"wp","href":"https:\/\/api.w.org\/{rel}","templated":true}]}}