{"id":3929,"date":"2021-03-26T18:16:44","date_gmt":"2021-03-26T17:16:44","guid":{"rendered":"https:\/\/www.nzzone.ch\/insights\/"},"modified":"2025-04-08T14:07:14","modified_gmt":"2025-04-08T12:07:14","slug":"insights","status":"publish","type":"page","link":"https:\/\/www.nzzone.ch\/fr\/insights\/","title":{"rendered":"Insights"},"content":{"rendered":"<p>[vc_row full_width=\u00a0\u00bbstretch_row\u00a0\u00bb css=\u00a0\u00bb.vc_custom_1613550599941{background-image: url(https:\/\/www.nzzone.ch\/wp-content\/uploads\/2021\/01\/bitmap.jpg?id=28) !important;background-position: center !important;background-repeat: no-repeat !important;background-size: cover !important;}\u00a0\u00bb][vc_column][vc_raw_html]JTNDZGl2JTIwY2xhc3MlM0QlMjJjb250YWluZXItc3RhcnMlMjIlM0UlM0NkaXYlMjBjbGFzcyUzRCUyMnN0YXJzJTIyJTNFJTNDJTJGZGl2JTNFJTNDZGl2JTIwY2xhc3MlM0QlMjJzdGFyczIlMjIlM0UlM0MlMkZkaXYlM0UlM0NkaXYlMjBjbGFzcyUzRCUyMnN0YXJzMyUyMiUzRSUzQyUyRmRpdiUzRSUzQyUyRmRpdiUzRQ==[\/vc_raw_html][vc_empty_space height=\u00a0\u00bb150px\u00a0\u00bb][\/vc_column][\/vc_row][vc_row][vc_column][vc_empty_space height=\u00a0\u00bb98px\u00a0\u00bb][\/vc_column][\/vc_row][vc_row][vc_column][vc_row_inner][vc_column_inner width=\u00a0\u00bb1\/6&Prime;][\/vc_column_inner][vc_column_inner width=\u00a0\u00bb3\/4&Prime;][vc_custom_heading text=\u00a0\u00bbInsights\u00a0\u00bb font_container=\u00a0\u00bbtag:p|font_size:14|text_align:left|color:%23a36552&Prime; use_theme_fonts=\u00a0\u00bbyes\u00a0\u00bb][vc_separator color=\u00a0\u00bbcustom\u00a0\u00bb align=\u00a0\u00bbalign_left\u00a0\u00bb border_width=\u00a0\u00bb2&Prime; el_width=\u00a0\u00bb10&Prime; accent_color=\u00a0\u00bb#a36552&Prime;][\/vc_column_inner][\/vc_row_inner][vc_row_inner][vc_column_inner width=\u00a0\u00bb4\/5&Prime;][vc_column_text]<\/p>\n<h2>Venons-en au vif du sujet\u2026<\/h2>\n<p>Dans la rubrique Insights, nous vous pr\u00e9sentons r\u00e9guli\u00e8rement les derni\u00e8res nouveaut\u00e9s et d\u00e9couvertes, qu\u2019il s\u2019agisse d\u2019actualit\u00e9s et d\u2019informations dans notre blog, de nos propres \u00e9tudes appuy\u00e9es sur des faits et des chiffres, ou de \u00absuccess stories\u00bb avec nos clients.[\/vc_column_text][\/vc_column_inner][vc_column_inner width=\u00a0\u00bb1\/5&Prime;][\/vc_column_inner][\/vc_row_inner][vc_empty_space][\/vc_column][\/vc_row][vc_row gap=\u00a0\u00bb35&Prime; el_class=\u00a0\u00bbnzz-news-overview-page\u00a0\u00bb][vc_column width=\u00a0\u00bb3\/4&Prime;][vc_basic_grid post_type=\u00a0\u00bbpost\u00a0\u00bb max_items=\u00a0\u00bb-1&Prime; style=\u00a0\u00bbpagination\u00a0\u00bb items_per_page=\u00a0\u00bb8&Prime; show_filter=\u00a0\u00bbyes\u00a0\u00bb element_width=\u00a0\u00bb6&Prime; filter_style=\u00a0\u00bbfilled\u00a0\u00bb filter_align=\u00a0\u00bbleft\u00a0\u00bb filter_color=\u00a0\u00bbwhite\u00a0\u00bb paging_design=\u00a0\u00bbpagination_stripes_dark\u00a0\u00bb paging_color=\u00a0\u00bbblack\u00a0\u00bb loop=\u00a0\u00bbyes\u00a0\u00bb item=\u00a0\u00bb4605&Prime; grid_id=\u00a0\u00bbvc_gid:1744114024951-ab92117e-2845-3&Prime; paging_animation_in=\u00a0\u00bbnone\u00a0\u00bb paging_animation_out=\u00a0\u00bbnone\u00a0\u00bb filter_source=\u00a0\u00bbcategory\u00a0\u00bb][\/vc_column][vc_column width=\u00a0\u00bb1\/4&Prime;][vc_icon color=\u00a0\u00bbwhite\u00a0\u00bb size=\u00a0\u00bbxs\u00a0\u00bb][\/vc_column][\/vc_row]<\/p>\n","protected":false},"excerpt":{"rendered":"<p>[vc_row full_width=\u00a0\u00bbstretch_row\u00a0\u00bb css=\u00a0\u00bb.vc_custom_1613550599941{background-image: url(https:\/\/www.nzzone.ch\/wp-content\/uploads\/2021\/01\/bitmap.jpg?id=28) !important;background-position: center !important;background-repeat: no-repeat !important;background-size: cover !important;}\u00a0\u00bb][vc_column][vc_raw_html]JTNDZGl2JTIwY2xhc3MlM0QlMjJjb250YWluZXItc3RhcnMlMjIlM0UlM0NkaXYlMjBjbGFzcyUzRCUyMnN0YXJzJTIyJTNFJTNDJTJGZGl2JTNFJTNDZGl2JTIwY2xhc3MlM0QlMjJzdGFyczIlMjIlM0UlM0MlMkZkaXYlM0UlM0NkaXYlMjBjbGFzcyUzRCUyMnN0YXJzMyUyMiUzRSUzQyUyRmRpdiUzRSUzQyUyRmRpdiUzRQ==[\/vc_raw_html][vc_empty_space height=\u00a0\u00bb150px\u00a0\u00bb][\/vc_column][\/vc_row][vc_row][vc_column][vc_empty_space height=\u00a0\u00bb98px\u00a0\u00bb][\/vc_column][\/vc_row][vc_row][vc_column][vc_row_inner][vc_column_inner width=\u00a0\u00bb1\/6&Prime;][\/vc_column_inner][vc_column_inner width=\u00a0\u00bb3\/4&Prime;][vc_custom_heading text=\u00a0\u00bbInsights\u00a0\u00bb font_container=\u00a0\u00bbtag:p|font_size:14|text_align:left|color:%23a36552&Prime; use_theme_fonts=\u00a0\u00bbyes\u00a0\u00bb][vc_separator color=\u00a0\u00bbcustom\u00a0\u00bb align=\u00a0\u00bbalign_left\u00a0\u00bb border_width=\u00a0\u00bb2&Prime; el_width=\u00a0\u00bb10&Prime; accent_color=\u00a0\u00bb#a36552&Prime;][\/vc_column_inner][\/vc_row_inner][vc_row_inner][vc_column_inner width=\u00a0\u00bb4\/5&Prime;][vc_column_text] Venons-en au vif du sujet\u2026 Dans la rubrique Insights, nous vous pr\u00e9sentons r\u00e9guli\u00e8rement les derni\u00e8res nouveaut\u00e9s et d\u00e9couvertes, qu\u2019il s\u2019agisse d\u2019actualit\u00e9s et d\u2019informations dans notre blog, de nos propres \u00e9tudes appuy\u00e9es [&hellip;]<\/p>\n","protected":false},"author":1,"featured_media":0,"parent":0,"menu_order":0,"comment_status":"closed","ping_status":"closed","template":"","meta":{"_acf_changed":false,"content-type":"","footnotes":""},"class_list":["post-3929","page","type-page","status-publish","hentry"],"acf":[],"yoast_head":"<!-- This site is optimized with the Yoast SEO plugin v24.4 - https:\/\/yoast.com\/wordpress\/plugins\/seo\/ -->\n<title>Derni\u00e8res nouveaut\u00e9s et d\u00e9couvertes \u2013 NZZone<\/title>\n<meta name=\"description\" content=\"Dans notre blog, tu trouveras des actualit\u00e9s, des \u00e9tudes et des success stories passionnants. Parcours-le d\u00e8s maintenant pour te maintenir au courant des nouveaut\u00e9s.\" \/>\n<meta name=\"robots\" content=\"index, follow, max-snippet:-1, max-image-preview:large, max-video-preview:-1\" \/>\n<link rel=\"canonical\" href=\"https:\/\/www.nzzone.ch\/fr\/insights\/\" \/>\n<meta property=\"og:locale\" content=\"fr_FR\" \/>\n<meta property=\"og:type\" content=\"article\" \/>\n<meta property=\"og:title\" content=\"Derni\u00e8res nouveaut\u00e9s et d\u00e9couvertes \u2013 NZZone\" \/>\n<meta property=\"og:description\" content=\"Dans notre blog, tu trouveras des actualit\u00e9s, des \u00e9tudes et des success stories passionnants. Parcours-le d\u00e8s maintenant pour te maintenir au courant des nouveaut\u00e9s.\" \/>\n<meta property=\"og:url\" content=\"https:\/\/www.nzzone.ch\/fr\/insights\/\" \/>\n<meta property=\"og:site_name\" content=\"NZZone\" \/>\n<meta property=\"article:modified_time\" content=\"2025-04-08T12:07:14+00:00\" \/>\n<meta name=\"twitter:card\" content=\"summary_large_image\" \/>\n<meta name=\"twitter:label1\" content=\"Dur\u00e9e de lecture estim\u00e9e\" \/>\n\t<meta name=\"twitter:data1\" content=\"1 minute\" \/>\n<script type=\"application\/ld+json\" class=\"yoast-schema-graph\">{\"@context\":\"https:\/\/schema.org\",\"@graph\":[{\"@type\":\"WebPage\",\"@id\":\"https:\/\/www.nzzone.ch\/fr\/insights\/\",\"url\":\"https:\/\/www.nzzone.ch\/fr\/insights\/\",\"name\":\"Derni\u00e8res nouveaut\u00e9s et d\u00e9couvertes \u2013 NZZone\",\"isPartOf\":{\"@id\":\"https:\/\/www.nzzone.ch\/#website\"},\"datePublished\":\"2021-03-26T17:16:44+00:00\",\"dateModified\":\"2025-04-08T12:07:14+00:00\",\"description\":\"Dans notre blog, tu trouveras des actualit\u00e9s, des \u00e9tudes et des success stories passionnants. Parcours-le d\u00e8s maintenant pour te maintenir au courant des nouveaut\u00e9s.\",\"breadcrumb\":{\"@id\":\"https:\/\/www.nzzone.ch\/fr\/insights\/#breadcrumb\"},\"inLanguage\":\"fr-FR\",\"potentialAction\":[{\"@type\":\"ReadAction\",\"target\":[\"https:\/\/www.nzzone.ch\/fr\/insights\/\"]}]},{\"@type\":\"BreadcrumbList\",\"@id\":\"https:\/\/www.nzzone.ch\/fr\/insights\/#breadcrumb\",\"itemListElement\":[{\"@type\":\"ListItem\",\"position\":1,\"name\":\"Startseite\",\"item\":\"https:\/\/www.nzzone.ch\/fr\/\"},{\"@type\":\"ListItem\",\"position\":2,\"name\":\"Insights\"}]},{\"@type\":\"WebSite\",\"@id\":\"https:\/\/www.nzzone.ch\/#website\",\"url\":\"https:\/\/www.nzzone.ch\/\",\"name\":\"NZZone\",\"description\":\"premium \u2022 brand \u2022 advertising\",\"publisher\":{\"@id\":\"https:\/\/www.nzzone.ch\/#organization\"},\"potentialAction\":[{\"@type\":\"SearchAction\",\"target\":{\"@type\":\"EntryPoint\",\"urlTemplate\":\"https:\/\/www.nzzone.ch\/?s={search_term_string}\"},\"query-input\":{\"@type\":\"PropertyValueSpecification\",\"valueRequired\":true,\"valueName\":\"search_term_string\"}}],\"inLanguage\":\"fr-FR\"},{\"@type\":\"Organization\",\"@id\":\"https:\/\/www.nzzone.ch\/#organization\",\"name\":\"NZZone\",\"url\":\"https:\/\/www.nzzone.ch\/\",\"logo\":{\"@type\":\"ImageObject\",\"inLanguage\":\"fr-FR\",\"@id\":\"https:\/\/www.nzzone.ch\/#\/schema\/logo\/image\/\",\"url\":\"https:\/\/www.nzzone.ch\/wp-content\/uploads\/2024\/01\/cropped-NZZ-one-Logo.png\",\"contentUrl\":\"https:\/\/www.nzzone.ch\/wp-content\/uploads\/2024\/01\/cropped-NZZ-one-Logo.png\",\"width\":492,\"height\":135,\"caption\":\"NZZone\"},\"image\":{\"@id\":\"https:\/\/www.nzzone.ch\/#\/schema\/logo\/image\/\"}}]}<\/script>\n<!-- \/ Yoast SEO plugin. -->","yoast_head_json":{"title":"Derni\u00e8res nouveaut\u00e9s et d\u00e9couvertes \u2013 NZZone","description":"Dans notre blog, tu trouveras des actualit\u00e9s, des \u00e9tudes et des success stories passionnants. Parcours-le d\u00e8s maintenant pour te maintenir au courant des nouveaut\u00e9s.","robots":{"index":"index","follow":"follow","max-snippet":"max-snippet:-1","max-image-preview":"max-image-preview:large","max-video-preview":"max-video-preview:-1"},"canonical":"https:\/\/www.nzzone.ch\/fr\/insights\/","og_locale":"fr_FR","og_type":"article","og_title":"Derni\u00e8res nouveaut\u00e9s et d\u00e9couvertes \u2013 NZZone","og_description":"Dans notre blog, tu trouveras des actualit\u00e9s, des \u00e9tudes et des success stories passionnants. Parcours-le d\u00e8s maintenant pour te maintenir au courant des nouveaut\u00e9s.","og_url":"https:\/\/www.nzzone.ch\/fr\/insights\/","og_site_name":"NZZone","article_modified_time":"2025-04-08T12:07:14+00:00","twitter_card":"summary_large_image","twitter_misc":{"Dur\u00e9e de lecture estim\u00e9e":"1 minute"},"schema":{"@context":"https:\/\/schema.org","@graph":[{"@type":"WebPage","@id":"https:\/\/www.nzzone.ch\/fr\/insights\/","url":"https:\/\/www.nzzone.ch\/fr\/insights\/","name":"Derni\u00e8res nouveaut\u00e9s et d\u00e9couvertes \u2013 NZZone","isPartOf":{"@id":"https:\/\/www.nzzone.ch\/#website"},"datePublished":"2021-03-26T17:16:44+00:00","dateModified":"2025-04-08T12:07:14+00:00","description":"Dans notre blog, tu trouveras des actualit\u00e9s, des \u00e9tudes et des success stories passionnants. Parcours-le d\u00e8s maintenant pour te maintenir au courant des nouveaut\u00e9s.","breadcrumb":{"@id":"https:\/\/www.nzzone.ch\/fr\/insights\/#breadcrumb"},"inLanguage":"fr-FR","potentialAction":[{"@type":"ReadAction","target":["https:\/\/www.nzzone.ch\/fr\/insights\/"]}]},{"@type":"BreadcrumbList","@id":"https:\/\/www.nzzone.ch\/fr\/insights\/#breadcrumb","itemListElement":[{"@type":"ListItem","position":1,"name":"Startseite","item":"https:\/\/www.nzzone.ch\/fr\/"},{"@type":"ListItem","position":2,"name":"Insights"}]},{"@type":"WebSite","@id":"https:\/\/www.nzzone.ch\/#website","url":"https:\/\/www.nzzone.ch\/","name":"NZZone","description":"premium \u2022 brand \u2022 advertising","publisher":{"@id":"https:\/\/www.nzzone.ch\/#organization"},"potentialAction":[{"@type":"SearchAction","target":{"@type":"EntryPoint","urlTemplate":"https:\/\/www.nzzone.ch\/?s={search_term_string}"},"query-input":{"@type":"PropertyValueSpecification","valueRequired":true,"valueName":"search_term_string"}}],"inLanguage":"fr-FR"},{"@type":"Organization","@id":"https:\/\/www.nzzone.ch\/#organization","name":"NZZone","url":"https:\/\/www.nzzone.ch\/","logo":{"@type":"ImageObject","inLanguage":"fr-FR","@id":"https:\/\/www.nzzone.ch\/#\/schema\/logo\/image\/","url":"https:\/\/www.nzzone.ch\/wp-content\/uploads\/2024\/01\/cropped-NZZ-one-Logo.png","contentUrl":"https:\/\/www.nzzone.ch\/wp-content\/uploads\/2024\/01\/cropped-NZZ-one-Logo.png","width":492,"height":135,"caption":"NZZone"},"image":{"@id":"https:\/\/www.nzzone.ch\/#\/schema\/logo\/image\/"}}]}},"_links":{"self":[{"href":"https:\/\/www.nzzone.ch\/fr\/wp-json\/wp\/v2\/pages\/3929","targetHints":{"allow":["GET"]}}],"collection":[{"href":"https:\/\/www.nzzone.ch\/fr\/wp-json\/wp\/v2\/pages"}],"about":[{"href":"https:\/\/www.nzzone.ch\/fr\/wp-json\/wp\/v2\/types\/page"}],"author":[{"embeddable":true,"href":"https:\/\/www.nzzone.ch\/fr\/wp-json\/wp\/v2\/users\/1"}],"replies":[{"embeddable":true,"href":"https:\/\/www.nzzone.ch\/fr\/wp-json\/wp\/v2\/comments?post=3929"}],"version-history":[{"count":11,"href":"https:\/\/www.nzzone.ch\/fr\/wp-json\/wp\/v2\/pages\/3929\/revisions"}],"predecessor-version":[{"id":33812,"href":"https:\/\/www.nzzone.ch\/fr\/wp-json\/wp\/v2\/pages\/3929\/revisions\/33812"}],"wp:attachment":[{"href":"https:\/\/www.nzzone.ch\/fr\/wp-json\/wp\/v2\/media?parent=3929"}],"curies":[{"name":"wp","href":"https:\/\/api.w.org\/{rel}","templated":true}]}}