{"id":5915,"date":"2021-05-14T14:05:06","date_gmt":"2021-05-14T12:05:06","guid":{"rendered":"https:\/\/www.nzzone.ch\/?page_id=5915"},"modified":"2025-04-08T14:03:49","modified_gmt":"2025-04-08T12:03:49","slug":"about-us","status":"publish","type":"page","link":"https:\/\/www.nzzone.ch\/fr\/company\/about-us\/","title":{"rendered":"About us"},"content":{"rendered":"<p>[vc_row full_width=\u00a0\u00bbstretch_row\u00a0\u00bb css=\u00a0\u00bb.vc_custom_1616696717369{background-color: #000000 !important;background-position: center !important;background-repeat: no-repeat !important;background-size: cover !important;}\u00a0\u00bb][vc_column][vc_raw_html]PGRpdiBjbGFzcz0iY29udGFpbmVyLXN0YXJzIj4NCjxkaXYgY2xhc3M9InN0YXJzIj48L2Rpdj4NCjxkaXYgY2xhc3M9InN0YXJzMiI+PC9kaXY+DQo8ZGl2IGNsYXNzPSJzdGFyczMiPjwvZGl2Pg0KPC9kaXY+[\/vc_raw_html][vc_empty_space height=\u00a0\u00bb150px\u00a0\u00bb][\/vc_column][\/vc_row][vc_row el_id=\u00a0\u00bbaboutus\u00a0\u00bb][vc_column][vc_row_inner][vc_column_inner width=\u00a0\u00bb1\/5&Prime;][\/vc_column_inner][vc_column_inner width=\u00a0\u00bb4\/5&Prime;][vc_custom_heading text=\u00a0\u00bbAbout us\u00a0\u00bb font_container=\u00a0\u00bbtag:p|font_size:16|text_align:left|color:%23a36552&Prime; use_theme_fonts=\u00a0\u00bbyes\u00a0\u00bb][vc_separator color=\u00a0\u00bbcustom\u00a0\u00bb align=\u00a0\u00bbalign_left\u00a0\u00bb border_width=\u00a0\u00bb2&Prime; el_width=\u00a0\u00bb10&Prime; accent_color=\u00a0\u00bb#a36552&Prime;][\/vc_column_inner][\/vc_row_inner][\/vc_column][\/vc_row][vc_row gap=\u00a0\u00bb20&Prime;][vc_column][vc_row_inner][vc_column_inner width=\u00a0\u00bb11\/12&Prime;][vc_column_text]<\/p>\n<h2>NZZone \u2013 premium \u2022 brand \u2022 advertising<\/h2>\n<p>NZZone est l\u2019organisation de marketing alerte, comp\u00e9tente et ax\u00e9e sur le contenu de toutes les marques de la NZZ pour les pr\u00e9sentations des clients dans le segment premium. Elle est sp\u00e9cialis\u00e9e dans les offres verticales dans des domaines pertinents pour des cibles appropri\u00e9es. De plus, NZZone est l\u2019interlocuteur exclusif pour la commercialisation nationale des titres imprim\u00e9s de Le Temps et Corriere del Ticino.[\/vc_column_text][\/vc_column_inner][vc_column_inner width=\u00a0\u00bb1\/12&Prime;][\/vc_column_inner][\/vc_row_inner][vc_row_inner][vc_column_inner width=\u00a0\u00bb11\/12&Prime;][vc_column_text]<strong>D\u00e9claration de mission de la NZZone<\/strong><\/p>\n<p>\u00abEn nous concentrant sur le marketing de contenu et les int\u00e9r\u00eats sp\u00e9cifiques, nous fa\u00e7onnons de mani\u00e8re proactive l\u2019avenir de la publicit\u00e9. Nous souhaitons en effet \u00eatre dans toute la Suisse le partenaire privil\u00e9gi\u00e9 mandat\u00e9 par les annonceurs pour atteindre avec une grande pr\u00e9cision leurs groupes cibles dans le segment premium \u2013 en allemand, mais aussi en fran\u00e7ais, en italien et dans toutes les r\u00e9gions du pays. Le tout en utilisant nos r\u00e9seaux m\u00e9diatiques de renom, nos mondes th\u00e9matiques pertinents, nos plateformes innovantes et parfois m\u00eame des id\u00e9es moins conventionnelles. Nous sommes convaincus qu\u2019une \u00e9quipe tr\u00e8s motiv\u00e9e est non seulement capable de cr\u00e9er une grande valeur ajout\u00e9e pour ses clients, mais qu\u2019elle peut \u00e9galement faire bouger les choses avec eux.\u00bb<\/p>\n<p><strong>Partie de l\u2019entreprise NZZ<\/strong><\/p>\n<p>La <a href=\"https:\/\/unternehmen.nzz.ch\/\" target=\"_blank\" rel=\"noopener\">NZZ<\/a>, bas\u00e9e \u00e0 Zurich, est l\u2019une des plus grandes entreprises priv\u00e9es de m\u00e9dias en Suisse. Elle se concentre sur un journalisme ind\u00e9pendant de haute qualit\u00e9 et repr\u00e9sente des perspectives lib\u00e9rales. Avec ses produits, l\u2019entreprise NZZ offre \u00e0 ses lecteurs\u00a0\/ lectrices et utilisateurs\u00a0\/ utilisatrices une orientation et une inspiration quotidiennes. Outre les deux publications phares \u00abNeue Z\u00fcrcher Zeitung\u00bb (depuis\u00a01780) et \u00abNZZ am Sonntag\u00bb (depuis\u00a02002), il s\u2019agit d\u2019autres titres de presse \u00e9crite et de m\u00e9dias en ligne, de divers formats podcast et TV, de manifestations et de conf\u00e9rences ainsi qu\u2019une s\u00e9rie d\u2019activit\u00e9s transactionnelles.[\/vc_column_text][vc_empty_space][\/vc_column_inner][vc_column_inner width=\u00a0\u00bb1\/12&Prime;][\/vc_column_inner][\/vc_row_inner][\/vc_column][\/vc_row][vc_row full_width=\u00a0\u00bbstretch_row\u00a0\u00bb][vc_column]<div class=\"templatera_shortcode\"><div data-vc-full-width=\"true\" data-vc-full-width-init=\"false\" class=\"vc_row wpb_row vc_row-fluid color-gradient-brownish vc_custom_1617093401652 vc_row-has-fill\"><div class=\"wpb_column vc_column_container vc_col-sm-12\"><div class=\"vc_column-inner\"><div class=\"wpb_wrapper\"><div class=\"vc_row wpb_row vc_inner vc_row-fluid\"><div class=\"wpb_column vc_column_container vc_col-sm-1\/5\"><div class=\"vc_column-inner\"><div class=\"wpb_wrapper\"><div class=\"vc_empty_space\"   style=\"height: 32px\"><span class=\"vc_empty_space_inner\"><\/span><\/div><p style=\"font-size: 16px;color: #ffffff;text-align: left\" class=\"vc_custom_heading\" >Filtre des offres<\/p><div class=\"vc_separator wpb_content_element vc_separator_align_center vc_sep_width_80 vc_sep_border_width_2 vc_sep_pos_align_left vc_separator_no_text\" ><span class=\"vc_sep_holder vc_sep_holder_l\"><span  style=\"border-color:#ffffff;\" class=\"vc_sep_line\"><\/span><\/span><span class=\"vc_sep_holder vc_sep_holder_r\"><span  style=\"border-color:#ffffff;\" class=\"vc_sep_line\"><\/span><\/span>\n<\/div><\/div><\/div><\/div><div class=\"wpb_column vc_column_container vc_col-sm-6\"><div class=\"vc_column-inner\"><div class=\"wpb_wrapper\"><div class=\"vc_empty_space\"   style=\"height: 32px\"><span class=\"vc_empty_space_inner\"><\/span><\/div>\n\t<div class=\"wpb_text_column wpb_content_element  white\" >\n\t\t<div class=\"wpb_wrapper\">\n\t\t\t<h3><strong>Univers NZZ<\/strong><\/h3>\n<p>D\u00e9terminez vos cibles, vos genres et vos segments. Nous vous disons quels formats publicitaires et environnements th\u00e9matiques appropri\u00e9s nous avons \u00e0 proposer, et avec quelles marques de la NZZ.<\/p>\n\n\t\t<\/div>\n\t<\/div>\n<style>.vc_btn3-style-gradient-custom.vc_btn-gradient-btn-69f4fdb7164b6:hover{color: #000000;background-color: #ffffff;border: none;background-position: 100% 0;}<\/style><style>.vc_btn3-style-gradient-custom.vc_btn-gradient-btn-69f4fdb7164b6{color: #000000;border: none;background-color: #ffffff;background-image: -webkit-linear-gradient(left, #ffffff 0%, #ffffff 50%,#ffffff 100%);background-image: linear-gradient(to right, #ffffff 0%, #ffffff 50%,#ffffff 100%);-webkit-transition: all .2s ease-in-out;transition: all .2s ease-in-out;background-size: 200% 100%;}<\/style><div class=\"vc_btn3-container vc_btn3-inline\" ><a data-vc-gradient-1=\"#ffffff\" data-vc-gradient-2=\"#ffffff\" class=\"vc_general vc_btn3 vc_btn3-size-sm vc_btn3-shape-round vc_btn3-style-gradient-custom vc_btn3-icon-right vc_btn-gradient-btn-69f4fdb7164b6\" href=\"\/fr\/offering\/\" title=\"Offering\" target=\"_blank\">Allez-y <i class=\"vc_btn3-icon fas fa-chevron-right\"><\/i><\/a><\/div><\/div><\/div><\/div><div class=\"wpb_column vc_column_container vc_col-sm-3\"><div class=\"vc_column-inner\"><div class=\"wpb_wrapper\">\n\t<div  class=\"wpb_single_image wpb_content_element vc_align_center\">\n\t\t\n\t\t<figure class=\"wpb_wrapper vc_figure\">\n\t\t\t<div class=\"vc_single_image-wrapper   vc_box_border_grey\"><img loading=\"lazy\" decoding=\"async\" width=\"500\" height=\"500\" src=\"https:\/\/www.nzzone.ch\/wp-content\/uploads\/2021\/03\/NZZ_Universum_News-Banner_transp_weiss.png\" class=\"vc_single_image-img attachment-full\" alt=\"\" srcset=\"https:\/\/www.nzzone.ch\/wp-content\/uploads\/2021\/03\/NZZ_Universum_News-Banner_transp_weiss.png 500w, https:\/\/www.nzzone.ch\/wp-content\/uploads\/2021\/03\/NZZ_Universum_News-Banner_transp_weiss-300x300.png 300w, https:\/\/www.nzzone.ch\/wp-content\/uploads\/2021\/03\/NZZ_Universum_News-Banner_transp_weiss-150x150.png 150w\" sizes=\"auto, (max-width: 500px) 100vw, 500px\" \/><\/div>\n\t\t<\/figure>\n\t<\/div>\n<\/div><\/div><\/div><\/div><div class=\"vc_empty_space\"   style=\"height: 32px\"><span class=\"vc_empty_space_inner\"><\/span><\/div><\/div><\/div><\/div><\/div><div class=\"vc_row-full-width vc_clearfix\"><\/div><\/div>[\/vc_column][\/vc_row][vc_row full_width=\u00a0\u00bbstretch_row\u00a0\u00bb css=\u00a0\u00bb.vc_custom_1616589102956{background-color: #eff3f5 !important;}\u00a0\u00bb][vc_column]<div class=\"templatera_shortcode\"><div data-vc-full-width=\"true\" data-vc-full-width-init=\"false\" class=\"vc_row wpb_row vc_row-fluid vc_custom_1614935593480 vc_row-has-fill\"><div class=\"wpb_column vc_column_container vc_col-sm-12\"><div class=\"vc_column-inner\"><div class=\"wpb_wrapper\"><div class=\"vc_row wpb_row vc_inner vc_row-fluid\"><div class=\"wpb_column vc_column_container vc_col-sm-1\/5\"><div class=\"vc_column-inner\"><div class=\"wpb_wrapper\"><\/div><\/div><\/div><div class=\"wpb_column vc_column_container vc_col-sm-6\"><div class=\"vc_column-inner\"><div class=\"wpb_wrapper\"><div class=\"vc_empty_space\"   style=\"height: 32px\"><span class=\"vc_empty_space_inner\"><\/span><\/div>\n\t<div class=\"wpb_text_column wpb_content_element \" >\n\t\t<div class=\"wpb_wrapper\">\n\t\t\t<h3>Abonnement \u00e0 la newsletter<\/h3>\n<p>Avec la Newsletter NZZone, nous vous informons r\u00e9guli\u00e8rement de nos activit\u00e9s et de nos nouveaut\u00e9s.<\/p>\n\n\t\t<\/div>\n\t<\/div>\n<style>.vc_btn3-style-gradient-custom.vc_btn-gradient-btn-69f4fdb7172aa:hover{color: #ffffff;background-color: #a36552;border: none;background-position: 100% 0;}<\/style><style>.vc_btn3-style-gradient-custom.vc_btn-gradient-btn-69f4fdb7172aa{color: #ffffff;border: none;background-color: #a36552;background-image: -webkit-linear-gradient(left, #a36552 0%, #a36552 50%,#a36552 100%);background-image: linear-gradient(to right, #a36552 0%, #a36552 50%,#a36552 100%);-webkit-transition: all .2s ease-in-out;transition: all .2s ease-in-out;background-size: 200% 100%;}<\/style><div class=\"vc_btn3-container vc_btn3-inline\" ><a data-vc-gradient-1=\"#a36552\" data-vc-gradient-2=\"#a36552\" class=\"vc_general vc_btn3 vc_btn3-size-sm vc_btn3-shape-round vc_btn3-style-gradient-custom vc_btn3-icon-right vc_btn-gradient-btn-69f4fdb7172aa\" href=\"\/fr\/newsletter\/\" title=\"Newsletter\" target=\"_blank\">Inscription <i class=\"vc_btn3-icon fas fa-angle-right\"><\/i><\/a><\/div><div class=\"vc_empty_space\"   style=\"height: 32px\"><span class=\"vc_empty_space_inner\"><\/span><\/div><\/div><\/div><\/div><div class=\"wpb_column vc_column_container vc_col-sm-3\"><div class=\"vc_column-inner\"><div class=\"wpb_wrapper\"><\/div><\/div><\/div><\/div><\/div><\/div><\/div><\/div><div class=\"vc_row-full-width vc_clearfix\"><\/div><\/div>[\/vc_column][\/vc_row]<\/p>\n","protected":false},"excerpt":{"rendered":"About us NZZone \u2013 premium \u2022 brand \u2022 advertising NZZone est l\u2019organisation de marketing alerte, comp\u00e9tente et ax\u00e9e sur le contenu de toutes les marques de la NZZ pour les pr\u00e9sentations des clients dans le segment premium. Elle est sp\u00e9cialis\u00e9e dans les offres verticales dans des domaines pertinents pour des cibles appropri\u00e9es. De plus, NZZone [...]","protected":false},"author":9,"featured_media":0,"parent":4576,"menu_order":0,"comment_status":"closed","ping_status":"closed","template":"","meta":{"_acf_changed":false,"content-type":"","footnotes":""},"class_list":["post-5915","page","type-page","status-publish","hentry"],"acf":[],"yoast_head":"<!-- This site is optimized with the Yoast SEO plugin v24.4 - https:\/\/yoast.com\/wordpress\/plugins\/seo\/ -->\n<title>Nos offres pour tes clients \u2013 NZZone<\/title>\n<meta name=\"description\" content=\"Avec NZZone, tu atteins le groupe cible vis\u00e9 dans le segment premium avec une grande pr\u00e9cision. D\u00e9couvre notre organisation marketing. Clique d\u00e8s maintenant.\" \/>\n<meta name=\"robots\" content=\"index, follow, max-snippet:-1, max-image-preview:large, max-video-preview:-1\" \/>\n<link rel=\"canonical\" href=\"https:\/\/www.nzzone.ch\/fr\/company\/about-us\/\" \/>\n<meta property=\"og:locale\" content=\"fr_FR\" \/>\n<meta property=\"og:type\" content=\"article\" \/>\n<meta property=\"og:title\" content=\"Nos offres pour tes clients \u2013 NZZone\" \/>\n<meta property=\"og:description\" content=\"Avec NZZone, tu atteins le groupe cible vis\u00e9 dans le segment premium avec une grande pr\u00e9cision. D\u00e9couvre notre organisation marketing. Clique d\u00e8s maintenant.\" \/>\n<meta property=\"og:url\" content=\"https:\/\/www.nzzone.ch\/fr\/company\/about-us\/\" \/>\n<meta property=\"og:site_name\" content=\"NZZone\" \/>\n<meta property=\"article:modified_time\" content=\"2025-04-08T12:03:49+00:00\" \/>\n<meta name=\"twitter:card\" content=\"summary_large_image\" \/>\n<meta name=\"twitter:label1\" content=\"Dur\u00e9e de lecture estim\u00e9e\" \/>\n\t<meta name=\"twitter:data1\" content=\"2 minutes\" \/>\n<script type=\"application\/ld+json\" class=\"yoast-schema-graph\">{\"@context\":\"https:\/\/schema.org\",\"@graph\":[{\"@type\":\"WebPage\",\"@id\":\"https:\/\/www.nzzone.ch\/fr\/company\/about-us\/\",\"url\":\"https:\/\/www.nzzone.ch\/fr\/company\/about-us\/\",\"name\":\"Nos offres pour tes clients \u2013 NZZone\",\"isPartOf\":{\"@id\":\"https:\/\/www.nzzone.ch\/#website\"},\"datePublished\":\"2021-05-14T12:05:06+00:00\",\"dateModified\":\"2025-04-08T12:03:49+00:00\",\"description\":\"Avec NZZone, tu atteins le groupe cible vis\u00e9 dans le segment premium avec une grande pr\u00e9cision. D\u00e9couvre notre organisation marketing. Clique d\u00e8s maintenant.\",\"breadcrumb\":{\"@id\":\"https:\/\/www.nzzone.ch\/fr\/company\/about-us\/#breadcrumb\"},\"inLanguage\":\"fr-FR\",\"potentialAction\":[{\"@type\":\"ReadAction\",\"target\":[\"https:\/\/www.nzzone.ch\/fr\/company\/about-us\/\"]}]},{\"@type\":\"BreadcrumbList\",\"@id\":\"https:\/\/www.nzzone.ch\/fr\/company\/about-us\/#breadcrumb\",\"itemListElement\":[{\"@type\":\"ListItem\",\"position\":1,\"name\":\"Startseite\",\"item\":\"https:\/\/www.nzzone.ch\/fr\/\"},{\"@type\":\"ListItem\",\"position\":2,\"name\":\"Company\",\"item\":\"https:\/\/www.nzzone.ch\/fr\/company\/\"},{\"@type\":\"ListItem\",\"position\":3,\"name\":\"About us\"}]},{\"@type\":\"WebSite\",\"@id\":\"https:\/\/www.nzzone.ch\/#website\",\"url\":\"https:\/\/www.nzzone.ch\/\",\"name\":\"NZZone\",\"description\":\"premium \u2022 brand \u2022 advertising\",\"publisher\":{\"@id\":\"https:\/\/www.nzzone.ch\/#organization\"},\"potentialAction\":[{\"@type\":\"SearchAction\",\"target\":{\"@type\":\"EntryPoint\",\"urlTemplate\":\"https:\/\/www.nzzone.ch\/?s={search_term_string}\"},\"query-input\":{\"@type\":\"PropertyValueSpecification\",\"valueRequired\":true,\"valueName\":\"search_term_string\"}}],\"inLanguage\":\"fr-FR\"},{\"@type\":\"Organization\",\"@id\":\"https:\/\/www.nzzone.ch\/#organization\",\"name\":\"NZZone\",\"url\":\"https:\/\/www.nzzone.ch\/\",\"logo\":{\"@type\":\"ImageObject\",\"inLanguage\":\"fr-FR\",\"@id\":\"https:\/\/www.nzzone.ch\/#\/schema\/logo\/image\/\",\"url\":\"https:\/\/www.nzzone.ch\/wp-content\/uploads\/2024\/01\/cropped-NZZ-one-Logo.png\",\"contentUrl\":\"https:\/\/www.nzzone.ch\/wp-content\/uploads\/2024\/01\/cropped-NZZ-one-Logo.png\",\"width\":492,\"height\":135,\"caption\":\"NZZone\"},\"image\":{\"@id\":\"https:\/\/www.nzzone.ch\/#\/schema\/logo\/image\/\"}}]}<\/script>\n<!-- \/ Yoast SEO plugin. -->","yoast_head_json":{"title":"Nos offres pour tes clients \u2013 NZZone","description":"Avec NZZone, tu atteins le groupe cible vis\u00e9 dans le segment premium avec une grande pr\u00e9cision. D\u00e9couvre notre organisation marketing. Clique d\u00e8s maintenant.","robots":{"index":"index","follow":"follow","max-snippet":"max-snippet:-1","max-image-preview":"max-image-preview:large","max-video-preview":"max-video-preview:-1"},"canonical":"https:\/\/www.nzzone.ch\/fr\/company\/about-us\/","og_locale":"fr_FR","og_type":"article","og_title":"Nos offres pour tes clients \u2013 NZZone","og_description":"Avec NZZone, tu atteins le groupe cible vis\u00e9 dans le segment premium avec une grande pr\u00e9cision. D\u00e9couvre notre organisation marketing. Clique d\u00e8s maintenant.","og_url":"https:\/\/www.nzzone.ch\/fr\/company\/about-us\/","og_site_name":"NZZone","article_modified_time":"2025-04-08T12:03:49+00:00","twitter_card":"summary_large_image","twitter_misc":{"Dur\u00e9e de lecture estim\u00e9e":"2 minutes"},"schema":{"@context":"https:\/\/schema.org","@graph":[{"@type":"WebPage","@id":"https:\/\/www.nzzone.ch\/fr\/company\/about-us\/","url":"https:\/\/www.nzzone.ch\/fr\/company\/about-us\/","name":"Nos offres pour tes clients \u2013 NZZone","isPartOf":{"@id":"https:\/\/www.nzzone.ch\/#website"},"datePublished":"2021-05-14T12:05:06+00:00","dateModified":"2025-04-08T12:03:49+00:00","description":"Avec NZZone, tu atteins le groupe cible vis\u00e9 dans le segment premium avec une grande pr\u00e9cision. D\u00e9couvre notre organisation marketing. Clique d\u00e8s maintenant.","breadcrumb":{"@id":"https:\/\/www.nzzone.ch\/fr\/company\/about-us\/#breadcrumb"},"inLanguage":"fr-FR","potentialAction":[{"@type":"ReadAction","target":["https:\/\/www.nzzone.ch\/fr\/company\/about-us\/"]}]},{"@type":"BreadcrumbList","@id":"https:\/\/www.nzzone.ch\/fr\/company\/about-us\/#breadcrumb","itemListElement":[{"@type":"ListItem","position":1,"name":"Startseite","item":"https:\/\/www.nzzone.ch\/fr\/"},{"@type":"ListItem","position":2,"name":"Company","item":"https:\/\/www.nzzone.ch\/fr\/company\/"},{"@type":"ListItem","position":3,"name":"About us"}]},{"@type":"WebSite","@id":"https:\/\/www.nzzone.ch\/#website","url":"https:\/\/www.nzzone.ch\/","name":"NZZone","description":"premium \u2022 brand \u2022 advertising","publisher":{"@id":"https:\/\/www.nzzone.ch\/#organization"},"potentialAction":[{"@type":"SearchAction","target":{"@type":"EntryPoint","urlTemplate":"https:\/\/www.nzzone.ch\/?s={search_term_string}"},"query-input":{"@type":"PropertyValueSpecification","valueRequired":true,"valueName":"search_term_string"}}],"inLanguage":"fr-FR"},{"@type":"Organization","@id":"https:\/\/www.nzzone.ch\/#organization","name":"NZZone","url":"https:\/\/www.nzzone.ch\/","logo":{"@type":"ImageObject","inLanguage":"fr-FR","@id":"https:\/\/www.nzzone.ch\/#\/schema\/logo\/image\/","url":"https:\/\/www.nzzone.ch\/wp-content\/uploads\/2024\/01\/cropped-NZZ-one-Logo.png","contentUrl":"https:\/\/www.nzzone.ch\/wp-content\/uploads\/2024\/01\/cropped-NZZ-one-Logo.png","width":492,"height":135,"caption":"NZZone"},"image":{"@id":"https:\/\/www.nzzone.ch\/#\/schema\/logo\/image\/"}}]}},"_links":{"self":[{"href":"https:\/\/www.nzzone.ch\/fr\/wp-json\/wp\/v2\/pages\/5915","targetHints":{"allow":["GET"]}}],"collection":[{"href":"https:\/\/www.nzzone.ch\/fr\/wp-json\/wp\/v2\/pages"}],"about":[{"href":"https:\/\/www.nzzone.ch\/fr\/wp-json\/wp\/v2\/types\/page"}],"author":[{"embeddable":true,"href":"https:\/\/www.nzzone.ch\/fr\/wp-json\/wp\/v2\/users\/9"}],"replies":[{"embeddable":true,"href":"https:\/\/www.nzzone.ch\/fr\/wp-json\/wp\/v2\/comments?post=5915"}],"version-history":[{"count":10,"href":"https:\/\/www.nzzone.ch\/fr\/wp-json\/wp\/v2\/pages\/5915\/revisions"}],"predecessor-version":[{"id":33804,"href":"https:\/\/www.nzzone.ch\/fr\/wp-json\/wp\/v2\/pages\/5915\/revisions\/33804"}],"up":[{"embeddable":true,"href":"https:\/\/www.nzzone.ch\/fr\/wp-json\/wp\/v2\/pages\/4576"}],"wp:attachment":[{"href":"https:\/\/www.nzzone.ch\/fr\/wp-json\/wp\/v2\/media?parent=5915"}],"curies":[{"name":"wp","href":"https:\/\/api.w.org\/{rel}","templated":true}]}}