{"id":5922,"date":"2021-05-14T13:45:55","date_gmt":"2021-05-14T11:45:55","guid":{"rendered":"https:\/\/www.nzzone.ch\/?page_id=5922"},"modified":"2025-04-08T14:14:43","modified_gmt":"2025-04-08T12:14:43","slug":"nzz-content-creation","status":"publish","type":"page","link":"https:\/\/www.nzzone.ch\/fr\/company\/nzz-content-creation\/","title":{"rendered":"NZZ Content Creation"},"content":{"rendered":"<p>[vc_row full_width=\u00a0\u00bbstretch_row\u00a0\u00bb css=\u00a0\u00bb.vc_custom_1616696717369{background-color: #000000 !important;background-position: center !important;background-repeat: no-repeat !important;background-size: cover !important;}\u00a0\u00bb][vc_column][vc_raw_html]PGRpdiBjbGFzcz0iY29udGFpbmVyLXN0YXJzIj4NCjxkaXYgY2xhc3M9InN0YXJzIj48L2Rpdj4NCjxkaXYgY2xhc3M9InN0YXJzMiI+PC9kaXY+DQo8ZGl2IGNsYXNzPSJzdGFyczMiPjwvZGl2Pg0KPC9kaXY+[\/vc_raw_html][vc_empty_space height=\u00a0\u00bb150px\u00a0\u00bb][\/vc_column][\/vc_row][vc_row el_id=\u00a0\u00bbcontent-creation\u00a0\u00bb][vc_column][vc_empty_space][vc_row_inner][vc_column_inner width=\u00a0\u00bb1\/5&Prime;][\/vc_column_inner][vc_column_inner width=\u00a0\u00bb4\/5&Prime;][vc_custom_heading text=\u00a0\u00bbNZZ Content Creation\u00a0\u00bb font_container=\u00a0\u00bbtag:p|font_size:16|text_align:left|color:%23a36552&Prime; use_theme_fonts=\u00a0\u00bbyes\u00a0\u00bb][vc_separator color=\u00a0\u00bbcustom\u00a0\u00bb align=\u00a0\u00bbalign_left\u00a0\u00bb border_width=\u00a0\u00bb2&Prime; el_width=\u00a0\u00bb10&Prime; accent_color=\u00a0\u00bb#a36552&Prime;][\/vc_column_inner][\/vc_row_inner][\/vc_column][\/vc_row][vc_row gap=\u00a0\u00bb20&Prime;][vc_column][vc_row_inner gap=\u00a0\u00bb15&Prime;][vc_column_inner width=\u00a0\u00bb11\/12&Prime;][vc_column_text]<\/p>\n<h2>Agence de Corporate-Publishing au sein de la NZZ<\/h2>\n<p>NZZ Content Creation est le prestataire de services interne pour les reportages journalistiques selon les normes de qualit\u00e9 de NZZ et, en tant que tel, l\u2019interface pour les r\u00e9alisations ax\u00e9es sur le contenu de NZZone, audienzz et NZZ Connect.[\/vc_column_text][\/vc_column_inner][vc_column_inner width=\u00a0\u00bb1\/12&Prime;][\/vc_column_inner][\/vc_row_inner][vc_row_inner gap=\u00a0\u00bb15&Prime;][vc_column_inner width=\u00a0\u00bb11\/12&Prime;][vc_column_text]En tant que fournisseur de solutions de communication intelligentes et individuelles, NZZ Content Creation con\u00e7oit et r\u00e9alise des m\u00e9dias d\u2019entreprise qui r\u00e9pondent pr\u00e9cis\u00e9ment aux besoins des cibles vis\u00e9es dans le segment premium et pourvoient aux axes th\u00e9matiques souhait\u00e9s de mani\u00e8re pertinente: papier, en ligne, vid\u00e9os et podcasts \u2013 tout pour constituer une unit\u00e9 contextuelle sur demande. NZZ Content Creation agit en tant que prestataire de services interne pour la NZZ.<\/p>\n<p>Des contenus journalistiques de haute qualit\u00e9, une conception cr\u00e9ative et des technologies innovantes caract\u00e9risent le portefeuille de services largement diversifi\u00e9. Il s\u2019agit notamment de magazines destin\u00e9s aux clients et d\u2019encarts dans les titres de la soci\u00e9t\u00e9 NZZ \u2013 avant tout dans les publications phares \u00abNeue Z\u00fcrcher Zeitung\u00bb et \u00abNZZ am Sonntag\u00bb, mais aussi de publications d\u2019entreprise ind\u00e9pendantes ou de storytelling en ligne, par exemple sous forme de Sponsored Content sur \u00abNZZ.ch\u00bb, \u00abNZZ Bellevue\u00bb et \u00abKMU_today\u00bb, \u00e9galement mis en \u0153uvre sous forme cross-m\u00e9dia dans les titres de presse \u00e9crite appropri\u00e9s.<\/p>\n<p>Notre gamme de services de gestion de projets va de la conception et du design \u00e0 la production et la distribution, en passant par la r\u00e9daction et la relecture. Nos solutions de contenu sur mesure peuvent \u00eatre distribu\u00e9es via l\u2019univers de la marque NZZ ainsi que via des canaux sp\u00e9cifiques aux clients, naturellement int\u00e9gr\u00e9s dans les offres verticales et les plateformes innovantes de NZZone. Gr\u00e2ce \u00e0 son expertise en mati\u00e8re de contenu, NZZ Content Creation est un partenaire et un consultant recherch\u00e9 dans le domaine de la communication strat\u00e9gique des marques.[\/vc_column_text][vc_empty_space][\/vc_column_inner][vc_column_inner width=\u00a0\u00bb1\/12&Prime;][\/vc_column_inner][\/vc_row_inner][\/vc_column][\/vc_row][vc_row full_width=\u00a0\u00bbstretch_row_content_no_spaces\u00a0\u00bb][vc_column][vc_row_inner equal_height=\u00a0\u00bbyes\u00a0\u00bb content_placement=\u00a0\u00bbbottom\u00a0\u00bb][vc_column_inner width=\u00a0\u00bb1\/3&Prime; css=\u00a0\u00bb.vc_custom_1617084158312{background-image: url(https:\/\/www.nzzone.ch\/wp-content\/uploads\/2021\/03\/Gruppe-279.png?id=4781) !important;background-position: center !important;background-repeat: no-repeat !important;background-size: cover !important;}\u00a0\u00bb][vc_empty_space height=\u00a0\u00bb405px\u00a0\u00bb][vc_icon type=\u00a0\u00bbmaterial\u00a0\u00bb icon_material=\u00a0\u00bbvc-material vc-material-arrow_forward\u00a0\u00bb color=\u00a0\u00bbcustom\u00a0\u00bb size=\u00a0\u00bbsm\u00a0\u00bb align=\u00a0\u00bbright\u00a0\u00bb custom_color=\u00a0\u00bb#ffffff\u00a0\u00bb link=\u00a0\u00bburl:https%3A%2F%2Fyoutu.be%2FGX0I_GeJsfk|target:_blank\u00a0\u00bb css=\u00a0\u00bb.vc_custom_1617084375970{margin-bottom: 12px !important;padding-right: 12px !important;}\u00a0\u00bb][\/vc_column_inner][vc_column_inner width=\u00a0\u00bb1\/3&Prime; css=\u00a0\u00bb.vc_custom_1616416774302{background-image: url(https:\/\/www.nzzone.ch\/wp-content\/uploads\/2021\/03\/Komponente-6-\u2013-1@2x.png?id=2149) !important;background-position: center !important;background-repeat: no-repeat !important;background-size: cover !important;}\u00a0\u00bb][vc_empty_space height=\u00a0\u00bb405px\u00a0\u00bb][vc_icon type=\u00a0\u00bbmaterial\u00a0\u00bb icon_material=\u00a0\u00bbvc-material vc-material-arrow_forward\u00a0\u00bb color=\u00a0\u00bbcustom\u00a0\u00bb size=\u00a0\u00bbsm\u00a0\u00bb align=\u00a0\u00bbright\u00a0\u00bb custom_color=\u00a0\u00bb#000000&Prime; link=\u00a0\u00bburl:https%3A%2F%2Fwww.nzz.ch%2Fsponsored-content%2Fauch-in-der-philanthropie-muessen-wir-dieumwelt-konsequent-miteinbeziehen-ld.1592957|target:_blank\u00a0\u00bb css=\u00a0\u00bb.vc_custom_1617084408677{margin-bottom: 12px !important;padding-right: 12px !important;}\u00a0\u00bb][\/vc_column_inner][vc_column_inner width=\u00a0\u00bb1\/3&Prime; css=\u00a0\u00bb.vc_custom_1617084175068{background-image: url(https:\/\/www.nzzone.ch\/wp-content\/uploads\/2021\/03\/Gruppe-277.png?id=4787) !important;background-position: center !important;background-repeat: no-repeat !important;background-size: cover !important;}\u00a0\u00bb][vc_empty_space height=\u00a0\u00bb405px\u00a0\u00bb][vc_icon type=\u00a0\u00bbmaterial\u00a0\u00bb icon_material=\u00a0\u00bbvc-material vc-material-arrow_forward\u00a0\u00bb color=\u00a0\u00bbcustom\u00a0\u00bb size=\u00a0\u00bbsm\u00a0\u00bb align=\u00a0\u00bbright\u00a0\u00bb custom_color=\u00a0\u00bb#ffffff\u00a0\u00bb link=\u00a0\u00bburl:https%3A%2F%2Fbellevue.nzz.ch%2Fsponsored-content%2Fkleiderpflege-neu-gedacht-der-umwelt-zuliebe-ld.1596160|target:_blank\u00a0\u00bb css=\u00a0\u00bb.vc_custom_1617084425918{margin-bottom: 12px !important;padding-right: 12px !important;}\u00a0\u00bb][\/vc_column_inner][\/vc_row_inner][vc_row_inner equal_height=\u00a0\u00bbyes\u00a0\u00bb content_placement=\u00a0\u00bbbottom\u00a0\u00bb][vc_column_inner width=\u00a0\u00bb2\/3&Prime; css=\u00a0\u00bb.vc_custom_1617084184571{background-image: url(https:\/\/www.nzzone.ch\/wp-content\/uploads\/2021\/03\/Gruppe-282.png?id=4772) !important;background-position: center !important;background-repeat: no-repeat !important;background-size: cover !important;}\u00a0\u00bb][vc_empty_space height=\u00a0\u00bb570px\u00a0\u00bb][vc_icon type=\u00a0\u00bbmaterial\u00a0\u00bb icon_material=\u00a0\u00bbvc-material vc-material-arrow_forward\u00a0\u00bb color=\u00a0\u00bbcustom\u00a0\u00bb size=\u00a0\u00bbsm\u00a0\u00bb align=\u00a0\u00bbright\u00a0\u00bb custom_color=\u00a0\u00bb#000000&Prime; link=\u00a0\u00bburl:https%3A%2F%2Fissuu.com%2Fnzzcontentsolutions%2Fdocs%2Fnzz_cc_km_schweiz_tourismus_2020_2_de|target:_blank\u00a0\u00bb css=\u00a0\u00bb.vc_custom_1617084452633{margin-bottom: 12px !important;padding-right: 12px !important;}\u00a0\u00bb][\/vc_column_inner][vc_column_inner width=\u00a0\u00bb1\/3&Prime; css=\u00a0\u00bb.vc_custom_1617084196851{background-image: url(https:\/\/www.nzzone.ch\/wp-content\/uploads\/2021\/03\/Gruppe-276.png?id=4790) !important;background-position: center !important;background-repeat: no-repeat !important;background-size: cover !important;}\u00a0\u00bb][vc_empty_space height=\u00a0\u00bb570px\u00a0\u00bb][vc_icon type=\u00a0\u00bbmaterial\u00a0\u00bb icon_material=\u00a0\u00bbvc-material vc-material-arrow_forward\u00a0\u00bb color=\u00a0\u00bbcustom\u00a0\u00bb size=\u00a0\u00bbsm\u00a0\u00bb align=\u00a0\u00bbright\u00a0\u00bb custom_color=\u00a0\u00bb#ffffff\u00a0\u00bb link=\u00a0\u00bburl:https%3A%2F%2Fissuu.com%2Fnzzcontentsolutions%2Fdocs%2Fseite_48_nzz_am_sonntag_2021-03-07|target:_blank\u00a0\u00bb css=\u00a0\u00bb.vc_custom_1617084471595{margin-bottom: 12px !important;padding-right: 12px !important;}\u00a0\u00bb][\/vc_column_inner][\/vc_row_inner][vc_row_inner equal_height=\u00a0\u00bbyes\u00a0\u00bb content_placement=\u00a0\u00bbbottom\u00a0\u00bb][vc_column_inner width=\u00a0\u00bb5\/12&Prime; css=\u00a0\u00bb.vc_custom_1617084207305{background-image: url(https:\/\/www.nzzone.ch\/wp-content\/uploads\/2021\/03\/Gruppe-280.png?id=4778) !important;background-position: center !important;background-repeat: no-repeat !important;background-size: cover !important;}\u00a0\u00bb][vc_empty_space height=\u00a0\u00bb305px\u00a0\u00bb][vc_icon type=\u00a0\u00bbmaterial\u00a0\u00bb icon_material=\u00a0\u00bbvc-material vc-material-arrow_forward\u00a0\u00bb color=\u00a0\u00bbcustom\u00a0\u00bb size=\u00a0\u00bbsm\u00a0\u00bb align=\u00a0\u00bbright\u00a0\u00bb custom_color=\u00a0\u00bb#ffffff\u00a0\u00bb link=\u00a0\u00bburl:https%3A%2F%2Fissuu.com%2Fnzzcontentsolutions%2Fdocs%2Fnzz_cc_vb_nzzone_03_2020_de|target:_blank\u00a0\u00bb css=\u00a0\u00bb.vc_custom_1617192645052{margin-bottom: 12px !important;padding-right: 12px !important;}\u00a0\u00bb][\/vc_column_inner][vc_column_inner width=\u00a0\u00bb3\/12&Prime; css=\u00a0\u00bb.vc_custom_1617084219035{background-image: url(https:\/\/www.nzzone.ch\/wp-content\/uploads\/2021\/03\/Gruppe-281.png?id=4775) !important;background-position: center !important;background-repeat: no-repeat !important;background-size: cover !important;}\u00a0\u00bb][vc_empty_space height=\u00a0\u00bb305px\u00a0\u00bb][vc_icon type=\u00a0\u00bbmaterial\u00a0\u00bb icon_material=\u00a0\u00bbvc-material vc-material-arrow_forward\u00a0\u00bb color=\u00a0\u00bbcustom\u00a0\u00bb size=\u00a0\u00bbsm\u00a0\u00bb align=\u00a0\u00bbright\u00a0\u00bb custom_color=\u00a0\u00bb#ffffff\u00a0\u00bb link=\u00a0\u00bburl:https%3A%2F%2Fissuu.com%2Fnzzcontentsolutions%2Fdocs%2Fseite_28_nzz_am_sonntag_2021-03-28|target:_blank\u00a0\u00bb css=\u00a0\u00bb.vc_custom_1617192667666{margin-bottom: 12px !important;padding-right: 12px !important;}\u00a0\u00bb][\/vc_column_inner][vc_column_inner width=\u00a0\u00bb4\/12&Prime; css=\u00a0\u00bb.vc_custom_1617084243015{background-image: url(https:\/\/www.nzzone.ch\/wp-content\/uploads\/2021\/03\/Gruppe-275.png?id=4793) !important;background-position: center !important;background-repeat: no-repeat !important;background-size: cover !important;}\u00a0\u00bb][vc_empty_space height=\u00a0\u00bb305px\u00a0\u00bb][vc_icon type=\u00a0\u00bbmaterial\u00a0\u00bb icon_material=\u00a0\u00bbvc-material vc-material-arrow_forward\u00a0\u00bb color=\u00a0\u00bbcustom\u00a0\u00bb size=\u00a0\u00bbsm\u00a0\u00bb align=\u00a0\u00bbright\u00a0\u00bb custom_color=\u00a0\u00bb#000000&Prime; link=\u00a0\u00bburl:https%3A%2F%2Fwww.nzz.ch%2Fthemen-dossiers%2Fzukunft-bauen|target:_blank\u00a0\u00bb css=\u00a0\u00bb.vc_custom_1617192686355{margin-bottom: 12px !important;padding-right: 12px !important;}\u00a0\u00bb][\/vc_column_inner][\/vc_row_inner][\/vc_column][\/vc_row][vc_row css=\u00a0\u00bb.vc_custom_1616486888259{padding-top: 64px !important;padding-bottom: 64px !important;}\u00a0\u00bb][vc_column][vc_row_inner][vc_column_inner width=\u00a0\u00bb1\/6&Prime;][\/vc_column_inner][vc_column_inner width=\u00a0\u00bb2\/3&Prime;][vc_column_text]<\/p>\n<h3 style=\"text-align: center;\">Pas encore suffisant?<\/h3>\n<p style=\"text-align: center;\">Autres r\u00e9f\u00e9rences de NZZ Content Creation: Des r\u00e9alisations sur papier telles que la publication d\u2019encarts et de magazines clients sur <a href=\"https:\/\/issuu.com\/nzzcontentsolutions\">issuu.com<\/a> ou de Sponsored Content sous forme num\u00e9rique sur <a href=\"https:\/\/www.nzz.ch\/branded-content\/sponsored-content\">nzz.ch<\/a>, <a href=\"https:\/\/bellevue.nzz.ch\/sponsored-content\">NZZ Bellevue<\/a> et <a href=\"https:\/\/www.kmutoday.ch\/sponsored-content\">KMU_today<\/a>.<\/p>\n<p>[\/vc_column_text][\/vc_column_inner][vc_column_inner width=\u00a0\u00bb1\/6&Prime;][\/vc_column_inner][\/vc_row_inner][\/vc_column][\/vc_row][vc_row full_width=\u00a0\u00bbstretch_row\u00a0\u00bb css=\u00a0\u00bb.vc_custom_1616589102956{background-color: #eff3f5 !important;}\u00a0\u00bb][vc_column]<div class=\"templatera_shortcode\"><div data-vc-full-width=\"true\" data-vc-full-width-init=\"false\" class=\"vc_row wpb_row vc_row-fluid vc_custom_1614935593480 vc_row-has-fill\"><div class=\"wpb_column vc_column_container vc_col-sm-12\"><div class=\"vc_column-inner\"><div class=\"wpb_wrapper\"><div class=\"vc_row wpb_row vc_inner vc_row-fluid\"><div class=\"wpb_column vc_column_container vc_col-sm-1\/5\"><div class=\"vc_column-inner\"><div class=\"wpb_wrapper\"><\/div><\/div><\/div><div class=\"wpb_column vc_column_container vc_col-sm-6\"><div class=\"vc_column-inner\"><div class=\"wpb_wrapper\"><div class=\"vc_empty_space\"   style=\"height: 32px\"><span class=\"vc_empty_space_inner\"><\/span><\/div>\n\t<div class=\"wpb_text_column wpb_content_element \" >\n\t\t<div class=\"wpb_wrapper\">\n\t\t\t<h3>Abonnement \u00e0 la newsletter<\/h3>\n<p>Avec la Newsletter NZZone, nous vous informons r\u00e9guli\u00e8rement de nos activit\u00e9s et de nos nouveaut\u00e9s.<\/p>\n\n\t\t<\/div>\n\t<\/div>\n<style>.vc_btn3-style-gradient-custom.vc_btn-gradient-btn-69d63e738dabc:hover{color: #ffffff;background-color: #a36552;border: none;background-position: 100% 0;}<\/style><style>.vc_btn3-style-gradient-custom.vc_btn-gradient-btn-69d63e738dabc{color: #ffffff;border: none;background-color: #a36552;background-image: -webkit-linear-gradient(left, #a36552 0%, #a36552 50%,#a36552 100%);background-image: linear-gradient(to right, #a36552 0%, #a36552 50%,#a36552 100%);-webkit-transition: all .2s ease-in-out;transition: all .2s ease-in-out;background-size: 200% 100%;}<\/style><div class=\"vc_btn3-container vc_btn3-inline\" ><a data-vc-gradient-1=\"#a36552\" data-vc-gradient-2=\"#a36552\" class=\"vc_general vc_btn3 vc_btn3-size-sm vc_btn3-shape-round vc_btn3-style-gradient-custom vc_btn3-icon-right vc_btn-gradient-btn-69d63e738dabc\" href=\"\/fr\/newsletter\/\" title=\"Newsletter\" target=\"_blank\">Inscription <i class=\"vc_btn3-icon fas fa-angle-right\"><\/i><\/a><\/div><div class=\"vc_empty_space\"   style=\"height: 32px\"><span class=\"vc_empty_space_inner\"><\/span><\/div><\/div><\/div><\/div><div class=\"wpb_column vc_column_container vc_col-sm-3\"><div class=\"vc_column-inner\"><div class=\"wpb_wrapper\"><\/div><\/div><\/div><\/div><\/div><\/div><\/div><\/div><div class=\"vc_row-full-width vc_clearfix\"><\/div><\/div>[\/vc_column][\/vc_row]<\/p>\n","protected":false},"excerpt":{"rendered":"NZZ Content Creation Agence de Corporate-Publishing au sein de la NZZ NZZ Content Creation est le prestataire de services interne pour les reportages journalistiques selon les normes de qualit\u00e9 de NZZ et, en tant que tel, l\u2019interface pour les r\u00e9alisations ax\u00e9es sur le contenu de NZZone, audienzz et NZZ Connect. En tant que fournisseur de [...]","protected":false},"author":9,"featured_media":0,"parent":4576,"menu_order":0,"comment_status":"closed","ping_status":"closed","template":"","meta":{"_acf_changed":false,"content-type":"","footnotes":""},"class_list":["post-5922","page","type-page","status-publish","hentry"],"acf":[],"yoast_head":"<!-- This site is optimized with the Yoast SEO plugin v24.4 - https:\/\/yoast.com\/wordpress\/plugins\/seo\/ -->\n<title>Note \u00e9quipe Content Creation cr\u00e9e des contenus pour toi \u2013 NZZone<\/title>\n<meta name=\"description\" content=\"Storytelling journalistique selon les normes de qualit\u00e9 NZZ. Nous nous occupons de ta solution de communication personnalis\u00e9e. Cliquez d\u00e8s maintenant pour en savoir plus.\" \/>\n<meta name=\"robots\" content=\"index, follow, max-snippet:-1, max-image-preview:large, max-video-preview:-1\" \/>\n<link rel=\"canonical\" href=\"https:\/\/www.nzzone.ch\/fr\/company\/nzz-content-creation\/\" \/>\n<meta property=\"og:locale\" content=\"fr_FR\" \/>\n<meta property=\"og:type\" content=\"article\" \/>\n<meta property=\"og:title\" content=\"Note \u00e9quipe Content Creation cr\u00e9e des contenus pour toi \u2013 NZZone\" \/>\n<meta property=\"og:description\" content=\"Storytelling journalistique selon les normes de qualit\u00e9 NZZ. Nous nous occupons de ta solution de communication personnalis\u00e9e. Cliquez d\u00e8s maintenant pour en savoir plus.\" \/>\n<meta property=\"og:url\" content=\"https:\/\/www.nzzone.ch\/fr\/company\/nzz-content-creation\/\" \/>\n<meta property=\"og:site_name\" content=\"NZZone\" \/>\n<meta property=\"article:modified_time\" content=\"2025-04-08T12:14:43+00:00\" \/>\n<meta name=\"twitter:card\" content=\"summary_large_image\" \/>\n<meta name=\"twitter:label1\" content=\"Dur\u00e9e de lecture estim\u00e9e\" \/>\n\t<meta name=\"twitter:data1\" content=\"4 minutes\" \/>\n<script type=\"application\/ld+json\" class=\"yoast-schema-graph\">{\"@context\":\"https:\/\/schema.org\",\"@graph\":[{\"@type\":\"WebPage\",\"@id\":\"https:\/\/www.nzzone.ch\/fr\/company\/nzz-content-creation\/\",\"url\":\"https:\/\/www.nzzone.ch\/fr\/company\/nzz-content-creation\/\",\"name\":\"Note \u00e9quipe Content Creation cr\u00e9e des contenus pour toi \u2013 NZZone\",\"isPartOf\":{\"@id\":\"https:\/\/www.nzzone.ch\/#website\"},\"datePublished\":\"2021-05-14T11:45:55+00:00\",\"dateModified\":\"2025-04-08T12:14:43+00:00\",\"description\":\"Storytelling journalistique selon les normes de qualit\u00e9 NZZ. Nous nous occupons de ta solution de communication personnalis\u00e9e. Cliquez d\u00e8s maintenant pour en savoir plus.\",\"breadcrumb\":{\"@id\":\"https:\/\/www.nzzone.ch\/fr\/company\/nzz-content-creation\/#breadcrumb\"},\"inLanguage\":\"fr-FR\",\"potentialAction\":[{\"@type\":\"ReadAction\",\"target\":[\"https:\/\/www.nzzone.ch\/fr\/company\/nzz-content-creation\/\"]}]},{\"@type\":\"BreadcrumbList\",\"@id\":\"https:\/\/www.nzzone.ch\/fr\/company\/nzz-content-creation\/#breadcrumb\",\"itemListElement\":[{\"@type\":\"ListItem\",\"position\":1,\"name\":\"Startseite\",\"item\":\"https:\/\/www.nzzone.ch\/fr\/\"},{\"@type\":\"ListItem\",\"position\":2,\"name\":\"Company\",\"item\":\"https:\/\/www.nzzone.ch\/fr\/company\/\"},{\"@type\":\"ListItem\",\"position\":3,\"name\":\"NZZ Content Creation\"}]},{\"@type\":\"WebSite\",\"@id\":\"https:\/\/www.nzzone.ch\/#website\",\"url\":\"https:\/\/www.nzzone.ch\/\",\"name\":\"NZZone\",\"description\":\"premium \u2022 brand \u2022 advertising\",\"publisher\":{\"@id\":\"https:\/\/www.nzzone.ch\/#organization\"},\"potentialAction\":[{\"@type\":\"SearchAction\",\"target\":{\"@type\":\"EntryPoint\",\"urlTemplate\":\"https:\/\/www.nzzone.ch\/?s={search_term_string}\"},\"query-input\":{\"@type\":\"PropertyValueSpecification\",\"valueRequired\":true,\"valueName\":\"search_term_string\"}}],\"inLanguage\":\"fr-FR\"},{\"@type\":\"Organization\",\"@id\":\"https:\/\/www.nzzone.ch\/#organization\",\"name\":\"NZZone\",\"url\":\"https:\/\/www.nzzone.ch\/\",\"logo\":{\"@type\":\"ImageObject\",\"inLanguage\":\"fr-FR\",\"@id\":\"https:\/\/www.nzzone.ch\/#\/schema\/logo\/image\/\",\"url\":\"https:\/\/www.nzzone.ch\/wp-content\/uploads\/2024\/01\/cropped-NZZ-one-Logo.png\",\"contentUrl\":\"https:\/\/www.nzzone.ch\/wp-content\/uploads\/2024\/01\/cropped-NZZ-one-Logo.png\",\"width\":492,\"height\":135,\"caption\":\"NZZone\"},\"image\":{\"@id\":\"https:\/\/www.nzzone.ch\/#\/schema\/logo\/image\/\"}}]}<\/script>\n<!-- \/ Yoast SEO plugin. -->","yoast_head_json":{"title":"Note \u00e9quipe Content Creation cr\u00e9e des contenus pour toi \u2013 NZZone","description":"Storytelling journalistique selon les normes de qualit\u00e9 NZZ. Nous nous occupons de ta solution de communication personnalis\u00e9e. Cliquez d\u00e8s maintenant pour en savoir plus.","robots":{"index":"index","follow":"follow","max-snippet":"max-snippet:-1","max-image-preview":"max-image-preview:large","max-video-preview":"max-video-preview:-1"},"canonical":"https:\/\/www.nzzone.ch\/fr\/company\/nzz-content-creation\/","og_locale":"fr_FR","og_type":"article","og_title":"Note \u00e9quipe Content Creation cr\u00e9e des contenus pour toi \u2013 NZZone","og_description":"Storytelling journalistique selon les normes de qualit\u00e9 NZZ. Nous nous occupons de ta solution de communication personnalis\u00e9e. Cliquez d\u00e8s maintenant pour en savoir plus.","og_url":"https:\/\/www.nzzone.ch\/fr\/company\/nzz-content-creation\/","og_site_name":"NZZone","article_modified_time":"2025-04-08T12:14:43+00:00","twitter_card":"summary_large_image","twitter_misc":{"Dur\u00e9e de lecture estim\u00e9e":"4 minutes"},"schema":{"@context":"https:\/\/schema.org","@graph":[{"@type":"WebPage","@id":"https:\/\/www.nzzone.ch\/fr\/company\/nzz-content-creation\/","url":"https:\/\/www.nzzone.ch\/fr\/company\/nzz-content-creation\/","name":"Note \u00e9quipe Content Creation cr\u00e9e des contenus pour toi \u2013 NZZone","isPartOf":{"@id":"https:\/\/www.nzzone.ch\/#website"},"datePublished":"2021-05-14T11:45:55+00:00","dateModified":"2025-04-08T12:14:43+00:00","description":"Storytelling journalistique selon les normes de qualit\u00e9 NZZ. Nous nous occupons de ta solution de communication personnalis\u00e9e. Cliquez d\u00e8s maintenant pour en savoir plus.","breadcrumb":{"@id":"https:\/\/www.nzzone.ch\/fr\/company\/nzz-content-creation\/#breadcrumb"},"inLanguage":"fr-FR","potentialAction":[{"@type":"ReadAction","target":["https:\/\/www.nzzone.ch\/fr\/company\/nzz-content-creation\/"]}]},{"@type":"BreadcrumbList","@id":"https:\/\/www.nzzone.ch\/fr\/company\/nzz-content-creation\/#breadcrumb","itemListElement":[{"@type":"ListItem","position":1,"name":"Startseite","item":"https:\/\/www.nzzone.ch\/fr\/"},{"@type":"ListItem","position":2,"name":"Company","item":"https:\/\/www.nzzone.ch\/fr\/company\/"},{"@type":"ListItem","position":3,"name":"NZZ Content Creation"}]},{"@type":"WebSite","@id":"https:\/\/www.nzzone.ch\/#website","url":"https:\/\/www.nzzone.ch\/","name":"NZZone","description":"premium \u2022 brand \u2022 advertising","publisher":{"@id":"https:\/\/www.nzzone.ch\/#organization"},"potentialAction":[{"@type":"SearchAction","target":{"@type":"EntryPoint","urlTemplate":"https:\/\/www.nzzone.ch\/?s={search_term_string}"},"query-input":{"@type":"PropertyValueSpecification","valueRequired":true,"valueName":"search_term_string"}}],"inLanguage":"fr-FR"},{"@type":"Organization","@id":"https:\/\/www.nzzone.ch\/#organization","name":"NZZone","url":"https:\/\/www.nzzone.ch\/","logo":{"@type":"ImageObject","inLanguage":"fr-FR","@id":"https:\/\/www.nzzone.ch\/#\/schema\/logo\/image\/","url":"https:\/\/www.nzzone.ch\/wp-content\/uploads\/2024\/01\/cropped-NZZ-one-Logo.png","contentUrl":"https:\/\/www.nzzone.ch\/wp-content\/uploads\/2024\/01\/cropped-NZZ-one-Logo.png","width":492,"height":135,"caption":"NZZone"},"image":{"@id":"https:\/\/www.nzzone.ch\/#\/schema\/logo\/image\/"}}]}},"_links":{"self":[{"href":"https:\/\/www.nzzone.ch\/fr\/wp-json\/wp\/v2\/pages\/5922","targetHints":{"allow":["GET"]}}],"collection":[{"href":"https:\/\/www.nzzone.ch\/fr\/wp-json\/wp\/v2\/pages"}],"about":[{"href":"https:\/\/www.nzzone.ch\/fr\/wp-json\/wp\/v2\/types\/page"}],"author":[{"embeddable":true,"href":"https:\/\/www.nzzone.ch\/fr\/wp-json\/wp\/v2\/users\/9"}],"replies":[{"embeddable":true,"href":"https:\/\/www.nzzone.ch\/fr\/wp-json\/wp\/v2\/comments?post=5922"}],"version-history":[{"count":3,"href":"https:\/\/www.nzzone.ch\/fr\/wp-json\/wp\/v2\/pages\/5922\/revisions"}],"predecessor-version":[{"id":33815,"href":"https:\/\/www.nzzone.ch\/fr\/wp-json\/wp\/v2\/pages\/5922\/revisions\/33815"}],"up":[{"embeddable":true,"href":"https:\/\/www.nzzone.ch\/fr\/wp-json\/wp\/v2\/pages\/4576"}],"wp:attachment":[{"href":"https:\/\/www.nzzone.ch\/fr\/wp-json\/wp\/v2\/media?parent=5922"}],"curies":[{"name":"wp","href":"https:\/\/api.w.org\/{rel}","templated":true}]}}