{"id":5924,"date":"2021-05-14T13:51:25","date_gmt":"2021-05-14T11:51:25","guid":{"rendered":"https:\/\/www.nzzone.ch\/?page_id=5924"},"modified":"2025-04-08T14:15:35","modified_gmt":"2025-04-08T12:15:35","slug":"tools","status":"publish","type":"page","link":"https:\/\/www.nzzone.ch\/fr\/company\/tools\/","title":{"rendered":"Tools"},"content":{"rendered":"<p>[vc_row full_width=\u00a0\u00bbstretch_row\u00a0\u00bb css=\u00a0\u00bb.vc_custom_1616696717369{background-color: #000000 !important;background-position: center !important;background-repeat: no-repeat !important;background-size: cover !important;}\u00a0\u00bb][vc_column][vc_raw_html]PGRpdiBjbGFzcz0iY29udGFpbmVyLXN0YXJzIj4NCjxkaXYgY2xhc3M9InN0YXJzIj48L2Rpdj4NCjxkaXYgY2xhc3M9InN0YXJzMiI+PC9kaXY+DQo8ZGl2IGNsYXNzPSJzdGFyczMiPjwvZGl2Pg0KPC9kaXY+[\/vc_raw_html][vc_empty_space height=\u00a0\u00bb150px\u00a0\u00bb][\/vc_column][\/vc_row][vc_row full_width=\u00a0\u00bbstretch_row\u00a0\u00bb css=\u00a0\u00bb.vc_custom_1620992927921{padding-top: 64px !important;padding-bottom: 64px !important;}\u00a0\u00bb el_id=\u00a0\u00bbtools\u00a0\u00bb][vc_column][vc_row_inner][vc_column_inner width=\u00a0\u00bb1\/5&Prime;][\/vc_column_inner][vc_column_inner width=\u00a0\u00bb4\/5&Prime;][vc_custom_heading text=\u00a0\u00bbTools\u00a0\u00bb font_container=\u00a0\u00bbtag:p|font_size:16|text_align:left|color:%23a36552&Prime; use_theme_fonts=\u00a0\u00bbyes\u00a0\u00bb][vc_separator color=\u00a0\u00bbcustom\u00a0\u00bb align=\u00a0\u00bbalign_left\u00a0\u00bb border_width=\u00a0\u00bb2&Prime; el_width=\u00a0\u00bb10&Prime; accent_color=\u00a0\u00bb#a36552&Prime;][\/vc_column_inner][\/vc_row_inner][vc_row_inner][vc_column_inner width=\u00a0\u00bb4\/5&Prime;][vc_column_text]<\/p>\n<h2>Faites passer vos annonces vous-m\u00eame en ligne<\/h2>\n<p>NZZone propose de plus en plus de formats publicitaires standardis\u00e9s qui peuvent \u00eatre r\u00e9serv\u00e9s et con\u00e7us directement via les outils correspondants, par exemple de simples annonces texte\u00a0\/ image ou des offres immobili\u00e8res dans la \u00abNZZ Residence\u00bb.[\/vc_column_text][\/vc_column_inner][vc_column_inner width=\u00a0\u00bb1\/5&Prime;][\/vc_column_inner][\/vc_row_inner][vc_row_inner][vc_column_inner width=\u00a0\u00bb1\/3&Prime;][vc_single_image image=\u00a0\u00bb2319&Prime; img_size=\u00a0\u00bbfull\u00a0\u00bb][vc_column_text]<\/p>\n<h3>Portail du deuil<\/h3>\n<p>Sur le portail du deuil de la \u00abNeue Z\u00fcrcher Zeitung\u00bb, de nombreux mod\u00e8les sont disponibles dans l\u2019outil de placement des avis de d\u00e9c\u00e8s.[\/vc_column_text][vc_btn title=\u00a0\u00bbPlus d&rsquo;informations\u00a0\u00bb style=\u00a0\u00bbgradient-custom\u00a0\u00bb gradient_custom_color_1=\u00a0\u00bb#a36552&Prime; gradient_custom_color_2=\u00a0\u00bb#a36552&Prime; shape=\u00a0\u00bbround\u00a0\u00bb size=\u00a0\u00bbsm\u00a0\u00bb align=\u00a0\u00bbleft\u00a0\u00bb i_align=\u00a0\u00bbright\u00a0\u00bb i_icon_fontawesome=\u00a0\u00bbfas fa-chevron-right\u00a0\u00bb add_icon=\u00a0\u00bbtrue\u00a0\u00bb link=\u00a0\u00bburl:https%3A%2F%2Ftrauer.nzz.ch%2F|target:_blank|\u00a0\u00bb][\/vc_column_inner][vc_column_inner width=\u00a0\u00bb1\/3&Prime;][vc_single_image image=\u00a0\u00bb2607&Prime; img_size=\u00a0\u00bbfull\u00a0\u00bb][vc_column_text]<\/p>\n<h3>NZZ Residence<\/h3>\n<p>Vous pouvez saisir facilement vous-m\u00eame les offres immobili\u00e8res dans l\u2019outil du magazine \u00abNZZ Residence\u00bb et les pr\u00e9senter ais\u00e9ment gr\u00e2ce \u00e0 des mod\u00e8les.[\/vc_column_text][vc_btn title=\u00a0\u00bbPlus d&rsquo;informations\u00a0\u00bb style=\u00a0\u00bbgradient-custom\u00a0\u00bb gradient_custom_color_1=\u00a0\u00bb#a36552&Prime; gradient_custom_color_2=\u00a0\u00bb#a36552&Prime; shape=\u00a0\u00bbround\u00a0\u00bb size=\u00a0\u00bbsm\u00a0\u00bb align=\u00a0\u00bbleft\u00a0\u00bb i_align=\u00a0\u00bbright\u00a0\u00bb i_icon_fontawesome=\u00a0\u00bbfas fa-chevron-right\u00a0\u00bb add_icon=\u00a0\u00bbtrue\u00a0\u00bb link=\u00a0\u00bburl:https%3A%2F%2Fwww.nzzone.ch%2Fresidence-immo-anzeigen%2F|title:Residence%20Immo-Anzeigen|target:_blank|\u00a0\u00bb][\/vc_column_inner][\/vc_row_inner][\/vc_column][\/vc_row][vc_row full_width=\u00a0\u00bbstretch_row\u00a0\u00bb css=\u00a0\u00bb.vc_custom_1616589102956{background-color: #eff3f5 !important;}\u00a0\u00bb][vc_column]<div class=\"templatera_shortcode\"><div data-vc-full-width=\"true\" data-vc-full-width-init=\"false\" class=\"vc_row wpb_row vc_row-fluid vc_custom_1614935593480 vc_row-has-fill\"><div class=\"wpb_column vc_column_container vc_col-sm-12\"><div class=\"vc_column-inner\"><div class=\"wpb_wrapper\"><div class=\"vc_row wpb_row vc_inner vc_row-fluid\"><div class=\"wpb_column vc_column_container vc_col-sm-1\/5\"><div class=\"vc_column-inner\"><div class=\"wpb_wrapper\"><\/div><\/div><\/div><div class=\"wpb_column vc_column_container vc_col-sm-6\"><div class=\"vc_column-inner\"><div class=\"wpb_wrapper\"><div class=\"vc_empty_space\"   style=\"height: 32px\"><span class=\"vc_empty_space_inner\"><\/span><\/div>\n\t<div class=\"wpb_text_column wpb_content_element \" >\n\t\t<div class=\"wpb_wrapper\">\n\t\t\t<h3>Abonnement \u00e0 la newsletter<\/h3>\n<p>Avec la Newsletter NZZone, nous vous informons r\u00e9guli\u00e8rement de nos activit\u00e9s et de nos nouveaut\u00e9s.<\/p>\n\n\t\t<\/div>\n\t<\/div>\n<style>.vc_btn3-style-gradient-custom.vc_btn-gradient-btn-69f390b5d67b5:hover{color: #ffffff;background-color: #a36552;border: none;background-position: 100% 0;}<\/style><style>.vc_btn3-style-gradient-custom.vc_btn-gradient-btn-69f390b5d67b5{color: #ffffff;border: none;background-color: #a36552;background-image: -webkit-linear-gradient(left, #a36552 0%, #a36552 50%,#a36552 100%);background-image: linear-gradient(to right, #a36552 0%, #a36552 50%,#a36552 100%);-webkit-transition: all .2s ease-in-out;transition: all .2s ease-in-out;background-size: 200% 100%;}<\/style><div class=\"vc_btn3-container vc_btn3-inline\" ><a data-vc-gradient-1=\"#a36552\" data-vc-gradient-2=\"#a36552\" class=\"vc_general vc_btn3 vc_btn3-size-sm vc_btn3-shape-round vc_btn3-style-gradient-custom vc_btn3-icon-right vc_btn-gradient-btn-69f390b5d67b5\" href=\"\/fr\/newsletter\/\" title=\"Newsletter\" target=\"_blank\">Inscription <i class=\"vc_btn3-icon fas fa-angle-right\"><\/i><\/a><\/div><div class=\"vc_empty_space\"   style=\"height: 32px\"><span class=\"vc_empty_space_inner\"><\/span><\/div><\/div><\/div><\/div><div class=\"wpb_column vc_column_container vc_col-sm-3\"><div class=\"vc_column-inner\"><div class=\"wpb_wrapper\"><\/div><\/div><\/div><\/div><\/div><\/div><\/div><\/div><div class=\"vc_row-full-width vc_clearfix\"><\/div><\/div>[\/vc_column][\/vc_row]<\/p>\n","protected":false},"excerpt":{"rendered":"Tools Faites passer vos annonces vous-m\u00eame en ligne NZZone propose de plus en plus de formats publicitaires standardis\u00e9s qui peuvent \u00eatre r\u00e9serv\u00e9s et con\u00e7us directement via les outils correspondants, par exemple de simples annonces texte\u00a0\/ image ou des offres immobili\u00e8res dans la \u00abNZZ Residence\u00bb. Portail du deuil Sur le portail du deuil de la \u00abNeue [...]","protected":false},"author":9,"featured_media":0,"parent":4576,"menu_order":0,"comment_status":"closed","ping_status":"closed","template":"","meta":{"_acf_changed":false,"content-type":"","footnotes":""},"class_list":["post-5924","page","type-page","status-publish","hentry"],"acf":[],"yoast_head":"<!-- This site is optimized with the Yoast SEO plugin v24.4 - https:\/\/yoast.com\/wordpress\/plugins\/seo\/ -->\n<title>R\u00e9server des annonces texte\u00a0\/ image ou des offres immobili\u00e8res \u2013 NZZone<\/title>\n<meta name=\"description\" content=\"Cr\u00e9e facilement ta publicit\u00e9 en ligne en quelques clics. Tu trouveras ici de plus amples informations sur le portail du deuil NZZ, l\u2019outil OneAd et NZZ Residence.\" \/>\n<meta name=\"robots\" content=\"index, follow, max-snippet:-1, max-image-preview:large, max-video-preview:-1\" \/>\n<link rel=\"canonical\" href=\"https:\/\/www.nzzone.ch\/fr\/company\/tools\/\" \/>\n<meta property=\"og:locale\" content=\"fr_FR\" \/>\n<meta property=\"og:type\" content=\"article\" \/>\n<meta property=\"og:title\" content=\"R\u00e9server des annonces texte\u00a0\/ image ou des offres immobili\u00e8res \u2013 NZZone\" \/>\n<meta property=\"og:description\" content=\"Cr\u00e9e facilement ta publicit\u00e9 en ligne en quelques clics. Tu trouveras ici de plus amples informations sur le portail du deuil NZZ, l\u2019outil OneAd et NZZ Residence.\" \/>\n<meta property=\"og:url\" content=\"https:\/\/www.nzzone.ch\/fr\/company\/tools\/\" \/>\n<meta property=\"og:site_name\" content=\"NZZone\" \/>\n<meta property=\"article:modified_time\" content=\"2025-04-08T12:15:35+00:00\" \/>\n<meta name=\"twitter:card\" content=\"summary_large_image\" \/>\n<meta name=\"twitter:label1\" content=\"Dur\u00e9e de lecture estim\u00e9e\" \/>\n\t<meta name=\"twitter:data1\" content=\"2 minutes\" \/>\n<script type=\"application\/ld+json\" class=\"yoast-schema-graph\">{\"@context\":\"https:\/\/schema.org\",\"@graph\":[{\"@type\":\"WebPage\",\"@id\":\"https:\/\/www.nzzone.ch\/fr\/company\/tools\/\",\"url\":\"https:\/\/www.nzzone.ch\/fr\/company\/tools\/\",\"name\":\"R\u00e9server des annonces texte\u00a0\/ image ou des offres immobili\u00e8res \u2013 NZZone\",\"isPartOf\":{\"@id\":\"https:\/\/www.nzzone.ch\/#website\"},\"datePublished\":\"2021-05-14T11:51:25+00:00\",\"dateModified\":\"2025-04-08T12:15:35+00:00\",\"description\":\"Cr\u00e9e facilement ta publicit\u00e9 en ligne en quelques clics. Tu trouveras ici de plus amples informations sur le portail du deuil NZZ, l\u2019outil OneAd et NZZ Residence.\",\"breadcrumb\":{\"@id\":\"https:\/\/www.nzzone.ch\/fr\/company\/tools\/#breadcrumb\"},\"inLanguage\":\"fr-FR\",\"potentialAction\":[{\"@type\":\"ReadAction\",\"target\":[\"https:\/\/www.nzzone.ch\/fr\/company\/tools\/\"]}]},{\"@type\":\"BreadcrumbList\",\"@id\":\"https:\/\/www.nzzone.ch\/fr\/company\/tools\/#breadcrumb\",\"itemListElement\":[{\"@type\":\"ListItem\",\"position\":1,\"name\":\"Startseite\",\"item\":\"https:\/\/www.nzzone.ch\/fr\/\"},{\"@type\":\"ListItem\",\"position\":2,\"name\":\"Company\",\"item\":\"https:\/\/www.nzzone.ch\/fr\/company\/\"},{\"@type\":\"ListItem\",\"position\":3,\"name\":\"Tools\"}]},{\"@type\":\"WebSite\",\"@id\":\"https:\/\/www.nzzone.ch\/#website\",\"url\":\"https:\/\/www.nzzone.ch\/\",\"name\":\"NZZone\",\"description\":\"premium \u2022 brand \u2022 advertising\",\"publisher\":{\"@id\":\"https:\/\/www.nzzone.ch\/#organization\"},\"potentialAction\":[{\"@type\":\"SearchAction\",\"target\":{\"@type\":\"EntryPoint\",\"urlTemplate\":\"https:\/\/www.nzzone.ch\/?s={search_term_string}\"},\"query-input\":{\"@type\":\"PropertyValueSpecification\",\"valueRequired\":true,\"valueName\":\"search_term_string\"}}],\"inLanguage\":\"fr-FR\"},{\"@type\":\"Organization\",\"@id\":\"https:\/\/www.nzzone.ch\/#organization\",\"name\":\"NZZone\",\"url\":\"https:\/\/www.nzzone.ch\/\",\"logo\":{\"@type\":\"ImageObject\",\"inLanguage\":\"fr-FR\",\"@id\":\"https:\/\/www.nzzone.ch\/#\/schema\/logo\/image\/\",\"url\":\"https:\/\/www.nzzone.ch\/wp-content\/uploads\/2024\/01\/cropped-NZZ-one-Logo.png\",\"contentUrl\":\"https:\/\/www.nzzone.ch\/wp-content\/uploads\/2024\/01\/cropped-NZZ-one-Logo.png\",\"width\":492,\"height\":135,\"caption\":\"NZZone\"},\"image\":{\"@id\":\"https:\/\/www.nzzone.ch\/#\/schema\/logo\/image\/\"}}]}<\/script>\n<!-- \/ Yoast SEO plugin. -->","yoast_head_json":{"title":"R\u00e9server des annonces texte\u00a0\/ image ou des offres immobili\u00e8res \u2013 NZZone","description":"Cr\u00e9e facilement ta publicit\u00e9 en ligne en quelques clics. Tu trouveras ici de plus amples informations sur le portail du deuil NZZ, l\u2019outil OneAd et NZZ Residence.","robots":{"index":"index","follow":"follow","max-snippet":"max-snippet:-1","max-image-preview":"max-image-preview:large","max-video-preview":"max-video-preview:-1"},"canonical":"https:\/\/www.nzzone.ch\/fr\/company\/tools\/","og_locale":"fr_FR","og_type":"article","og_title":"R\u00e9server des annonces texte\u00a0\/ image ou des offres immobili\u00e8res \u2013 NZZone","og_description":"Cr\u00e9e facilement ta publicit\u00e9 en ligne en quelques clics. Tu trouveras ici de plus amples informations sur le portail du deuil NZZ, l\u2019outil OneAd et NZZ Residence.","og_url":"https:\/\/www.nzzone.ch\/fr\/company\/tools\/","og_site_name":"NZZone","article_modified_time":"2025-04-08T12:15:35+00:00","twitter_card":"summary_large_image","twitter_misc":{"Dur\u00e9e de lecture estim\u00e9e":"2 minutes"},"schema":{"@context":"https:\/\/schema.org","@graph":[{"@type":"WebPage","@id":"https:\/\/www.nzzone.ch\/fr\/company\/tools\/","url":"https:\/\/www.nzzone.ch\/fr\/company\/tools\/","name":"R\u00e9server des annonces texte\u00a0\/ image ou des offres immobili\u00e8res \u2013 NZZone","isPartOf":{"@id":"https:\/\/www.nzzone.ch\/#website"},"datePublished":"2021-05-14T11:51:25+00:00","dateModified":"2025-04-08T12:15:35+00:00","description":"Cr\u00e9e facilement ta publicit\u00e9 en ligne en quelques clics. Tu trouveras ici de plus amples informations sur le portail du deuil NZZ, l\u2019outil OneAd et NZZ Residence.","breadcrumb":{"@id":"https:\/\/www.nzzone.ch\/fr\/company\/tools\/#breadcrumb"},"inLanguage":"fr-FR","potentialAction":[{"@type":"ReadAction","target":["https:\/\/www.nzzone.ch\/fr\/company\/tools\/"]}]},{"@type":"BreadcrumbList","@id":"https:\/\/www.nzzone.ch\/fr\/company\/tools\/#breadcrumb","itemListElement":[{"@type":"ListItem","position":1,"name":"Startseite","item":"https:\/\/www.nzzone.ch\/fr\/"},{"@type":"ListItem","position":2,"name":"Company","item":"https:\/\/www.nzzone.ch\/fr\/company\/"},{"@type":"ListItem","position":3,"name":"Tools"}]},{"@type":"WebSite","@id":"https:\/\/www.nzzone.ch\/#website","url":"https:\/\/www.nzzone.ch\/","name":"NZZone","description":"premium \u2022 brand \u2022 advertising","publisher":{"@id":"https:\/\/www.nzzone.ch\/#organization"},"potentialAction":[{"@type":"SearchAction","target":{"@type":"EntryPoint","urlTemplate":"https:\/\/www.nzzone.ch\/?s={search_term_string}"},"query-input":{"@type":"PropertyValueSpecification","valueRequired":true,"valueName":"search_term_string"}}],"inLanguage":"fr-FR"},{"@type":"Organization","@id":"https:\/\/www.nzzone.ch\/#organization","name":"NZZone","url":"https:\/\/www.nzzone.ch\/","logo":{"@type":"ImageObject","inLanguage":"fr-FR","@id":"https:\/\/www.nzzone.ch\/#\/schema\/logo\/image\/","url":"https:\/\/www.nzzone.ch\/wp-content\/uploads\/2024\/01\/cropped-NZZ-one-Logo.png","contentUrl":"https:\/\/www.nzzone.ch\/wp-content\/uploads\/2024\/01\/cropped-NZZ-one-Logo.png","width":492,"height":135,"caption":"NZZone"},"image":{"@id":"https:\/\/www.nzzone.ch\/#\/schema\/logo\/image\/"}}]}},"_links":{"self":[{"href":"https:\/\/www.nzzone.ch\/fr\/wp-json\/wp\/v2\/pages\/5924","targetHints":{"allow":["GET"]}}],"collection":[{"href":"https:\/\/www.nzzone.ch\/fr\/wp-json\/wp\/v2\/pages"}],"about":[{"href":"https:\/\/www.nzzone.ch\/fr\/wp-json\/wp\/v2\/types\/page"}],"author":[{"embeddable":true,"href":"https:\/\/www.nzzone.ch\/fr\/wp-json\/wp\/v2\/users\/9"}],"replies":[{"embeddable":true,"href":"https:\/\/www.nzzone.ch\/fr\/wp-json\/wp\/v2\/comments?post=5924"}],"version-history":[{"count":7,"href":"https:\/\/www.nzzone.ch\/fr\/wp-json\/wp\/v2\/pages\/5924\/revisions"}],"predecessor-version":[{"id":33819,"href":"https:\/\/www.nzzone.ch\/fr\/wp-json\/wp\/v2\/pages\/5924\/revisions\/33819"}],"up":[{"embeddable":true,"href":"https:\/\/www.nzzone.ch\/fr\/wp-json\/wp\/v2\/pages\/4576"}],"wp:attachment":[{"href":"https:\/\/www.nzzone.ch\/fr\/wp-json\/wp\/v2\/media?parent=5924"}],"curies":[{"name":"wp","href":"https:\/\/api.w.org\/{rel}","templated":true}]}}